{"id":1109,"date":"2026-03-18T11:14:35","date_gmt":"2026-03-18T11:14:35","guid":{"rendered":"https:\/\/www.medisinpharma.com\/?page_id=1109"},"modified":"2026-03-29T21:02:05","modified_gmt":"2026-03-29T21:02:05","slug":"hakkimizda","status":"publish","type":"page","link":"https:\/\/www.medisinpharma.com\/ru\/hakkimizda\/","title":{"rendered":"\u041e \u043d\u0430\u0441"},"content":{"rendered":"<div data-elementor-type=\"wp-page\" data-elementor-id=\"1109\" class=\"elementor elementor-1109\">\n\t\t\t\t<div class=\"elementor-element elementor-element-ca30fa6 e-flex e-con-boxed e-con e-parent\" data-id=\"ca30fa6\" data-element_type=\"container\" data-e-type=\"container\" data-settings=\"{&quot;background_background&quot;:&quot;classic&quot;}\">\n\t\t\t\t\t<div class=\"e-con-inner\">\n\t\t\t\t<div class=\"elementor-element elementor-element-b126c14 elementor-widget elementor-widget-heading\" data-id=\"b126c14\" data-element_type=\"widget\" data-e-type=\"widget\" data-widget_type=\"heading.default\">\n\t\t\t\t<div class=\"elementor-widget-container\">\n\t\t\t\t\t<h2 class=\"elementor-heading-title elementor-size-default\">\u041e \u043d\u0430\u0441<\/h2>\t\t\t\t<\/div>\n\t\t\t\t<\/div>\n\t\t\t\t\t<\/div>\n\t\t\t\t<\/div>\n\t\t<div class=\"elementor-element elementor-element-c0d96e3 e-flex e-con-boxed e-con e-parent\" data-id=\"c0d96e3\" data-element_type=\"container\" data-e-type=\"container\" data-settings=\"{&quot;background_background&quot;:&quot;classic&quot;}\">\n\t\t\t\t\t<div class=\"e-con-inner\">\n\t\t\t\t<div class=\"elementor-element elementor-element-267edfa elementor-widget elementor-widget-heading\" data-id=\"267edfa\" data-element_type=\"widget\" data-e-type=\"widget\" data-widget_type=\"heading.default\">\n\t\t\t\t<div class=\"elementor-widget-container\">\n\t\t\t\t\t<span class=\"elementor-heading-title elementor-size-default\">\u0412\u0441\u0451 \u043d\u0430\u0447\u0438\u043d\u0430\u0435\u0442\u0441\u044f \u0441 \u0434\u043e\u0432\u0435\u0440\u0438\u044f!<\/span>\t\t\t\t<\/div>\n\t\t\t\t<\/div>\n\t\t\t\t\t<\/div>\n\t\t\t\t<\/div>\n\t\t<div class=\"elementor-element elementor-element-0404baa e-flex e-con-boxed e-con e-parent\" data-id=\"0404baa\" data-element_type=\"container\" data-e-type=\"container\" data-settings=\"{&quot;background_background&quot;:&quot;classic&quot;}\">\n\t\t\t\t\t<div class=\"e-con-inner\">\n\t\t\t\t<div class=\"elementor-element elementor-element-63dad91 elementor-widget elementor-widget-text-editor\" data-id=\"63dad91\" data-element_type=\"widget\" data-e-type=\"widget\" data-widget_type=\"text-editor.default\">\n\t\t\t\t<div class=\"elementor-widget-container\">\n\t\t\t\t\t\t\t\t\t<h3 data-section-id=\"1n31642\" data-start=\"117\" data-end=\"161\"><span role=\"text\"><strong data-start=\"121\" data-end=\"161\">Medisin: \u0414\u043e\u0432\u0435\u0440\u0438\u0435 \u0438 \u043a\u0430\u0447\u0435\u0441\u0442\u0432\u043e \u0432 \u0437\u0434\u0440\u0430\u0432\u043e\u043e\u0445\u0440\u0430\u043d\u0435\u043d\u0438\u0438<\/strong><\/span><\/h3><p data-start=\"163\" data-end=\"369\">\u041c\u044b \u043d\u0430\u043a\u043e\u043f\u0438\u043b\u0438 \u043c\u043d\u043e\u0433\u043e\u043b\u0435\u0442\u043d\u0438\u0439 \u043e\u043f\u044b\u0442 \u0432 \u0441\u0444\u0435\u0440\u0435 \u0432\u044b\u0441\u0448\u0435\u0433\u043e \u0443\u043f\u0440\u0430\u0432\u043b\u0435\u043d\u0438\u044f, \u043f\u043b\u0430\u043d\u0438\u0440\u043e\u0432\u0430\u043d\u0438\u044f \u043f\u0440\u043e\u0438\u0437\u0432\u043e\u0434\u0441\u0442\u0432\u0430 \u0438 \u0441\u0442\u0440\u0430\u0442\u0435\u0433\u0438\u0447\u0435\u0441\u043a\u043e\u0433\u043e \u043c\u0430\u0440\u043a\u0435\u0442\u0438\u043d\u0433\u0430 \u0432 \u0440\u0430\u0437\u043b\u0438\u0447\u043d\u044b\u0445 \u043e\u0431\u043b\u0430\u0441\u0442\u044f\u0445 \u0441\u0435\u043a\u0442\u043e\u0440\u0430 \u0437\u0434\u0440\u0430\u0432\u043e\u043e\u0445\u0440\u0430\u043d\u0435\u043d\u0438\u044f. <strong data-start=\"309\" data-end=\"332\">\u0424\u0430\u0440\u043c\u0430\u0446\u0435\u0432\u0442\u0438\u0447\u0435\u0441\u043a\u0430\u044f \u043f\u0440\u043e\u043c\u044b\u0448\u043b\u0435\u043d\u043d\u043e\u0441\u0442\u044c Medisin<\/strong> \u041c\u044b \u0441\u043e\u0431\u0440\u0430\u043b\u0438 \u0438\u0445 \u0432\u0441\u0435\u0445 \u043f\u043e\u0434 \u043e\u0434\u043d\u043e\u0439 \u043a\u0440\u044b\u0448\u0435\u0439.<\/p><p data-start=\"371\" data-end=\"696\">\u0411\u043b\u0430\u0433\u043e\u0434\u0430\u0440\u044f \u0441\u043e\u0432\u0440\u0435\u043c\u0435\u043d\u043d\u044b\u043c \u043f\u0440\u043e\u0438\u0437\u0432\u043e\u0434\u0441\u0442\u0432\u0435\u043d\u043d\u044b\u043c \u043c\u043e\u0449\u043d\u043e\u0441\u0442\u044f\u043c, \u043d\u0430\u0443\u0447\u043d\u043e\u043c\u0443 \u043f\u043e\u0434\u0445\u043e\u0434\u0443 \u0438 \u0434\u0438\u043d\u0430\u043c\u0438\u0447\u043d\u043e\u0439 \u043a\u043e\u043c\u0430\u043d\u0434\u0435, \u043c\u044b \u0441\u0442\u0430\u0432\u0438\u043c \u043f\u0435\u0440\u0435\u0434 \u0441\u043e\u0431\u043e\u0439 \u0446\u0435\u043b\u044c \u0441\u043e\u0437\u0434\u0430\u0432\u0430\u0442\u044c \u043d\u0430\u0434\u0435\u0436\u043d\u044b\u0435 \u043f\u0440\u043e\u0434\u0443\u043a\u0442\u044b, \u043a\u043e\u0442\u043e\u0440\u044b\u0435 \u0441\u0442\u0430\u0432\u044f\u0442 \u0432\u043e \u0433\u043b\u0430\u0432\u0443 \u0443\u0433\u043b\u0430 \u0437\u0434\u043e\u0440\u043e\u0432\u044c\u0435 \u0447\u0435\u043b\u043e\u0432\u0435\u043a\u0430 \u0438 \u0441\u043e\u043e\u0442\u0432\u0435\u0442\u0441\u0442\u0432\u0443\u044e\u0442 \u043c\u0438\u0440\u043e\u0432\u044b\u043c \u0441\u0442\u0430\u043d\u0434\u0430\u0440\u0442\u0430\u043c. \u041d\u0430\u0448\u0430 \u0437\u0430\u0434\u0430\u0447\u0430 \u2014 \u0432\u043d\u0438\u043c\u0430\u0442\u0435\u043b\u044c\u043d\u043e \u0441\u043b\u0435\u0434\u0438\u0442\u044c \u0437\u0430 \u043d\u043e\u0432\u0435\u0439\u0448\u0438\u043c\u0438 \u0442\u0435\u0445\u043d\u043e\u043b\u043e\u0433\u0438\u044f\u043c\u0438 \u0432 \u043c\u0435\u0434\u0438\u0446\u0438\u043d\u0441\u043a\u043e\u0439 \u0441\u0444\u0435\u0440\u0435 \u0438 \u043f\u0440\u0435\u0434\u043b\u0430\u0433\u0430\u0442\u044c \u0432\u044b\u0441\u043e\u043a\u043e\u043a\u0430\u0447\u0435\u0441\u0442\u0432\u0435\u043d\u043d\u044b\u0435 \u0440\u0435\u0448\u0435\u043d\u0438\u044f, \u043e\u0431\u043b\u0435\u0433\u0447\u0430\u044e\u0449\u0438\u0435 \u0434\u043e\u0441\u0442\u0443\u043f \u043a \u0437\u0434\u0440\u0430\u0432\u043e\u043e\u0445\u0440\u0430\u043d\u0435\u043d\u0438\u044e \u0434\u043b\u044f \u043d\u0430\u0441\u0435\u043b\u0435\u043d\u0438\u044f.<\/p><hr data-start=\"698\" data-end=\"701\" \/><h3 data-section-id=\"odp8l0\" data-start=\"703\" data-end=\"736\"><span role=\"text\"><strong data-start=\"707\" data-end=\"736\">\u041d\u0430\u0448\u0430 \u043f\u0440\u0438\u0432\u0435\u0440\u0436\u0435\u043d\u043d\u043e\u0441\u0442\u044c \u0431\u0443\u0434\u0443\u0449\u0435\u043c\u0443<\/strong><\/span><\/h3><p data-start=\"738\" data-end=\"994\">\u041c\u044b \u043e\u0441\u043e\u0437\u043d\u0430\u0435\u043c, \u0447\u0442\u043e \u043c\u0435\u0434\u0438\u0446\u0438\u043d\u0441\u043a\u0430\u044f \u043e\u0442\u0440\u0430\u0441\u043b\u044c \u2014 \u044d\u0442\u043e \u043d\u0435 \u0442\u043e\u043b\u044c\u043a\u043e \u043f\u0440\u043e\u0438\u0437\u0432\u043e\u0434\u0441\u0442\u0432\u0435\u043d\u043d\u0430\u044f \u0441\u0444\u0435\u0440\u0430, \u043d\u043e \u0438 \u043e\u0442\u0432\u0435\u0442\u0441\u0442\u0432\u0435\u043d\u043d\u0430\u044f \u0437\u0430 \u0441\u043f\u0430\u0441\u0435\u043d\u0438\u0435 \u0436\u0438\u0437\u043d\u0435\u0439. \u0411\u043b\u0430\u0433\u043e\u0434\u0430\u0440\u044f \u043d\u0430\u0448\u0435\u043c\u0443 \u043e\u0440\u0438\u0435\u043d\u0442\u0438\u0440\u043e\u0432\u0430\u043d\u043d\u043e\u043c\u0443 \u043d\u0430 \u0440\u0435\u0448\u0435\u043d\u0438\u0435 \u043f\u0440\u043e\u0431\u043b\u0435\u043c \u043f\u043e\u0434\u0445\u043e\u0434\u0443, \u043c\u044b \u043f\u043e\u0441\u0442\u0430\u0432\u0438\u043b\u0438 \u043f\u0435\u0440\u0435\u0434 \u0441\u043e\u0431\u043e\u0439 \u0446\u0435\u043b\u044c \u043f\u0440\u0435\u0434\u043e\u0441\u0442\u0430\u0432\u043b\u044f\u0442\u044c \u043d\u0430\u0448\u0438\u043c \u043f\u0430\u0446\u0438\u0435\u043d\u0442\u0430\u043c \u0438 \u0434\u0435\u043b\u043e\u0432\u044b\u043c \u043f\u0430\u0440\u0442\u043d\u0435\u0440\u0430\u043c \u0431\u044b\u0441\u0442\u0440\u044b\u0435, \u044d\u0444\u0444\u0435\u043a\u0442\u0438\u0432\u043d\u044b\u0435 \u0438 \u043d\u0430\u0443\u0447\u043d\u043e \u043e\u0431\u043e\u0441\u043d\u043e\u0432\u0430\u043d\u043d\u044b\u0435 \u0440\u0435\u0448\u0435\u043d\u0438\u044f.<\/p><p data-start=\"996\" data-end=\"1120\">\u041f\u0440\u0438\u0434\u0435\u0440\u0436\u0438\u0432\u0430\u044f\u0441\u044c \u043f\u0440\u0438\u043d\u0446\u0438\u043f\u0430 \u201c\u0440\u0435\u0448\u0435\u043d\u0438\u0435 \u043f\u0440\u043e\u0431\u043b\u0435\u043c\u044b, \u0430 \u043d\u0435 \u043e\u043f\u0440\u0430\u0432\u0434\u0430\u043d\u0438\u044f\u201d \u0432\u043e \u0432\u0441\u0435\u0445 \u043e\u0431\u0441\u0442\u043e\u044f\u0442\u0435\u043b\u044c\u0441\u0442\u0432\u0430\u0445, \u043c\u044b \u0441\u0442\u0440\u0435\u043c\u0438\u043c\u0441\u044f \u0441\u0442\u0430\u0442\u044c \u043d\u0430\u0434\u0435\u0436\u043d\u044b\u043c \u0438 \u0443\u0441\u0442\u043e\u0439\u0447\u0438\u0432\u044b\u043c \u0434\u0435\u043b\u043e\u0432\u044b\u043c \u043f\u0430\u0440\u0442\u043d\u0435\u0440\u043e\u043c.<\/p><hr data-start=\"1122\" data-end=\"1125\" \/><h3 data-section-id=\"eb2v1c\" data-start=\"1127\" data-end=\"1167\"><span role=\"text\"><strong data-start=\"1131\" data-end=\"1167\">\u041c\u044b \u0440\u0430\u0431\u043e\u0442\u0430\u0435\u043c \u043d\u0430\u0434 \u0443\u043b\u0443\u0447\u0448\u0435\u043d\u0438\u0435\u043c \u043a\u0430\u0447\u0435\u0441\u0442\u0432\u0430 \u0432\u0430\u0448\u0435\u0439 \u0436\u0438\u0437\u043d\u0438.<\/strong><\/span><\/h3><p data-start=\"1169\" data-end=\"1398\">\u0414\u043b\u044f \u043d\u0430\u0441 \u043e\u043f\u044b\u0442 \u2014 \u044d\u0442\u043e \u043d\u0435 \u043f\u0440\u043e\u0441\u0442\u043e \u0441\u043f\u043e\u0441\u043e\u0431 \u0441\u043a\u043e\u0440\u043e\u0442\u0430\u0442\u044c \u0432\u0440\u0435\u043c\u044f, \u0430 \u0434\u043e\u0441\u0442\u0438\u0436\u0435\u043d\u0438\u0435 \u0440\u0435\u0437\u0443\u043b\u044c\u0442\u0430\u0442\u043e\u0432, \u043f\u0440\u0438\u043d\u043e\u0441\u044f\u0449\u0438\u0445 \u043f\u043e\u043b\u044c\u0437\u0443 \u043e\u0431\u0449\u0435\u0441\u0442\u0432\u0443. \u041d\u0430\u0448\u0438 \u043a\u043e\u043c\u0430\u043d\u0434\u044b \u044d\u043a\u0441\u043f\u0435\u0440\u0442\u043e\u0432 \u0441\u0442\u0440\u0435\u043c\u044f\u0442\u0441\u044f \u0443\u043b\u0443\u0447\u0448\u0438\u0442\u044c \u043a\u0430\u0447\u0435\u0441\u0442\u0432\u043e \u0432\u0430\u0448\u0435\u0439 \u0436\u0438\u0437\u043d\u0438, \u043f\u0440\u0435\u0434\u043e\u0441\u0442\u0430\u0432\u043b\u044f\u044f \u043d\u0435\u043e\u0431\u0445\u043e\u0434\u0438\u043c\u044b\u0435 \u0432\u0430\u043c \u0440\u0435\u0448\u0435\u043d\u0438\u044f \u0441\u0430\u043c\u044b\u043c \u0431\u044b\u0441\u0442\u0440\u044b\u043c \u0438 \u043d\u0430\u0434\u0435\u0436\u043d\u044b\u043c \u0441\u043f\u043e\u0441\u043e\u0431\u043e\u043c.<\/p><hr data-start=\"1400\" data-end=\"1403\" \/><h3 data-section-id=\"hx3gcq\" data-start=\"1405\" data-end=\"1458\"><span role=\"text\"><strong data-start=\"1409\" data-end=\"1458\">\u041d\u0430\u0434\u0435\u0436\u043d\u044b\u0435 \u0440\u0435\u0448\u0435\u043d\u0438\u044f \u0434\u043b\u044f \u0443\u0441\u0442\u043e\u0439\u0447\u0438\u0432\u043e\u0433\u043e \u0437\u0434\u0440\u0430\u0432\u043e\u043e\u0445\u0440\u0430\u043d\u0435\u043d\u0438\u044f<\/strong><\/span><\/h3><p data-start=\"1460\" data-end=\"1644\">\u041c\u044b \u0433\u0430\u0440\u0430\u043d\u0442\u0438\u0440\u0443\u0435\u043c \u043a\u0430\u0447\u0435\u0441\u0442\u0432\u043e \u043a\u0430\u0436\u0434\u043e\u0433\u043e \u043f\u0440\u043e\u0438\u0437\u0432\u043e\u0434\u0438\u043c\u043e\u0433\u043e \u043d\u0430\u043c\u0438 \u043f\u0440\u043e\u0434\u0443\u043a\u0442\u0430. \u0411\u043b\u0430\u0433\u043e\u0434\u0430\u0440\u044f \u043f\u0440\u043e\u0437\u0440\u0430\u0447\u043d\u043e\u043c\u0443 \u043f\u043e\u0434\u0445\u043e\u0434\u0443 \u043a \u043a\u043e\u043c\u043c\u0443\u043d\u0438\u043a\u0430\u0446\u0438\u0438 \u0438 \u043d\u0435\u043f\u0440\u0435\u0440\u044b\u0432\u043d\u043e\u0439 \u043f\u043e\u0441\u043b\u0435\u043f\u0440\u043e\u0434\u0430\u0436\u043d\u043e\u0439 \u043f\u043e\u0434\u0434\u0435\u0440\u0436\u043a\u0435 \u043c\u044b \u043e\u0431\u0435\u0441\u043f\u0435\u0447\u0438\u0432\u0430\u0435\u043c \u0434\u043e\u0432\u0435\u0440\u0438\u0435 \u0432\u0435\u0437\u0434\u0435, \u0433\u0434\u0435 \u043f\u0440\u0438\u0441\u0443\u0442\u0441\u0442\u0432\u0443\u0435\u0442 \u0431\u0440\u0435\u043d\u0434 Medisin.<\/p><hr data-start=\"1646\" data-end=\"1649\" \/><h3 data-section-id=\"rlo20b\" data-start=\"1651\" data-end=\"1700\"><span role=\"text\"><strong data-start=\"1655\" data-end=\"1700\">\u0414\u043e\u0441\u0442\u0443\u043f\u043d\u043e\u0435 \u0437\u0434\u0440\u0430\u0432\u043e\u043e\u0445\u0440\u0430\u043d\u0435\u043d\u0438\u0435 \u0432 \u0441\u043e\u043e\u0442\u0432\u0435\u0442\u0441\u0442\u0432\u0438\u0438 \u0441 \u043c\u0438\u0440\u043e\u0432\u044b\u043c\u0438 \u0441\u0442\u0430\u043d\u0434\u0430\u0440\u0442\u0430\u043c\u0438<\/strong><\/span><\/h3><p data-start=\"1702\" data-end=\"1936\">\u041c\u044b \u0441\u0447\u0438\u0442\u0430\u0435\u043c, \u0447\u0442\u043e \u043a\u0430\u0436\u0434\u044b\u0439 \u0447\u0435\u043b\u043e\u0432\u0435\u043a \u0438\u043c\u0435\u0435\u0442 \u043f\u0440\u0430\u0432\u043e \u043d\u0430 \u0434\u043e\u0441\u0442\u0443\u043f \u043a \u0432\u044b\u0441\u043e\u043a\u043e\u043a\u0430\u0447\u0435\u0441\u0442\u0432\u0435\u043d\u043d\u044b\u043c \u043c\u0435\u0434\u0438\u0446\u0438\u043d\u0441\u043a\u0438\u043c \u0443\u0441\u043b\u0443\u0433\u0430\u043c. \u041c\u044b \u043f\u0440\u0435\u0434\u043b\u0430\u0433\u0430\u0435\u043c \u043f\u0440\u043e\u0444\u0435\u0441\u0441\u0438\u043e\u043d\u0430\u043b\u044c\u043d\u044b\u0435 \u0440\u0435\u0448\u0435\u043d\u0438\u044f, \u0441\u043e\u0447\u0435\u0442\u0430\u044f \u043c\u0438\u0440\u043e\u0432\u044b\u0435 \u0441\u0442\u0430\u043d\u0434\u0430\u0440\u0442\u044b \u043a\u0430\u0447\u0435\u0441\u0442\u0432\u0430 \u0441 \u043c\u0435\u0441\u0442\u043d\u044b\u043c\u0438 \u043f\u043e\u0442\u0440\u0435\u0431\u043d\u043e\u0441\u0442\u044f\u043c\u0438 \u043d\u0430 \u043a\u0430\u0436\u0434\u043e\u043c \u044d\u0442\u0430\u043f\u0435 \u043f\u0440\u043e\u0438\u0437\u0432\u043e\u0434\u0441\u0442\u0432\u0430, \u043f\u0440\u043e\u0434\u0430\u0436 \u0438 \u0442\u0435\u0445\u043d\u0438\u0447\u0435\u0441\u043a\u043e\u0439 \u043f\u043e\u0434\u0434\u0435\u0440\u0436\u043a\u0438.<\/p><hr data-start=\"1938\" data-end=\"1941\" \/><h3 data-section-id=\"190ajxr\" data-start=\"1943\" data-end=\"1988\"><span role=\"text\"><strong data-start=\"1947\" data-end=\"1988\">\u041f\u0435\u0440\u0435\u0434\u043e\u0432\u044b\u0435 \u0442\u0435\u0445\u043d\u043e\u043b\u043e\u0433\u0438\u0438 \u0438 \u0438\u043d\u043d\u043e\u0432\u0430\u0446\u0438\u0438 \u0432 \u0437\u0434\u0440\u0430\u0432\u043e\u043e\u0445\u0440\u0430\u043d\u0435\u043d\u0438\u0438<\/strong><\/span><\/h3><p data-start=\"1990\" data-end=\"2206\">\u041c\u044b \u043f\u043e\u0441\u0442\u043e\u044f\u043d\u043d\u043e \u0441\u043e\u0432\u0435\u0440\u0448\u0435\u043d\u0441\u0442\u0432\u0443\u0435\u043c \u043d\u0430\u0448\u0438 \u043f\u0440\u043e\u0438\u0437\u0432\u043e\u0434\u0441\u0442\u0432\u0435\u043d\u043d\u044b\u0435 \u043f\u0440\u043e\u0446\u0435\u0441\u0441\u044b \u0438 \u0432\u043d\u0438\u043c\u0430\u0442\u0435\u043b\u044c\u043d\u043e \u0441\u043b\u0435\u0434\u0438\u043c \u0437\u0430 \u0441\u043e\u0432\u0440\u0435\u043c\u0435\u043d\u043d\u044b\u043c\u0438 \u0442\u0435\u0445\u043d\u043e\u043b\u043e\u0433\u0438\u044f\u043c\u0438. \u0411\u043b\u0430\u0433\u043e\u0434\u0430\u0440\u044f \u043d\u0430\u0448\u0435\u0439 \u043e\u043f\u044b\u0442\u043d\u043e\u0439 \u043a\u043e\u043c\u0430\u043d\u0434\u0435, \u043c\u044b \u0441\u043e\u0447\u0435\u0442\u0430\u0435\u043c \u0442\u0440\u0430\u0434\u0438\u0446\u0438\u043e\u043d\u043d\u044b\u0435 \u0437\u043d\u0430\u043d\u0438\u044f \u0441 \u0441\u043e\u0432\u0440\u0435\u043c\u0435\u043d\u043d\u043e\u0439 \u043d\u0430\u0443\u043a\u043e\u0439, \u0447\u0442\u043e\u0431\u044b \u0441\u043e\u0437\u0434\u0430\u0432\u0430\u0442\u044c \u043d\u043e\u0432\u044b\u0435 \u0441\u0442\u0430\u043d\u0434\u0430\u0440\u0442\u044b \u0432 \u0441\u0444\u0435\u0440\u0435 \u0437\u0434\u0440\u0430\u0432\u043e\u043e\u0445\u0440\u0430\u043d\u0435\u043d\u0438\u044f.<\/p>\t\t\t\t\t\t\t\t<\/div>\n\t\t\t\t<\/div>\n\t\t\t\t\t<\/div>\n\t\t\t\t<\/div>\n\t\t\t\t<\/div>","protected":false},"excerpt":{"rendered":"<p>Hakk\u0131m\u0131zda Her \u015eey G\u00fcvenle Ba\u015flar! Medisin ile Sa\u011fl\u0131kta G\u00fcven ve Kalite Sa\u011fl\u0131k sekt\u00f6r\u00fcn\u00fcn farkl\u0131 disiplinlerinde uzun y\u0131llar boyunca edindi\u011fimiz \u00fcst d\u00fczey y\u00f6neticilik, \u00fcretim planlama ve stratejik pazarlama deneyimini Medisin \u0130la\u00e7 Sanayi \u00e7at\u0131s\u0131 alt\u0131nda bir araya getirdik. Modern \u00fcretim tesisimiz, bilimsel yakla\u015f\u0131m\u0131m\u0131z ve dinamik kadromuz ile insan sa\u011fl\u0131\u011f\u0131n\u0131 merkeze alan, k\u00fcresel standartlarda g\u00fcvenilir \u00fcr\u00fcnler \u00fcretme hedefiyle<\/p>\n<a class=\"read-more\" href=\"https:\/\/www.medisinpharma.com\/ru\/hakkimizda\/\">Read More<\/a>","protected":false},"author":1,"featured_media":0,"parent":0,"menu_order":0,"comment_status":"closed","ping_status":"closed","template":"elementor_header_footer","meta":{"footnotes":""},"class_list":["post-1109","page","type-page","status-publish","hentry"],"_links":{"self":[{"href":"https:\/\/www.medisinpharma.com\/ru\/wp-json\/wp\/v2\/pages\/1109","targetHints":{"allow":["GET"]}}],"collection":[{"href":"https:\/\/www.medisinpharma.com\/ru\/wp-json\/wp\/v2\/pages"}],"about":[{"href":"https:\/\/www.medisinpharma.com\/ru\/wp-json\/wp\/v2\/types\/page"}],"author":[{"embeddable":true,"href":"https:\/\/www.medisinpharma.com\/ru\/wp-json\/wp\/v2\/users\/1"}],"replies":[{"embeddable":true,"href":"https:\/\/www.medisinpharma.com\/ru\/wp-json\/wp\/v2\/comments?post=1109"}],"version-history":[{"count":10,"href":"https:\/\/www.medisinpharma.com\/ru\/wp-json\/wp\/v2\/pages\/1109\/revisions"}],"predecessor-version":[{"id":1166,"href":"https:\/\/www.medisinpharma.com\/ru\/wp-json\/wp\/v2\/pages\/1109\/revisions\/1166"}],"wp:attachment":[{"href":"https:\/\/www.medisinpharma.com\/ru\/wp-json\/wp\/v2\/media?parent=1109"}],"curies":[{"name":"wp","href":"https:\/\/api.w.org\/{rel}","templated":true}]}}