{"id":1016,"date":"2026-03-17T21:51:37","date_gmt":"2026-03-17T21:51:37","guid":{"rendered":"https:\/\/www.medisinpharma.com\/?page_id=1016"},"modified":"2026-04-15T16:27:05","modified_gmt":"2026-04-15T16:27:05","slug":"tibbi-cihaz","status":"publish","type":"page","link":"https:\/\/www.medisinpharma.com\/ru\/tibbi-cihaz\/","title":{"rendered":"\u041c\u0435\u0434\u0438\u0446\u0438\u043d\u0441\u043a\u043e\u0435 \u0443\u0441\u0442\u0440\u043e\u0439\u0441\u0442\u0432\u043e"},"content":{"rendered":"<div data-elementor-type=\"wp-page\" data-elementor-id=\"1016\" class=\"elementor elementor-1016\">\n\t\t\t\t<div class=\"elementor-element elementor-element-10d1236 e-flex e-con-boxed e-con e-parent\" data-id=\"10d1236\" data-element_type=\"container\" data-e-type=\"container\" data-settings=\"{&quot;background_background&quot;:&quot;classic&quot;}\">\n\t\t\t\t\t<div class=\"e-con-inner\">\n\t\t\t\t<div class=\"elementor-element elementor-element-878a2b0 elementor-widget elementor-widget-heading\" data-id=\"878a2b0\" data-element_type=\"widget\" data-e-type=\"widget\" data-widget_type=\"heading.default\">\n\t\t\t\t<div class=\"elementor-widget-container\">\n\t\t\t\t\t<h3 class=\"elementor-heading-title elementor-size-default\">| \u041c\u0435\u0434\u0438\u0446\u0438\u043d\u0441\u043a\u043e\u0435 \u0443\u0441\u0442\u0440\u043e\u0439\u0441\u0442\u0432\u043e<\/h3>\t\t\t\t<\/div>\n\t\t\t\t<\/div>\n\t\t\t\t\t<\/div>\n\t\t\t\t<\/div>\n\t\t<div class=\"elementor-element elementor-element-9289a76 e-flex e-con-boxed e-con e-parent\" data-id=\"9289a76\" data-element_type=\"container\" data-e-type=\"container\" data-settings=\"{&quot;background_background&quot;:&quot;classic&quot;}\">\n\t\t\t\t\t<div class=\"e-con-inner\">\n\t\t\t\t<div class=\"elementor-element elementor-element-3110482 elementor-widget elementor-widget-spacer\" data-id=\"3110482\" data-element_type=\"widget\" data-e-type=\"widget\" data-widget_type=\"spacer.default\">\n\t\t\t\t<div class=\"elementor-widget-container\">\n\t\t\t\t\t\t\t<div class=\"elementor-spacer\">\n\t\t\t<div class=\"elementor-spacer-inner\"><\/div>\n\t\t<\/div>\n\t\t\t\t\t\t<\/div>\n\t\t\t\t<\/div>\n\t\t\t\t<div class=\"elementor-element elementor-element-bceec08 elementor-widget elementor-widget-heading\" data-id=\"bceec08\" data-element_type=\"widget\" data-e-type=\"widget\" data-widget_type=\"heading.default\">\n\t\t\t\t<div class=\"elementor-widget-container\">\n\t\t\t\t\t<h3 class=\"elementor-heading-title elementor-size-default\">\u0421\u0442\u0430\u0446\u0438\u043e\u043d\u0430\u0440\u043d\u043e\u0435 \u043b\u0435\u0447\u0435\u043d\u0438\u0435<\/h3>\t\t\t\t<\/div>\n\t\t\t\t<\/div>\n\t\t\t\t<div class=\"elementor-element elementor-element-7a1f6dd elementor-widget elementor-widget-spacer\" data-id=\"7a1f6dd\" data-element_type=\"widget\" data-e-type=\"widget\" data-widget_type=\"spacer.default\">\n\t\t\t\t<div class=\"elementor-widget-container\">\n\t\t\t\t\t\t\t<div class=\"elementor-spacer\">\n\t\t\t<div class=\"elementor-spacer-inner\"><\/div>\n\t\t<\/div>\n\t\t\t\t\t\t<\/div>\n\t\t\t\t<\/div>\n\t\t\t\t<div class=\"elementor-element elementor-element-d05b9d9 elementor-widget elementor-widget-text-editor\" data-id=\"d05b9d9\" data-element_type=\"widget\" data-e-type=\"widget\" data-widget_type=\"text-editor.default\">\n\t\t\t\t<div class=\"elementor-widget-container\">\n\t\t\t\t\t\t\t\t\t<p>\u0421\u0442\u0430\u0446\u0438\u043e\u043d\u0430\u0440\u043d\u043e\u0435 \u043b\u0435\u0447\u0435\u043d\u0438\u0435 \u0432\u043a\u043b\u044e\u0447\u0430\u0435\u0442 \u0432 \u0441\u0435\u0431\u044f \u043d\u0435 \u0442\u043e\u043b\u044c\u043a\u043e \u043c\u0435\u0434\u0438\u0446\u0438\u043d\u0441\u043a\u043e\u0435 \u043b\u0435\u0447\u0435\u043d\u0438\u0435 \u043f\u0430\u0446\u0438\u0435\u043d\u0442\u0430, \u043d\u043e \u0438 \u043e\u0431\u0435\u0441\u043f\u0435\u0447\u0435\u043d\u0438\u0435 \u0435\u0433\u043e \u0444\u0438\u0437\u0438\u0447\u0435\u0441\u043a\u043e\u0433\u043e \u043a\u043e\u043c\u0444\u043e\u0440\u0442\u0430, \u043f\u0438\u0442\u0430\u043d\u0438\u044f \u0438 \u0433\u0438\u0433\u0438\u0435\u043d\u044b.<br \/>\u0426\u0435\u043b\u044c \u0441\u043e\u0441\u0442\u043e\u0438\u0442 \u0432 \u0442\u043e\u043c, \u0447\u0442\u043e\u0431\u044b \u0443\u0434\u043e\u0432\u043b\u0435\u0442\u0432\u043e\u0440\u0438\u0442\u044c \u0438\u0445 \u043f\u043e\u0442\u0440\u0435\u0431\u043d\u043e\u0441\u0442\u0438 \u043d\u0430 \u0441\u0430\u043c\u043e\u043c \u0432\u044b\u0441\u043e\u043a\u043e\u043c \u0443\u0440\u043e\u0432\u043d\u0435. \u0412 \u044d\u0442\u043e\u043c \u043f\u0440\u043e\u0446\u0435\u0441\u0441\u0435 \u043e\u0442\u0441\u043b\u0435\u0436\u0438\u0432\u0430\u044e\u0442\u0441\u044f \u0436\u0438\u0437\u043d\u0435\u043d\u043d\u044b\u0435 \u043f\u043e\u043a\u0430\u0437\u0430\u0442\u0435\u043b\u0438 \u043f\u0430\u0446\u0438\u0435\u043d\u0442\u0430...<br \/>\u0420\u0435\u0433\u0443\u043b\u044f\u0440\u043d\u044b\u0439 \u043c\u043e\u043d\u0438\u0442\u043e\u0440\u0438\u043d\u0433, \u0442\u0449\u0430\u0442\u0435\u043b\u044c\u043d\u044b\u0439 \u043a\u043e\u043d\u0442\u0440\u043e\u043b\u044c \u0437\u0430 \u043f\u0440\u0438\u0435\u043c\u043e\u043c \u043b\u0435\u043a\u0430\u0440\u0441\u0442\u0432 \u0438 \u043f\u0440\u043e\u0444\u0438\u043b\u0430\u043a\u0442\u0438\u043a\u0430 \u043f\u0440\u043e\u043b\u0435\u0436\u043d\u0435\u0439, \u043a\u043e\u0442\u043e\u0440\u044b\u0435 \u043c\u043e\u0433\u0443\u0442 \u0440\u0430\u0437\u0432\u0438\u0442\u044c\u0441\u044f \u0432\u043e \u0432\u0440\u0435\u043c\u044f \u0433\u043e\u0441\u043f\u0438\u0442\u0430\u043b\u0438\u0437\u0430\u0446\u0438\u0438.<br \/>\u041f\u0440\u0435\u0434\u043e\u0442\u0432\u0440\u0430\u0449\u0435\u043d\u0438\u0435 \u043e\u0441\u043b\u043e\u0436\u043d\u0435\u043d\u0438\u0439 \u0438\u043c\u0435\u0435\u0442 \u043f\u0435\u0440\u0432\u043e\u0441\u0442\u0435\u043f\u0435\u043d\u043d\u043e\u0435 \u0437\u043d\u0430\u0447\u0435\u043d\u0438\u0435. \u041f\u0440\u043e\u0444\u0435\u0441\u0441\u0438\u043e\u043d\u0430\u043b\u044c\u043d\u044b\u0435 \u043c\u0435\u0434\u0438\u0446\u0438\u043d\u0441\u043a\u0438\u0435 \u0431\u0440\u0438\u0433\u0430\u0434\u044b \u0434\u043e\u043b\u0436\u043d\u044b \u043e\u043a\u0430\u0437\u044b\u0432\u0430\u0442\u044c \u043f\u0430\u0446\u0438\u0435\u043d\u0442\u0443 \u043f\u043e\u0434\u0434\u0435\u0440\u0436\u043a\u0443 \u043a\u0430\u043a \u0432 \u0444\u0438\u0437\u0438\u0447\u0435\u0441\u043a\u043e\u043c, \u0442\u0430\u043a \u0438 \u0432 \u043f\u0441\u0438\u0445\u0438\u0447\u0435\u0441\u043a\u043e\u043c \u043f\u043b\u0430\u043d\u0435.<br \/>\u042d\u0442\u043e \u0443\u0441\u043a\u043e\u0440\u044f\u0435\u0442 \u043f\u0440\u043e\u0446\u0435\u0441\u0441 \u0432\u044b\u0437\u0434\u043e\u0440\u043e\u0432\u043b\u0435\u043d\u0438\u044f, \u043f\u043e\u0434\u0434\u0435\u0440\u0436\u0438\u0432\u0430\u044f \u043f\u0441\u0438\u0445\u043e\u043b\u043e\u0433\u0438\u0447\u0435\u0441\u043a\u043e\u0435 \u0431\u043b\u0430\u0433\u043e\u043f\u043e\u043b\u0443\u0447\u0438\u0435.<\/p>\t\t\t\t\t\t\t\t<\/div>\n\t\t\t\t<\/div>\n\t\t\t\t\t<\/div>\n\t\t\t\t<\/div>\n\t\t<div class=\"elementor-element elementor-element-3df09e3 e-flex e-con-boxed e-con e-parent\" data-id=\"3df09e3\" data-element_type=\"container\" data-e-type=\"container\" data-settings=\"{&quot;background_background&quot;:&quot;classic&quot;}\">\n\t\t\t\t\t<div class=\"e-con-inner\">\n\t\t<div class=\"elementor-element elementor-element-6183c68 e-con-full e-flex e-con e-child\" data-id=\"6183c68\" data-element_type=\"container\" data-e-type=\"container\">\n\t\t<div class=\"elementor-element elementor-element-15e2ea0 e-con-full e-flex e-con e-child\" data-id=\"15e2ea0\" data-element_type=\"container\" data-e-type=\"container\" data-settings=\"{&quot;background_background&quot;:&quot;classic&quot;}\">\n\t\t\t\t<div class=\"elementor-element elementor-element-6924239 elementor-widget elementor-widget-image\" data-id=\"6924239\" data-element_type=\"widget\" data-e-type=\"widget\" data-widget_type=\"image.default\">\n\t\t\t\t<div class=\"elementor-widget-container\">\n\t\t\t\t\t\t\t\t\t\t\t\t\t\t\t<img fetchpriority=\"high\" decoding=\"async\" width=\"640\" height=\"478\" src=\"https:\/\/www.medisinpharma.com\/wp-content\/uploads\/2026\/03\/bu_gorseli_bana_202603300113-2-1024x765.png\" class=\"attachment-large size-large wp-image-1205\" alt=\"\" srcset=\"https:\/\/www.medisinpharma.com\/wp-content\/uploads\/2026\/03\/bu_gorseli_bana_202603300113-2-1024x765.png 1024w, https:\/\/www.medisinpharma.com\/wp-content\/uploads\/2026\/03\/bu_gorseli_bana_202603300113-2-300x224.png 300w, https:\/\/www.medisinpharma.com\/wp-content\/uploads\/2026\/03\/bu_gorseli_bana_202603300113-2-768x573.png 768w, https:\/\/www.medisinpharma.com\/wp-content\/uploads\/2026\/03\/bu_gorseli_bana_202603300113-2-1536x1147.png 1536w, https:\/\/www.medisinpharma.com\/wp-content\/uploads\/2026\/03\/bu_gorseli_bana_202603300113-2-2048x1529.png 2048w\" sizes=\"(max-width: 640px) 100vw, 640px\" \/>\t\t\t\t\t\t\t\t\t\t\t\t\t\t\t<\/div>\n\t\t\t\t<\/div>\n\t\t\t\t<div class=\"elementor-element elementor-element-e6d84d1 elementor-widget elementor-widget-image\" data-id=\"e6d84d1\" data-element_type=\"widget\" data-e-type=\"widget\" data-widget_type=\"image.default\">\n\t\t\t\t<div class=\"elementor-widget-container\">\n\t\t\t\t\t\t\t\t\t\t\t\t\t\t\t<img decoding=\"async\" src=\"http:\/\/www.medisinpharma.com\/wp-content\/uploads\/sites\/2\/2025\/09\/pexels-wei86_travel-slow-life-31932701-33902245.jpg\" title=\"\" alt=\"\" loading=\"lazy\" \/>\t\t\t\t\t\t\t\t\t\t\t\t\t\t\t<\/div>\n\t\t\t\t<\/div>\n\t\t<div class=\"elementor-element elementor-element-1e5cc34 e-con-full e-flex e-con e-child\" data-id=\"1e5cc34\" data-element_type=\"container\" data-e-type=\"container\">\n\t\t\t\t<div class=\"elementor-element elementor-element-baa7610 elementor-widget elementor-widget-heading\" data-id=\"baa7610\" data-element_type=\"widget\" data-e-type=\"widget\" data-widget_type=\"heading.default\">\n\t\t\t\t<div class=\"elementor-widget-container\">\n\t\t\t\t\t<h2 class=\"elementor-heading-title elementor-size-default\">\u0411\u0410\u0420\u042c\u0415\u0420\u041d\u042b\u0419 \u041a\u0420\u0415\u041c<\/h2>\t\t\t\t<\/div>\n\t\t\t\t<\/div>\n\t\t\t\t<div class=\"elementor-element elementor-element-654b3b8 elementor-widget elementor-widget-heading\" data-id=\"654b3b8\" data-element_type=\"widget\" data-e-type=\"widget\" data-widget_type=\"heading.default\">\n\t\t\t\t<div class=\"elementor-widget-container\">\n\t\t\t\t\t<span class=\"elementor-heading-title elementor-size-default\">\u0417\u0430\u0449\u0438\u0442\u043d\u044b\u0439 \u043a\u0440\u0435\u043c \u0440\u0430\u0437\u0440\u0430\u0431\u043e\u0442\u0430\u043d \u0434\u043b\u044f \u0443\u043a\u0440\u0435\u043f\u043b\u0435\u043d\u0438\u044f \u0435\u0441\u0442\u0435\u0441\u0442\u0432\u0435\u043d\u043d\u043e\u0433\u043e \u0437\u0430\u0449\u0438\u0442\u043d\u043e\u0433\u043e \u0431\u0430\u0440\u044c\u0435\u0440\u0430 \u043a\u043e\u0436\u0438 \u0438 \u043f\u0440\u0435\u0434\u043e\u0442\u0432\u0440\u0430\u0449\u0435\u043d\u0438\u044f \u043f\u043e\u0432\u0440\u0435\u0436\u0434\u0435\u043d\u0438\u0439, \u0432\u044b\u0437\u0432\u0430\u043d\u043d\u044b\u0445 \u0432\u043d\u0435\u0448\u043d\u0438\u043c\u0438 \u0444\u0430\u043a\u0442\u043e\u0440\u0430\u043c\u0438. \u041e\u043d \u0441\u043e\u0437\u0434\u0430\u0435\u0442 \u0432\u043e\u0434\u043e\u043d\u0435\u043f\u0440\u043e\u043d\u0438\u0446\u0430\u0435\u043c\u044b\u0439, \u043f\u0440\u043e\u0437\u0440\u0430\u0447\u043d\u044b\u0439 \u0438 \u0434\u044b\u0448\u0430\u0449\u0438\u0439 \u0441\u043b\u043e\u0439 \u043d\u0430 \u043f\u043e\u0432\u0435\u0440\u0445\u043d\u043e\u0441\u0442\u0438 \u043a\u043e\u0436\u0438, \u043f\u0440\u0435\u0434\u043e\u0442\u0432\u0440\u0430\u0449\u0430\u044f \u0437\u043d\u0430\u0447\u0438\u0442\u0435\u043b\u044c\u043d\u0443\u044e \u043f\u043e\u0442\u0435\u0440\u044e \u0432\u043b\u0430\u0433\u0438. \u041e\u0441\u043e\u0431\u0435\u043d\u043d\u043e \u044d\u0444\u0444\u0435\u043a\u0442\u0438\u0432\u0435\u043d \u0432 \u043f\u0440\u0435\u0434\u043e\u0442\u0432\u0440\u0430\u0449\u0435\u043d\u0438\u0438 \u0440\u0430\u0437\u0434\u0440\u0430\u0436\u0435\u043d\u0438\u0439 \u043a\u043e\u0436\u0438, \u0432\u044b\u0437\u0432\u0430\u043d\u043d\u044b\u0445 \u043d\u0435\u0434\u0435\u0440\u0436\u0430\u043d\u0438\u0435\u043c \u043c\u043e\u0447\u0438\/\u0444\u0435\u043a\u0430\u043b\u0438\u0439, \u043f\u043e\u0442\u043e\u043e\u0442\u0434\u0435\u043b\u0435\u043d\u0438\u0435\u043c \u0438 \u0442\u0440\u0435\u043d\u0438\u0435\u043c. \u0423\u0441\u043f\u043e\u043a\u0430\u0438\u0432\u0430\u0435\u0442 \u0438 \u043e\u0431\u043b\u0435\u0433\u0447\u0430\u0435\u0442 \u0441\u043e\u0441\u0442\u043e\u044f\u043d\u0438\u0435 \u0443\u0436\u0435 \u043f\u043e\u0441\u043b\u0435 \u043f\u0435\u0440\u0432\u043e\u0433\u043e \u043f\u0440\u0438\u043c\u0435\u043d\u0435\u043d\u0438\u044f.<\/span>\t\t\t\t<\/div>\n\t\t\t\t<\/div>\n\t\t\t\t<\/div>\n\t\t\t\t<div class=\"elementor-element elementor-element-3ec5cee elementor-widget elementor-widget-buttn_app\" data-id=\"3ec5cee\" data-element_type=\"widget\" data-e-type=\"widget\" data-widget_type=\"buttn_app.default\">\n\t\t\t\t<div class=\"elementor-widget-container\">\n\t\t\t\t\t<a href=\"https:\/\/www.medisinpharma.com\/ru\/barrier-cream\/\" class=\"tp-btn-1 com-bg\">\n    <span class=\"tp-btn-txt\" data-text=\"\u00dcr\u00fcn\u00fc \u0130ncele\">\n        <span>\u00c3<\/span><span>\u0153<\/span><span>r<\/span><span>\u00c3<\/span><span>\u00bc<\/span><span>n<\/span><span>\u00c3<\/span><span>\u00bc<\/span><span>&nbsp;<\/span><span>\u00c4<\/span><span>\u00b0<\/span><span>n<\/span><span>c<\/span><span>e<\/span><span>l<\/span><span>e<\/span>    <\/span>\n<\/a>\n \t\t\t\t<\/div>\n\t\t\t\t<\/div>\n\t\t\t\t<\/div>\n\t\t\t\t<\/div>\n\t\t<div class=\"elementor-element elementor-element-2376447 e-con-full elementor-hidden-desktop elementor-hidden-tablet elementor-hidden-mobile_extra elementor-hidden-mobile e-flex e-con e-child\" data-id=\"2376447\" data-element_type=\"container\" data-e-type=\"container\" data-settings=\"{&quot;background_background&quot;:&quot;classic&quot;}\">\n\t\t\t\t<div class=\"elementor-element elementor-element-57eddd0 elementor-widget elementor-widget-image\" data-id=\"57eddd0\" data-element_type=\"widget\" data-e-type=\"widget\" data-widget_type=\"image.default\">\n\t\t\t\t<div class=\"elementor-widget-container\">\n\t\t\t\t\t\t\t\t\t\t\t\t\t\t\t<img decoding=\"async\" width=\"640\" height=\"478\" src=\"https:\/\/www.medisinpharma.com\/wp-content\/uploads\/2026\/03\/bu_gorseli_bana_202603300115-1-1024x765.png\" class=\"attachment-large size-large wp-image-1204\" alt=\"\" srcset=\"https:\/\/www.medisinpharma.com\/wp-content\/uploads\/2026\/03\/bu_gorseli_bana_202603300115-1-1024x765.png 1024w, https:\/\/www.medisinpharma.com\/wp-content\/uploads\/2026\/03\/bu_gorseli_bana_202603300115-1-300x224.png 300w, https:\/\/www.medisinpharma.com\/wp-content\/uploads\/2026\/03\/bu_gorseli_bana_202603300115-1-768x573.png 768w, https:\/\/www.medisinpharma.com\/wp-content\/uploads\/2026\/03\/bu_gorseli_bana_202603300115-1-1536x1147.png 1536w, https:\/\/www.medisinpharma.com\/wp-content\/uploads\/2026\/03\/bu_gorseli_bana_202603300115-1-2048x1529.png 2048w\" sizes=\"(max-width: 640px) 100vw, 640px\" \/>\t\t\t\t\t\t\t\t\t\t\t\t\t\t\t<\/div>\n\t\t\t\t<\/div>\n\t\t<div class=\"elementor-element elementor-element-b6846cf e-con-full e-flex e-con e-child\" data-id=\"b6846cf\" data-element_type=\"container\" data-e-type=\"container\">\n\t\t\t\t<div class=\"elementor-element elementor-element-bd4cd64 elementor-widget elementor-widget-heading\" data-id=\"bd4cd64\" data-element_type=\"widget\" data-e-type=\"widget\" data-widget_type=\"heading.default\">\n\t\t\t\t<div class=\"elementor-widget-container\">\n\t\t\t\t\t<h2 class=\"elementor-heading-title elementor-size-default\">\u0411\u0410\u0420\u042c\u0415\u0420\u041d\u042b\u0419 \u0421\u041f\u0420\u0415\u0419<\/h2>\t\t\t\t<\/div>\n\t\t\t\t<\/div>\n\t\t\t\t<div class=\"elementor-element elementor-element-f84b2c2 elementor-widget elementor-widget-heading\" data-id=\"f84b2c2\" data-element_type=\"widget\" data-e-type=\"widget\" data-widget_type=\"heading.default\">\n\t\t\t\t<div class=\"elementor-widget-container\">\n\t\t\t\t\t<span class=\"elementor-heading-title elementor-size-default\">\u0421\u043f\u0440\u0435\u0439-\u0431\u0430\u0440\u044c\u0435\u0440 \u2014 \u044d\u0442\u043e \u0431\u044b\u0441\u0442\u0440\u043e\u0441\u043e\u0445\u043d\u0443\u0449\u0438\u0439 \u0437\u0430\u0449\u0438\u0442\u043d\u044b\u0439 \u0441\u043f\u0440\u0435\u0439 \u0434\u043b\u044f \u043a\u043e\u0436\u0438 \u0431\u0435\u0437 \u0441\u043f\u0438\u0440\u0442\u0430, \u043f\u0440\u0435\u0434\u043d\u0430\u0437\u043d\u0430\u0447\u0435\u043d\u043d\u044b\u0439 \u0434\u043b\u044f \u0437\u0430\u0449\u0438\u0442\u044b \u043a\u043e\u0436\u0438 \u043e\u0442 \u0431\u0438\u043e\u043b\u043e\u0433\u0438\u0447\u0435\u0441\u043a\u0438\u0445 \u0436\u0438\u0434\u043a\u043e\u0441\u0442\u0435\u0439, \u043a\u043b\u0435\u044f \u0438 \u0442\u0440\u0435\u043d\u0438\u044f. \u041e\u043d \u0441\u043e\u0437\u0434\u0430\u0435\u0442 \u043f\u0440\u043e\u0437\u0440\u0430\u0447\u043d\u044b\u0439, \u0434\u044b\u0448\u0430\u0449\u0438\u0439 \u0438 \u0433\u0438\u0431\u043a\u0438\u0439 \u0431\u0430\u0440\u044c\u0435\u0440 \u043d\u0430 \u043a\u043e\u0436\u0435. \u0421\u043f\u0440\u0435\u0439 \u043d\u0435 \u0432\u043e\u0441\u043f\u043b\u0430\u043c\u0435\u043d\u044f\u0435\u0442\u0441\u044f \u043d\u0430 \u0447\u0443\u0432\u0441\u0442\u0432\u0438\u0442\u0435\u043b\u044c\u043d\u043e\u0439 \u0438 \u043f\u043e\u0432\u0440\u0435\u0436\u0434\u0435\u043d\u043d\u043e\u0439 \u043a\u043e\u0436\u0435, \u043f\u0440\u0435\u0434\u043e\u0442\u0432\u0440\u0430\u0449\u0430\u0435\u0442 \u0440\u0430\u0437\u0434\u0440\u0430\u0436\u0435\u043d\u0438\u0435 \u0438 \u043f\u043e\u043c\u043e\u0433\u0430\u0435\u0442 \u043f\u043e\u0434\u0434\u0435\u0440\u0436\u0438\u0432\u0430\u0442\u044c \u0435\u0441\u0442\u0435\u0441\u0442\u0432\u0435\u043d\u043d\u0443\u044e \u0432\u043b\u0430\u0436\u043d\u043e\u0441\u0442\u044c \u043a\u043e\u0436\u0438. \u041e\u0431\u0435\u0441\u043f\u0435\u0447\u0438\u0432\u0430\u0435\u0442 \u0437\u0430\u0449\u0438\u0442\u0443 \u0434\u043e 72 \u0447\u0430\u0441\u043e\u0432, \u043e\u043f\u0442\u0438\u043c\u0438\u0437\u0438\u0440\u0443\u044f \u0447\u0430\u0441\u0442\u043e\u0442\u0443 \u0441\u043c\u0435\u043d\u044b \u043f\u043e\u0432\u044f\u0437\u043e\u043a.\n<\/span>\t\t\t\t<\/div>\n\t\t\t\t<\/div>\n\t\t\t\t<\/div>\n\t\t\t\t<div class=\"elementor-element elementor-element-0a2be46 elementor-widget elementor-widget-buttn_app\" data-id=\"0a2be46\" data-element_type=\"widget\" data-e-type=\"widget\" data-widget_type=\"buttn_app.default\">\n\t\t\t\t<div class=\"elementor-widget-container\">\n\t\t\t\t\t<a href=\"https:\/\/profiles.wordpress.org\/webangon\/\" class=\"tp-btn-1 com-bg\">\n    <span class=\"tp-btn-txt\" data-text=\"\u00dcr\u00fcn\u00fc \u0130ncele\">\n        <span>\u00c3<\/span><span>\u0153<\/span><span>r<\/span><span>\u00c3<\/span><span>\u00bc<\/span><span>n<\/span><span>\u00c3<\/span><span>\u00bc<\/span><span>&nbsp;<\/span><span>\u00c4<\/span><span>\u00b0<\/span><span>n<\/span><span>c<\/span><span>e<\/span><span>l<\/span><span>e<\/span>    <\/span>\n<\/a>\n \t\t\t\t<\/div>\n\t\t\t\t<\/div>\n\t\t\t\t<\/div>\n\t\t<div class=\"elementor-element elementor-element-5c11c0a e-con-full e-flex e-con e-child\" data-id=\"5c11c0a\" data-element_type=\"container\" data-e-type=\"container\">\n\t\t<div class=\"elementor-element elementor-element-e5f76e6 e-con-full elementor-hidden-desktop elementor-hidden-tablet elementor-hidden-mobile_extra elementor-hidden-mobile e-flex e-con e-child\" data-id=\"e5f76e6\" data-element_type=\"container\" data-e-type=\"container\" data-settings=\"{&quot;background_background&quot;:&quot;classic&quot;}\">\n\t\t\t\t<div class=\"elementor-element elementor-element-bc42e17 elementor-widget elementor-widget-image\" data-id=\"bc42e17\" data-element_type=\"widget\" data-e-type=\"widget\" data-widget_type=\"image.default\">\n\t\t\t\t<div class=\"elementor-widget-container\">\n\t\t\t\t\t\t\t\t\t\t\t\t\t\t\t<img decoding=\"async\" width=\"640\" height=\"478\" src=\"https:\/\/www.medisinpharma.com\/wp-content\/uploads\/2026\/03\/bu_gorseli_bana_202603300119-1-1024x765.png\" class=\"attachment-large size-large wp-image-1206\" alt=\"\" srcset=\"https:\/\/www.medisinpharma.com\/wp-content\/uploads\/2026\/03\/bu_gorseli_bana_202603300119-1-1024x765.png 1024w, https:\/\/www.medisinpharma.com\/wp-content\/uploads\/2026\/03\/bu_gorseli_bana_202603300119-1-300x224.png 300w, https:\/\/www.medisinpharma.com\/wp-content\/uploads\/2026\/03\/bu_gorseli_bana_202603300119-1-768x573.png 768w, https:\/\/www.medisinpharma.com\/wp-content\/uploads\/2026\/03\/bu_gorseli_bana_202603300119-1-1536x1147.png 1536w, https:\/\/www.medisinpharma.com\/wp-content\/uploads\/2026\/03\/bu_gorseli_bana_202603300119-1-2048x1529.png 2048w\" sizes=\"(max-width: 640px) 100vw, 640px\" \/>\t\t\t\t\t\t\t\t\t\t\t\t\t\t\t<\/div>\n\t\t\t\t<\/div>\n\t\t<div class=\"elementor-element elementor-element-070b5aa e-con-full e-flex e-con e-child\" data-id=\"070b5aa\" data-element_type=\"container\" data-e-type=\"container\">\n\t\t\t\t<div class=\"elementor-element elementor-element-315ba04 elementor-widget elementor-widget-heading\" data-id=\"315ba04\" data-element_type=\"widget\" data-e-type=\"widget\" data-widget_type=\"heading.default\">\n\t\t\t\t<div class=\"elementor-widget-container\">\n\t\t\t\t\t<h2 class=\"elementor-heading-title elementor-size-default\">\u041a\u041e\u041b\u041e\u0421\u0422\u041e\u041c\u041d\u0410\u042f \u041f\u0410\u0421\u0422\u0410<\/h2>\t\t\t\t<\/div>\n\t\t\t\t<\/div>\n\t\t\t\t<div class=\"elementor-element elementor-element-11b151f elementor-widget elementor-widget-heading\" data-id=\"11b151f\" data-element_type=\"widget\" data-e-type=\"widget\" data-widget_type=\"heading.default\">\n\t\t\t\t<div class=\"elementor-widget-container\">\n\t\t\t\t\t<span class=\"elementor-heading-title elementor-size-default\">\u041f\u0430\u0441\u0442\u0430 \u0434\u043b\u044f \u043a\u043e\u043b\u043e\u0441\u0442\u043e\u043c\u044b \u0441\u043f\u0435\u0446\u0438\u0430\u043b\u044c\u043d\u043e \u0440\u0430\u0437\u0440\u0430\u0431\u043e\u0442\u0430\u043d\u0430 \u0434\u043b\u044f \u0437\u0430\u0449\u0438\u0442\u044b \u043a\u043e\u0436\u0438 \u0432\u043e\u043a\u0440\u0443\u0433 \u0441\u0442\u043e\u043c\u044b \u0438 \u043f\u0440\u0435\u0434\u043e\u0442\u0432\u0440\u0430\u0449\u0435\u043d\u0438\u044f \u043f\u0440\u043e\u0442\u0435\u043a\u0430\u043d\u0438\u044f \u043f\u043e\u0434 \u0430\u0434\u0430\u043f\u0442\u0435\u0440\u043e\u043c. \u041e\u043d\u0430 \u0441\u043e\u0437\u0434\u0430\u0435\u0442 \u0433\u043b\u0430\u0434\u043a\u0443\u044e \u043f\u043e\u0432\u0435\u0440\u0445\u043d\u043e\u0441\u0442\u044c, \u0437\u0430\u043f\u043e\u043b\u043d\u044f\u044f \u043d\u0435\u0440\u043e\u0432\u043d\u043e\u0441\u0442\u0438, \u0443\u0433\u043b\u0443\u0431\u043b\u0435\u043d\u0438\u044f \u0438 \u0441\u043a\u043b\u0430\u0434\u043a\u0438 \u043d\u0430 \u043a\u043e\u0436\u0435. \u0418\u0434\u0435\u0430\u043b\u044c\u043d\u043e \u0433\u0435\u0440\u043c\u0435\u0442\u0438\u0437\u0438\u0440\u0443\u044f \u0437\u0430\u0437\u043e\u0440\u044b \u043c\u0435\u0436\u0434\u0443 \u0430\u0434\u0430\u043f\u0442\u0435\u0440\u043e\u043c \u0438 \u043a\u043e\u0436\u0435\u0439, \u043e\u043d\u0430 \u043c\u0438\u043d\u0438\u043c\u0438\u0437\u0438\u0440\u0443\u0435\u0442 \u0440\u0438\u0441\u043a \u043f\u0440\u043e\u0442\u0435\u043a\u0430\u043d\u0438\u044f \u0438 \u043f\u0440\u0435\u0434\u043e\u0442\u0432\u0440\u0430\u0449\u0430\u0435\u0442 \u0440\u0430\u0437\u0434\u0440\u0430\u0436\u0435\u043d\u0438\u0435, \u0438\u0441\u043a\u043b\u044e\u0447\u0430\u044f \u043a\u043e\u043d\u0442\u0430\u043a\u0442 \u043a\u043e\u0436\u0438 \u0441 \u043a\u0430\u043b\u043e\u043c\/\u043c\u043e\u0447\u043e\u0439. \u0415\u0435 \u0434\u043b\u0438\u0442\u0435\u043b\u044c\u043d\u043e \u0434\u0435\u0439\u0441\u0442\u0432\u0443\u044e\u0449\u0430\u044f \u0438 \u0449\u0430\u0434\u044f\u0449\u0430\u044f \u0434\u043b\u044f \u043a\u043e\u0436\u0438 \u0444\u043e\u0440\u043c\u0443\u043b\u0430 \u043e\u0431\u0435\u0441\u043f\u0435\u0447\u0438\u0432\u0430\u0435\u0442 \u043a\u043e\u043c\u0444\u043e\u0440\u0442\u043d\u043e\u0435 \u0438\u0441\u043f\u043e\u043b\u044c\u0437\u043e\u0432\u0430\u043d\u0438\u0435.<\/span>\t\t\t\t<\/div>\n\t\t\t\t<\/div>\n\t\t\t\t<\/div>\n\t\t\t\t<div class=\"elementor-element elementor-element-fafe91d elementor-widget elementor-widget-buttn_app\" data-id=\"fafe91d\" data-element_type=\"widget\" data-e-type=\"widget\" data-widget_type=\"buttn_app.default\">\n\t\t\t\t<div class=\"elementor-widget-container\">\n\t\t\t\t\t<a href=\"https:\/\/profiles.wordpress.org\/webangon\/\" class=\"tp-btn-1 com-bg\">\n    <span class=\"tp-btn-txt\" data-text=\"\u00dcr\u00fcn\u00fc \u0130ncele\">\n        <span>\u00c3<\/span><span>\u0153<\/span><span>r<\/span><span>\u00c3<\/span><span>\u00bc<\/span><span>n<\/span><span>\u00c3<\/span><span>\u00bc<\/span><span>&nbsp;<\/span><span>\u00c4<\/span><span>\u00b0<\/span><span>n<\/span><span>c<\/span><span>e<\/span><span>l<\/span><span>e<\/span>    <\/span>\n<\/a>\n \t\t\t\t<\/div>\n\t\t\t\t<\/div>\n\t\t\t\t<\/div>\n\t\t\t\t<\/div>\n\t\t\t\t\t<\/div>\n\t\t\t\t<\/div>\n\t\t<div class=\"elementor-element elementor-element-c6eb6bc e-flex e-con-boxed e-con e-parent\" data-id=\"c6eb6bc\" data-element_type=\"container\" data-e-type=\"container\">\n\t\t\t\t\t<div class=\"e-con-inner\">\n\t\t\t\t<div class=\"elementor-element elementor-element-760ac58 elementor-widget elementor-widget-spacer\" data-id=\"760ac58\" data-element_type=\"widget\" data-e-type=\"widget\" data-widget_type=\"spacer.default\">\n\t\t\t\t<div class=\"elementor-widget-container\">\n\t\t\t\t\t\t\t<div class=\"elementor-spacer\">\n\t\t\t<div class=\"elementor-spacer-inner\"><\/div>\n\t\t<\/div>\n\t\t\t\t\t\t<\/div>\n\t\t\t\t<\/div>\n\t\t\t\t\t<\/div>\n\t\t\t\t<\/div>\n\t\t\t\t<\/div>","protected":false},"excerpt":{"rendered":"<p>| T\u0131bbi Cihaz Yatan Hasta Bak\u0131m\u0131 Yatan hasta bak\u0131m\u0131, hastan\u0131n t\u0131bbi tedavisinin yan\u0131 s\u0131ra fiziksel konforunu, beslenmesini ve hijyenikgereksinimlerini en \u00fcst d\u00fczeyde kar\u015f\u0131lamay\u0131 hedefler. Bu s\u00fcre\u00e7te, hastan\u0131n ya\u015famsal bulgular\u0131n\u0131nd\u00fczenli takibi, ila\u00e7 y\u00f6netiminin titizlikle yap\u0131lmas\u0131 ve yat\u0131\u015f s\u00fcresince olu\u015fabilecek bas\u0131 yaralar\u0131 gibikomplikasyonlar\u0131n \u00f6nlenmesi esast\u0131r. Profesyonel bak\u0131m ekipleri, hastan\u0131n hem fiziksel hem depsikolojik iyi olu\u015f halini destekleyerek<\/p>\n<a class=\"read-more\" href=\"https:\/\/www.medisinpharma.com\/ru\/tibbi-cihaz\/\">Read More<\/a>","protected":false},"author":1,"featured_media":0,"parent":0,"menu_order":0,"comment_status":"closed","ping_status":"closed","template":"elementor_header_footer","meta":{"footnotes":""},"class_list":["post-1016","page","type-page","status-publish","hentry"],"_links":{"self":[{"href":"https:\/\/www.medisinpharma.com\/ru\/wp-json\/wp\/v2\/pages\/1016","targetHints":{"allow":["GET"]}}],"collection":[{"href":"https:\/\/www.medisinpharma.com\/ru\/wp-json\/wp\/v2\/pages"}],"about":[{"href":"https:\/\/www.medisinpharma.com\/ru\/wp-json\/wp\/v2\/types\/page"}],"author":[{"embeddable":true,"href":"https:\/\/www.medisinpharma.com\/ru\/wp-json\/wp\/v2\/users\/1"}],"replies":[{"embeddable":true,"href":"https:\/\/www.medisinpharma.com\/ru\/wp-json\/wp\/v2\/comments?post=1016"}],"version-history":[{"count":19,"href":"https:\/\/www.medisinpharma.com\/ru\/wp-json\/wp\/v2\/pages\/1016\/revisions"}],"predecessor-version":[{"id":1422,"href":"https:\/\/www.medisinpharma.com\/ru\/wp-json\/wp\/v2\/pages\/1016\/revisions\/1422"}],"wp:attachment":[{"href":"https:\/\/www.medisinpharma.com\/ru\/wp-json\/wp\/v2\/media?parent=1016"}],"curies":[{"name":"wp","href":"https:\/\/api.w.org\/{rel}","templated":true}]}}