{"id":1109,"date":"2026-03-18T11:14:35","date_gmt":"2026-03-18T11:14:35","guid":{"rendered":"https:\/\/www.medisinpharma.com\/?page_id=1109"},"modified":"2026-03-29T21:02:05","modified_gmt":"2026-03-29T21:02:05","slug":"hakkimizda","status":"publish","type":"page","link":"https:\/\/www.medisinpharma.com\/fr\/hakkimizda\/","title":{"rendered":"\u00c0 propos de nous"},"content":{"rendered":"<div data-elementor-type=\"wp-page\" data-elementor-id=\"1109\" class=\"elementor elementor-1109\">\n\t\t\t\t<div class=\"elementor-element elementor-element-ca30fa6 e-flex e-con-boxed e-con e-parent\" data-id=\"ca30fa6\" data-element_type=\"container\" data-e-type=\"container\" data-settings=\"{&quot;background_background&quot;:&quot;classic&quot;}\">\n\t\t\t\t\t<div class=\"e-con-inner\">\n\t\t\t\t<div class=\"elementor-element elementor-element-b126c14 elementor-widget elementor-widget-heading\" data-id=\"b126c14\" data-element_type=\"widget\" data-e-type=\"widget\" data-widget_type=\"heading.default\">\n\t\t\t\t<div class=\"elementor-widget-container\">\n\t\t\t\t\t<h2 class=\"elementor-heading-title elementor-size-default\">\u00c0 propos de nous<\/h2>\t\t\t\t<\/div>\n\t\t\t\t<\/div>\n\t\t\t\t\t<\/div>\n\t\t\t\t<\/div>\n\t\t<div class=\"elementor-element elementor-element-c0d96e3 e-flex e-con-boxed e-con e-parent\" data-id=\"c0d96e3\" data-element_type=\"container\" data-e-type=\"container\" data-settings=\"{&quot;background_background&quot;:&quot;classic&quot;}\">\n\t\t\t\t\t<div class=\"e-con-inner\">\n\t\t\t\t<div class=\"elementor-element elementor-element-267edfa elementor-widget elementor-widget-heading\" data-id=\"267edfa\" data-element_type=\"widget\" data-e-type=\"widget\" data-widget_type=\"heading.default\">\n\t\t\t\t<div class=\"elementor-widget-container\">\n\t\t\t\t\t<span class=\"elementor-heading-title elementor-size-default\">Tout commence par la confiance !<\/span>\t\t\t\t<\/div>\n\t\t\t\t<\/div>\n\t\t\t\t\t<\/div>\n\t\t\t\t<\/div>\n\t\t<div class=\"elementor-element elementor-element-0404baa e-flex e-con-boxed e-con e-parent\" data-id=\"0404baa\" data-element_type=\"container\" data-e-type=\"container\" data-settings=\"{&quot;background_background&quot;:&quot;classic&quot;}\">\n\t\t\t\t\t<div class=\"e-con-inner\">\n\t\t\t\t<div class=\"elementor-element elementor-element-63dad91 elementor-widget elementor-widget-text-editor\" data-id=\"63dad91\" data-element_type=\"widget\" data-e-type=\"widget\" data-widget_type=\"text-editor.default\">\n\t\t\t\t<div class=\"elementor-widget-container\">\n\t\t\t\t\t\t\t\t\t<h3 data-section-id=\"1n31642\" data-start=\"117\" data-end=\"161\"><span role=\"text\"><strong data-start=\"121\" data-end=\"161\">Medisin : Confiance et qualit\u00e9 des soins de sant\u00e9<\/strong><\/span><\/h3><p data-start=\"163\" data-end=\"369\">Nous avons acquis des ann\u00e9es d&#039;exp\u00e9rience en mati\u00e8re de direction g\u00e9n\u00e9rale, de planification de la production et de marketing strat\u00e9gique dans diverses disciplines du secteur de la sant\u00e9. <strong data-start=\"309\" data-end=\"332\">Industrie pharmaceutique Medisin<\/strong> Nous les avons r\u00e9unis sous un m\u00eame toit.<\/p><p data-start=\"371\" data-end=\"696\">Gr\u00e2ce \u00e0 nos installations de production modernes, notre approche scientifique et notre \u00e9quipe dynamique, nous nous sommes fix\u00e9 pour objectif de fabriquer des produits fiables qui privil\u00e9gient la sant\u00e9 humaine et r\u00e9pondent aux normes internationales. Notre ambition est de suivre de pr\u00e8s les derni\u00e8res avanc\u00e9es technologiques dans le domaine m\u00e9dical et d&#039;offrir des solutions de haute qualit\u00e9 qui facilitent l&#039;acc\u00e8s aux soins de sant\u00e9 pour tous.<\/p><hr data-start=\"698\" data-end=\"701\" \/><h3 data-section-id=\"odp8l0\" data-start=\"703\" data-end=\"736\"><span role=\"text\"><strong data-start=\"707\" data-end=\"736\">Notre engagement envers l&#039;avenir<\/strong><\/span><\/h3><p data-start=\"738\" data-end=\"994\">Nous sommes conscients que le secteur m\u00e9dical n&#039;est pas seulement un secteur de production, mais qu&#039;il porte \u00e9galement une responsabilit\u00e9 majeure\u00a0: sauver des vies. C&#039;est pourquoi, gr\u00e2ce \u00e0 notre approche ax\u00e9e sur les solutions, nous nous sommes donn\u00e9 pour principe de fournir \u00e0 nos patients et partenaires commerciaux des solutions rapides, efficaces et fond\u00e9es sur des donn\u00e9es scientifiques.<\/p><p data-start=\"996\" data-end=\"1120\">En adoptant une approche ax\u00e9e sur les solutions et non sur les excuses en toutes circonstances, nous visons \u00e0 \u00eatre un partenaire commercial fiable et durable.<\/p><hr data-start=\"1122\" data-end=\"1125\" \/><h3 data-section-id=\"eb2v1c\" data-start=\"1127\" data-end=\"1167\"><span role=\"text\"><strong data-start=\"1131\" data-end=\"1167\">Nous travaillons \u00e0 am\u00e9liorer votre qualit\u00e9 de vie.<\/strong><\/span><\/h3><p data-start=\"1169\" data-end=\"1398\">Pour nous, l&#039;exp\u00e9rience ne consiste pas seulement \u00e0 passer le temps, mais \u00e0 produire des r\u00e9sultats b\u00e9n\u00e9fiques pour la soci\u00e9t\u00e9. Gr\u00e2ce \u00e0 nos \u00e9quipes d&#039;experts, nous visons \u00e0 am\u00e9liorer votre qualit\u00e9 de vie en vous fournissant les solutions dont vous avez besoin, de la mani\u00e8re la plus rapide et la plus fiable.<\/p><hr data-start=\"1400\" data-end=\"1403\" \/><h3 data-section-id=\"hx3gcq\" data-start=\"1405\" data-end=\"1458\"><span role=\"text\"><strong data-start=\"1409\" data-end=\"1458\">Des solutions fiables pour des soins de sant\u00e9 durables<\/strong><\/span><\/h3><p data-start=\"1460\" data-end=\"1644\">Nous garantissons la qualit\u00e9 de tous nos produits. Gr\u00e2ce \u00e0 notre communication transparente et \u00e0 notre service apr\u00e8s-vente continu, nous assurons la confiance partout o\u00f9 la marque Medisin est pr\u00e9sente.<\/p><hr data-start=\"1646\" data-end=\"1649\" \/><h3 data-section-id=\"rlo20b\" data-start=\"1651\" data-end=\"1700\"><span role=\"text\"><strong data-start=\"1655\" data-end=\"1700\">Des soins de sant\u00e9 accessibles selon les normes internationales<\/strong><\/span><\/h3><p data-start=\"1702\" data-end=\"1936\">Nous croyons que chaque individu a le droit d&#039;acc\u00e9der \u00e0 des solutions de sant\u00e9 de haute qualit\u00e9. Nous proposons des solutions professionnelles en alliant les normes de qualit\u00e9 internationales aux besoins locaux \u00e0 chaque \u00e9tape de nos processus de production, de vente et d&#039;assistance technique.<\/p><hr data-start=\"1938\" data-end=\"1941\" \/><h3 data-section-id=\"190ajxr\" data-start=\"1943\" data-end=\"1988\"><span role=\"text\"><strong data-start=\"1947\" data-end=\"1988\">Technologies de pointe et innovation dans le domaine de la sant\u00e9<\/strong><\/span><\/h3><p data-start=\"1990\" data-end=\"2206\">Nous am\u00e9liorons constamment nos processus de production et suivons de pr\u00e8s les technologies modernes. Gr\u00e2ce \u00e0 notre \u00e9quipe exp\u00e9riment\u00e9e, nous conjuguons savoir-faire traditionnel et science moderne pour \u00e9tablir de nouvelles normes dans le domaine de la sant\u00e9.<\/p>\t\t\t\t\t\t\t\t<\/div>\n\t\t\t\t<\/div>\n\t\t\t\t\t<\/div>\n\t\t\t\t<\/div>\n\t\t\t\t<\/div>","protected":false},"excerpt":{"rendered":"<p>Hakk\u0131m\u0131zda Her \u015eey G\u00fcvenle Ba\u015flar! Medisin ile Sa\u011fl\u0131kta G\u00fcven ve Kalite Sa\u011fl\u0131k sekt\u00f6r\u00fcn\u00fcn farkl\u0131 disiplinlerinde uzun y\u0131llar boyunca edindi\u011fimiz \u00fcst d\u00fczey y\u00f6neticilik, \u00fcretim planlama ve stratejik pazarlama deneyimini Medisin \u0130la\u00e7 Sanayi \u00e7at\u0131s\u0131 alt\u0131nda bir araya getirdik. Modern \u00fcretim tesisimiz, bilimsel yakla\u015f\u0131m\u0131m\u0131z ve dinamik kadromuz ile insan sa\u011fl\u0131\u011f\u0131n\u0131 merkeze alan, k\u00fcresel standartlarda g\u00fcvenilir \u00fcr\u00fcnler \u00fcretme hedefiyle<\/p>\n<a class=\"read-more\" href=\"https:\/\/www.medisinpharma.com\/fr\/hakkimizda\/\">Read More<\/a>","protected":false},"author":1,"featured_media":0,"parent":0,"menu_order":0,"comment_status":"closed","ping_status":"closed","template":"elementor_header_footer","meta":{"footnotes":""},"class_list":["post-1109","page","type-page","status-publish","hentry"],"_links":{"self":[{"href":"https:\/\/www.medisinpharma.com\/fr\/wp-json\/wp\/v2\/pages\/1109","targetHints":{"allow":["GET"]}}],"collection":[{"href":"https:\/\/www.medisinpharma.com\/fr\/wp-json\/wp\/v2\/pages"}],"about":[{"href":"https:\/\/www.medisinpharma.com\/fr\/wp-json\/wp\/v2\/types\/page"}],"author":[{"embeddable":true,"href":"https:\/\/www.medisinpharma.com\/fr\/wp-json\/wp\/v2\/users\/1"}],"replies":[{"embeddable":true,"href":"https:\/\/www.medisinpharma.com\/fr\/wp-json\/wp\/v2\/comments?post=1109"}],"version-history":[{"count":10,"href":"https:\/\/www.medisinpharma.com\/fr\/wp-json\/wp\/v2\/pages\/1109\/revisions"}],"predecessor-version":[{"id":1166,"href":"https:\/\/www.medisinpharma.com\/fr\/wp-json\/wp\/v2\/pages\/1109\/revisions\/1166"}],"wp:attachment":[{"href":"https:\/\/www.medisinpharma.com\/fr\/wp-json\/wp\/v2\/media?parent=1109"}],"curies":[{"name":"wp","href":"https:\/\/api.w.org\/{rel}","templated":true}]}}