{"id":1018,"date":"2026-03-17T21:51:52","date_gmt":"2026-03-17T21:51:52","guid":{"rendered":"https:\/\/www.medisinpharma.com\/?page_id=1018"},"modified":"2026-04-15T10:57:49","modified_gmt":"2026-04-15T10:57:49","slug":"agiz-bakim","status":"publish","type":"page","link":"https:\/\/www.medisinpharma.com\/fr\/agiz-bakim\/","title":{"rendered":"Soins buccaux"},"content":{"rendered":"<div data-elementor-type=\"wp-page\" data-elementor-id=\"1018\" class=\"elementor elementor-1018\">\n\t\t\t\t<div class=\"elementor-element elementor-element-5e8d6e6 e-flex e-con-boxed e-con e-parent\" data-id=\"5e8d6e6\" data-element_type=\"container\" data-e-type=\"container\" data-settings=\"{&quot;background_background&quot;:&quot;classic&quot;}\">\n\t\t\t\t\t<div class=\"e-con-inner\">\n\t\t\t\t<div class=\"elementor-element elementor-element-5c591b2 elementor-widget elementor-widget-heading\" data-id=\"5c591b2\" data-element_type=\"widget\" data-e-type=\"widget\" data-widget_type=\"heading.default\">\n\t\t\t\t<div class=\"elementor-widget-container\">\n\t\t\t\t\t<h3 class=\"elementor-heading-title elementor-size-default\">| Produits de soins buccaux<\/h3>\t\t\t\t<\/div>\n\t\t\t\t<\/div>\n\t\t\t\t\t<\/div>\n\t\t\t\t<\/div>\n\t\t<div class=\"elementor-element elementor-element-c29860f e-flex e-con-boxed e-con e-parent\" data-id=\"c29860f\" data-element_type=\"container\" data-e-type=\"container\" data-settings=\"{&quot;background_background&quot;:&quot;classic&quot;}\">\n\t\t\t\t\t<div class=\"e-con-inner\">\n\t\t<div class=\"elementor-element elementor-element-9911cba e-con-full e-flex e-con e-child\" data-id=\"9911cba\" data-element_type=\"container\" data-e-type=\"container\">\n\t\t<div class=\"elementor-element elementor-element-0182355 e-con-full e-flex e-con e-child\" data-id=\"0182355\" data-element_type=\"container\" data-e-type=\"container\" data-settings=\"{&quot;background_background&quot;:&quot;classic&quot;}\">\n\t\t\t\t<div class=\"elementor-element elementor-element-3a640a6 elementor-widget elementor-widget-image\" data-id=\"3a640a6\" data-element_type=\"widget\" data-e-type=\"widget\" data-widget_type=\"image.default\">\n\t\t\t\t<div class=\"elementor-widget-container\">\n\t\t\t\t\t\t\t\t\t\t\t\t\t\t\t<img fetchpriority=\"high\" decoding=\"async\" width=\"640\" height=\"358\" src=\"https:\/\/www.medisinpharma.com\/wp-content\/uploads\/2026\/04\/bu_gorseli_bana_202604151353-1024x572.jpg\" class=\"attachment-large size-large wp-image-1333\" alt=\"\" srcset=\"https:\/\/www.medisinpharma.com\/wp-content\/uploads\/2026\/04\/bu_gorseli_bana_202604151353-1024x572.jpg 1024w, https:\/\/www.medisinpharma.com\/wp-content\/uploads\/2026\/04\/bu_gorseli_bana_202604151353-300x167.jpg 300w, https:\/\/www.medisinpharma.com\/wp-content\/uploads\/2026\/04\/bu_gorseli_bana_202604151353-768x429.jpg 768w, https:\/\/www.medisinpharma.com\/wp-content\/uploads\/2026\/04\/bu_gorseli_bana_202604151353-1536x857.jpg 1536w, https:\/\/www.medisinpharma.com\/wp-content\/uploads\/2026\/04\/bu_gorseli_bana_202604151353-2048x1143.jpg 2048w, https:\/\/www.medisinpharma.com\/wp-content\/uploads\/2026\/04\/bu_gorseli_bana_202604151353-18x10.jpg 18w\" sizes=\"(max-width: 640px) 100vw, 640px\" \/>\t\t\t\t\t\t\t\t\t\t\t\t\t\t\t<\/div>\n\t\t\t\t<\/div>\n\t\t\t\t<div class=\"elementor-element elementor-element-ba8e996 elementor-widget elementor-widget-image\" data-id=\"ba8e996\" data-element_type=\"widget\" data-e-type=\"widget\" data-widget_type=\"image.default\">\n\t\t\t\t<div class=\"elementor-widget-container\">\n\t\t\t\t\t\t\t\t\t\t\t\t\t\t\t<img decoding=\"async\" src=\"http:\/\/www.medisinpharma.com\/wp-content\/uploads\/sites\/2\/2025\/09\/pexels-wei86_travel-slow-life-31932701-33902245.jpg\" title=\"\" alt=\"\" loading=\"lazy\" \/>\t\t\t\t\t\t\t\t\t\t\t\t\t\t\t<\/div>\n\t\t\t\t<\/div>\n\t\t<div class=\"elementor-element elementor-element-2e1fc0e e-con-full e-flex e-con e-child\" data-id=\"2e1fc0e\" data-element_type=\"container\" data-e-type=\"container\">\n\t\t\t\t<div class=\"elementor-element elementor-element-127c173 elementor-widget elementor-widget-heading\" data-id=\"127c173\" data-element_type=\"widget\" data-e-type=\"widget\" data-widget_type=\"heading.default\">\n\t\t\t\t<div class=\"elementor-widget-container\">\n\t\t\t\t\t<h2 class=\"elementor-heading-title elementor-size-default\">Eau dentifrice<\/h2>\t\t\t\t<\/div>\n\t\t\t\t<\/div>\n\t\t\t\t<div class=\"elementor-element elementor-element-5edb58b elementor-widget elementor-widget-heading\" data-id=\"5edb58b\" data-element_type=\"widget\" data-e-type=\"widget\" data-widget_type=\"heading.default\">\n\t\t\t\t<div class=\"elementor-widget-container\">\n\t\t\t\t\t<span class=\"elementor-heading-title elementor-size-default\">Description du produit<\/span>\t\t\t\t<\/div>\n\t\t\t\t<\/div>\n\t\t\t\t<\/div>\n\t\t\t\t<div class=\"elementor-element elementor-element-7c17531 elementor-widget elementor-widget-buttn_app\" data-id=\"7c17531\" data-element_type=\"widget\" data-e-type=\"widget\" data-widget_type=\"buttn_app.default\">\n\t\t\t\t<div class=\"elementor-widget-container\">\n\t\t\t\t\t<a href=\"https:\/\/www.medisinpharma.com\/fr\/agiz-calkalama-suyu\/\" class=\"tp-btn-1 com-bg\">\n    <span class=\"tp-btn-txt\" data-text=\"\u00dcr\u00fcn\u00fc \u0130ncele\">\n        <span>\u00c3<\/span><span>\u0153<\/span><span>r<\/span><span>\u00c3<\/span><span>\u00bc<\/span><span>n<\/span><span>\u00c3<\/span><span>\u00bc<\/span><span>&nbsp;<\/span><span>\u00c4<\/span><span>\u00b0<\/span><span>n<\/span><span>c<\/span><span>e<\/span><span>l<\/span><span>e<\/span>    <\/span>\n<\/a>\n \t\t\t\t<\/div>\n\t\t\t\t<\/div>\n\t\t\t\t<\/div>\n\t\t\t\t<\/div>\n\t\t<div class=\"elementor-element elementor-element-87d67c4 e-con-full e-flex e-con e-child\" data-id=\"87d67c4\" data-element_type=\"container\" data-e-type=\"container\">\n\t\t<div class=\"elementor-element elementor-element-66993b7 e-con-full e-flex e-con e-child\" data-id=\"66993b7\" data-element_type=\"container\" data-e-type=\"container\" data-settings=\"{&quot;background_background&quot;:&quot;classic&quot;}\">\n\t\t\t\t<div class=\"elementor-element elementor-element-5c315b2 elementor-widget elementor-widget-image\" data-id=\"5c315b2\" data-element_type=\"widget\" data-e-type=\"widget\" data-widget_type=\"image.default\">\n\t\t\t\t<div class=\"elementor-widget-container\">\n\t\t\t\t\t\t\t\t\t\t\t\t\t\t\t<img decoding=\"async\" width=\"640\" height=\"358\" src=\"https:\/\/www.medisinpharma.com\/wp-content\/uploads\/2026\/04\/bu_gorseli_bana_202604151353-1-1024x572.jpg\" class=\"attachment-large size-large wp-image-1334\" alt=\"\" srcset=\"https:\/\/www.medisinpharma.com\/wp-content\/uploads\/2026\/04\/bu_gorseli_bana_202604151353-1-1024x572.jpg 1024w, https:\/\/www.medisinpharma.com\/wp-content\/uploads\/2026\/04\/bu_gorseli_bana_202604151353-1-300x167.jpg 300w, https:\/\/www.medisinpharma.com\/wp-content\/uploads\/2026\/04\/bu_gorseli_bana_202604151353-1-768x429.jpg 768w, https:\/\/www.medisinpharma.com\/wp-content\/uploads\/2026\/04\/bu_gorseli_bana_202604151353-1-1536x857.jpg 1536w, https:\/\/www.medisinpharma.com\/wp-content\/uploads\/2026\/04\/bu_gorseli_bana_202604151353-1-2048x1143.jpg 2048w, https:\/\/www.medisinpharma.com\/wp-content\/uploads\/2026\/04\/bu_gorseli_bana_202604151353-1-18x10.jpg 18w\" sizes=\"(max-width: 640px) 100vw, 640px\" \/>\t\t\t\t\t\t\t\t\t\t\t\t\t\t\t<\/div>\n\t\t\t\t<\/div>\n\t\t<div class=\"elementor-element elementor-element-00d5e81 e-con-full e-flex e-con e-child\" data-id=\"00d5e81\" data-element_type=\"container\" data-e-type=\"container\">\n\t\t\t\t<div class=\"elementor-element elementor-element-e0f0138 elementor-widget elementor-widget-heading\" data-id=\"e0f0138\" data-element_type=\"widget\" data-e-type=\"widget\" data-widget_type=\"heading.default\">\n\t\t\t\t<div class=\"elementor-widget-container\">\n\t\t\t\t\t<h2 class=\"elementor-heading-title elementor-size-default\">Dentifrice sans fluor<\/h2>\t\t\t\t<\/div>\n\t\t\t\t<\/div>\n\t\t\t\t<div class=\"elementor-element elementor-element-6c19b2e elementor-widget elementor-widget-heading\" data-id=\"6c19b2e\" data-element_type=\"widget\" data-e-type=\"widget\" data-widget_type=\"heading.default\">\n\t\t\t\t<div class=\"elementor-widget-container\">\n\t\t\t\t\t<span class=\"elementor-heading-title elementor-size-default\">Description du produit<\/span>\t\t\t\t<\/div>\n\t\t\t\t<\/div>\n\t\t\t\t<\/div>\n\t\t\t\t<div class=\"elementor-element elementor-element-936d15c elementor-widget elementor-widget-buttn_app\" data-id=\"936d15c\" data-element_type=\"widget\" data-e-type=\"widget\" data-widget_type=\"buttn_app.default\">\n\t\t\t\t<div class=\"elementor-widget-container\">\n\t\t\t\t\t<a href=\"https:\/\/www.medisinpharma.com\/fr\/florursuz-dis-macunu\/\" class=\"tp-btn-1 com-bg\">\n    <span class=\"tp-btn-txt\" data-text=\"\u00dcr\u00fcn\u00fc \u0130ncele\">\n        <span>\u00c3<\/span><span>\u0153<\/span><span>r<\/span><span>\u00c3<\/span><span>\u00bc<\/span><span>n<\/span><span>\u00c3<\/span><span>\u00bc<\/span><span>&nbsp;<\/span><span>\u00c4<\/span><span>\u00b0<\/span><span>n<\/span><span>c<\/span><span>e<\/span><span>l<\/span><span>e<\/span>    <\/span>\n<\/a>\n \t\t\t\t<\/div>\n\t\t\t\t<\/div>\n\t\t\t\t<\/div>\n\t\t\t\t<\/div>\n\t\t\t\t\t<\/div>\n\t\t\t\t<\/div>\n\t\t\t\t<\/div>","protected":false},"excerpt":{"rendered":"<p>| A\u011f\u0131z Bak\u0131m \u00dcr\u00fcnleri A\u011f\u0131z \u00c7alkalama Suyu \u00dcr\u00fcn A\u00e7\u0131klama \u00dcr\u00fcn\u00fc&nbsp;\u0130ncele Flor\u00fcrs\u00fcz Di\u015f Macunu \u00dcr\u00fcn A\u00e7\u0131klama \u00dcr\u00fcn\u00fc&nbsp;\u0130ncele<\/p>\n<a class=\"read-more\" href=\"https:\/\/www.medisinpharma.com\/fr\/agiz-bakim\/\">Read More<\/a>","protected":false},"author":1,"featured_media":0,"parent":0,"menu_order":0,"comment_status":"closed","ping_status":"closed","template":"elementor_header_footer","meta":{"footnotes":""},"class_list":["post-1018","page","type-page","status-publish","hentry"],"_links":{"self":[{"href":"https:\/\/www.medisinpharma.com\/fr\/wp-json\/wp\/v2\/pages\/1018","targetHints":{"allow":["GET"]}}],"collection":[{"href":"https:\/\/www.medisinpharma.com\/fr\/wp-json\/wp\/v2\/pages"}],"about":[{"href":"https:\/\/www.medisinpharma.com\/fr\/wp-json\/wp\/v2\/types\/page"}],"author":[{"embeddable":true,"href":"https:\/\/www.medisinpharma.com\/fr\/wp-json\/wp\/v2\/users\/1"}],"replies":[{"embeddable":true,"href":"https:\/\/www.medisinpharma.com\/fr\/wp-json\/wp\/v2\/comments?post=1018"}],"version-history":[{"count":16,"href":"https:\/\/www.medisinpharma.com\/fr\/wp-json\/wp\/v2\/pages\/1018\/revisions"}],"predecessor-version":[{"id":1349,"href":"https:\/\/www.medisinpharma.com\/fr\/wp-json\/wp\/v2\/pages\/1018\/revisions\/1349"}],"wp:attachment":[{"href":"https:\/\/www.medisinpharma.com\/fr\/wp-json\/wp\/v2\/media?parent=1018"}],"curies":[{"name":"wp","href":"https:\/\/api.w.org\/{rel}","templated":true}]}}