{"id":1109,"date":"2026-03-18T11:14:35","date_gmt":"2026-03-18T11:14:35","guid":{"rendered":"https:\/\/www.medisinpharma.com\/?page_id=1109"},"modified":"2026-03-29T21:02:05","modified_gmt":"2026-03-29T21:02:05","slug":"hakkimizda","status":"publish","type":"page","link":"https:\/\/www.medisinpharma.com\/es\/hakkimizda\/","title":{"rendered":"Sobre nosotros"},"content":{"rendered":"<div data-elementor-type=\"wp-page\" data-elementor-id=\"1109\" class=\"elementor elementor-1109\">\n\t\t\t\t<div class=\"elementor-element elementor-element-ca30fa6 e-flex e-con-boxed e-con e-parent\" data-id=\"ca30fa6\" data-element_type=\"container\" data-e-type=\"container\" data-settings=\"{&quot;background_background&quot;:&quot;classic&quot;}\">\n\t\t\t\t\t<div class=\"e-con-inner\">\n\t\t\t\t<div class=\"elementor-element elementor-element-b126c14 elementor-widget elementor-widget-heading\" data-id=\"b126c14\" data-element_type=\"widget\" data-e-type=\"widget\" data-widget_type=\"heading.default\">\n\t\t\t\t<div class=\"elementor-widget-container\">\n\t\t\t\t\t<h2 class=\"elementor-heading-title elementor-size-default\">Sobre nosotros<\/h2>\t\t\t\t<\/div>\n\t\t\t\t<\/div>\n\t\t\t\t\t<\/div>\n\t\t\t\t<\/div>\n\t\t<div class=\"elementor-element elementor-element-c0d96e3 e-flex e-con-boxed e-con e-parent\" data-id=\"c0d96e3\" data-element_type=\"container\" data-e-type=\"container\" data-settings=\"{&quot;background_background&quot;:&quot;classic&quot;}\">\n\t\t\t\t\t<div class=\"e-con-inner\">\n\t\t\t\t<div class=\"elementor-element elementor-element-267edfa elementor-widget elementor-widget-heading\" data-id=\"267edfa\" data-element_type=\"widget\" data-e-type=\"widget\" data-widget_type=\"heading.default\">\n\t\t\t\t<div class=\"elementor-widget-container\">\n\t\t\t\t\t<span class=\"elementor-heading-title elementor-size-default\">\u00a1Todo comienza con la confianza!<\/span>\t\t\t\t<\/div>\n\t\t\t\t<\/div>\n\t\t\t\t\t<\/div>\n\t\t\t\t<\/div>\n\t\t<div class=\"elementor-element elementor-element-0404baa e-flex e-con-boxed e-con e-parent\" data-id=\"0404baa\" data-element_type=\"container\" data-e-type=\"container\" data-settings=\"{&quot;background_background&quot;:&quot;classic&quot;}\">\n\t\t\t\t\t<div class=\"e-con-inner\">\n\t\t\t\t<div class=\"elementor-element elementor-element-63dad91 elementor-widget elementor-widget-text-editor\" data-id=\"63dad91\" data-element_type=\"widget\" data-e-type=\"widget\" data-widget_type=\"text-editor.default\">\n\t\t\t\t<div class=\"elementor-widget-container\">\n\t\t\t\t\t\t\t\t\t<h3 data-section-id=\"1n31642\" data-start=\"117\" data-end=\"161\"><span role=\"text\"><strong data-start=\"121\" data-end=\"161\">Medisin ile Sa\u011fl\u0131kta G\u00fcven ve Kalite<\/strong><\/span><\/h3><p data-start=\"163\" data-end=\"369\">Sa\u011fl\u0131k sekt\u00f6r\u00fcn\u00fcn farkl\u0131 disiplinlerinde uzun y\u0131llar boyunca edindi\u011fimiz \u00fcst d\u00fczey y\u00f6neticilik, \u00fcretim planlama ve stratejik pazarlama deneyimini <strong data-start=\"309\" data-end=\"332\">Medisin \u0130la\u00e7 Sanayi<\/strong> \u00e7at\u0131s\u0131 alt\u0131nda bir araya getirdik.<\/p><p data-start=\"371\" data-end=\"696\">Modern \u00fcretim tesisimiz, bilimsel yakla\u015f\u0131m\u0131m\u0131z ve dinamik kadromuz ile insan sa\u011fl\u0131\u011f\u0131n\u0131 merkeze alan, k\u00fcresel standartlarda g\u00fcvenilir \u00fcr\u00fcnler \u00fcretme hedefiyle yola \u00e7\u0131kt\u0131k. Amac\u0131m\u0131z; t\u0131p d\u00fcnyas\u0131ndaki en g\u00fcncel teknolojileri yak\u0131ndan takip ederek, sa\u011fl\u0131\u011fa eri\u015fimi kolayla\u015ft\u0131ran y\u00fcksek kaliteli \u00e7\u00f6z\u00fcmleri toplumla bulu\u015fturmakt\u0131r.<\/p><hr data-start=\"698\" data-end=\"701\" \/><h3 data-section-id=\"odp8l0\" data-start=\"703\" data-end=\"736\"><span role=\"text\"><strong data-start=\"707\" data-end=\"736\">Gelece\u011fe Dair Taahh\u00fcd\u00fcm\u00fcz<\/strong><\/span><\/h3><p data-start=\"738\" data-end=\"994\">Medikal sekt\u00f6r\u00fcn yaln\u0131zca bir \u00fcretim alan\u0131 de\u011fil, ayn\u0131 zamanda \u00f6nemli bir ya\u015fam sorumlulu\u011fu oldu\u011funun bilincindeyiz. \u00c7\u00f6z\u00fcm odakl\u0131 yakla\u015f\u0131m\u0131m\u0131zla; hastalar\u0131m\u0131za ve i\u015f ortaklar\u0131m\u0131za h\u0131zl\u0131, etkili ve bilimsel temellere dayanan \u00e7\u00f6z\u00fcmler sunmay\u0131 ilke edindik.<\/p><p data-start=\"996\" data-end=\"1120\">Her ko\u015fulda \u201cbahane de\u011fil, \u00e7\u00f6z\u00fcm\u201d anlay\u0131\u015f\u0131yla hareket ederek, g\u00fcvenilir ve s\u00fcrd\u00fcr\u00fclebilir bir i\u015f orta\u011f\u0131 olmay\u0131 hedefliyoruz.<\/p><hr data-start=\"1122\" data-end=\"1125\" \/><h3 data-section-id=\"eb2v1c\" data-start=\"1127\" data-end=\"1167\"><span role=\"text\"><strong data-start=\"1131\" data-end=\"1167\">Ya\u015fam Kaliteniz \u0130\u00e7in \u00c7al\u0131\u015f\u0131yoruz<\/strong><\/span><\/h3><p data-start=\"1169\" data-end=\"1398\">Bizim i\u00e7in tecr\u00fcbe; sadece zaman ge\u00e7irmek de\u011fil, topluma fayda sa\u011flayan sonu\u00e7lar \u00fcretmektir. Alan\u0131nda uzman ekiplerimizle, ihtiya\u00e7 duyulan \u00e7\u00f6z\u00fcmleri en h\u0131zl\u0131 ve en g\u00fcvenilir \u015fekilde sunarak ya\u015fam kalitenizi art\u0131rmay\u0131 ama\u00e7l\u0131yoruz.<\/p><hr data-start=\"1400\" data-end=\"1403\" \/><h3 data-section-id=\"hx3gcq\" data-start=\"1405\" data-end=\"1458\"><span role=\"text\"><strong data-start=\"1409\" data-end=\"1458\">S\u00fcrd\u00fcr\u00fclebilir Sa\u011fl\u0131k \u0130\u00e7in G\u00fcvenilir \u00c7\u00f6z\u00fcmler<\/strong><\/span><\/h3><p data-start=\"1460\" data-end=\"1644\">\u00dcretti\u011fimiz her \u00fcr\u00fcn\u00fcn arkas\u0131nda duruyoruz. \u015eeffaf ileti\u015fim anlay\u0131\u015f\u0131m\u0131z ve sat\u0131\u015f sonras\u0131 sundu\u011fumuz kesintisiz destek ile Medisin markas\u0131n\u0131n oldu\u011fu her noktada g\u00fcveni garanti ediyoruz.<\/p><hr data-start=\"1646\" data-end=\"1649\" \/><h3 data-section-id=\"rlo20b\" data-start=\"1651\" data-end=\"1700\"><span role=\"text\"><strong data-start=\"1655\" data-end=\"1700\">K\u00fcresel Standartlarda Eri\u015filebilir Sa\u011fl\u0131k<\/strong><\/span><\/h3><p data-start=\"1702\" data-end=\"1936\">Her bireyin y\u00fcksek kaliteli sa\u011fl\u0131k \u00e7\u00f6z\u00fcmlerine ula\u015fma hakk\u0131 oldu\u011funa inan\u0131yoruz. \u00dcretim, sat\u0131\u015f ve teknik destek s\u00fcre\u00e7lerimizin her a\u015famas\u0131nda global kalite standartlar\u0131n\u0131 yerel ihtiya\u00e7larla bulu\u015fturarak profesyonel \u00e7\u00f6z\u00fcmler sunuyoruz.<\/p><hr data-start=\"1938\" data-end=\"1941\" \/><h3 data-section-id=\"190ajxr\" data-start=\"1943\" data-end=\"1988\"><span role=\"text\"><strong data-start=\"1947\" data-end=\"1988\">Sa\u011fl\u0131kta \u0130leri Teknoloji ve \u0130novasyon<\/strong><\/span><\/h3><p data-start=\"1990\" data-end=\"2206\">\u00dcretim s\u00fcre\u00e7lerimizi s\u00fcrekli geli\u015ftiriyor, modern teknolojileri yak\u0131ndan takip ediyoruz. Deneyimli kadromuz ile geleneksel bilgi birikimini modern bilimle birle\u015ftirerek sa\u011fl\u0131k alan\u0131nda yeni standartlar olu\u015fturuyoruz.<\/p>\t\t\t\t\t\t\t\t<\/div>\n\t\t\t\t<\/div>\n\t\t\t\t\t<\/div>\n\t\t\t\t<\/div>\n\t\t\t\t<\/div>","protected":false},"excerpt":{"rendered":"<p>Hakk\u0131m\u0131zda Her \u015eey G\u00fcvenle Ba\u015flar! Medisin ile Sa\u011fl\u0131kta G\u00fcven ve Kalite Sa\u011fl\u0131k sekt\u00f6r\u00fcn\u00fcn farkl\u0131 disiplinlerinde uzun y\u0131llar boyunca edindi\u011fimiz \u00fcst d\u00fczey y\u00f6neticilik, \u00fcretim planlama ve stratejik pazarlama deneyimini Medisin \u0130la\u00e7 Sanayi \u00e7at\u0131s\u0131 alt\u0131nda bir araya getirdik. Modern \u00fcretim tesisimiz, bilimsel yakla\u015f\u0131m\u0131m\u0131z ve dinamik kadromuz ile insan sa\u011fl\u0131\u011f\u0131n\u0131 merkeze alan, k\u00fcresel standartlarda g\u00fcvenilir \u00fcr\u00fcnler \u00fcretme hedefiyle<\/p>\n<a class=\"read-more\" href=\"https:\/\/www.medisinpharma.com\/es\/hakkimizda\/\">Leer m\u00e1s<\/a>","protected":false},"author":1,"featured_media":0,"parent":0,"menu_order":0,"comment_status":"closed","ping_status":"closed","template":"elementor_header_footer","meta":{"footnotes":""},"class_list":["post-1109","page","type-page","status-publish","hentry"],"_links":{"self":[{"href":"https:\/\/www.medisinpharma.com\/es\/wp-json\/wp\/v2\/pages\/1109","targetHints":{"allow":["GET"]}}],"collection":[{"href":"https:\/\/www.medisinpharma.com\/es\/wp-json\/wp\/v2\/pages"}],"about":[{"href":"https:\/\/www.medisinpharma.com\/es\/wp-json\/wp\/v2\/types\/page"}],"author":[{"embeddable":true,"href":"https:\/\/www.medisinpharma.com\/es\/wp-json\/wp\/v2\/users\/1"}],"replies":[{"embeddable":true,"href":"https:\/\/www.medisinpharma.com\/es\/wp-json\/wp\/v2\/comments?post=1109"}],"version-history":[{"count":10,"href":"https:\/\/www.medisinpharma.com\/es\/wp-json\/wp\/v2\/pages\/1109\/revisions"}],"predecessor-version":[{"id":1166,"href":"https:\/\/www.medisinpharma.com\/es\/wp-json\/wp\/v2\/pages\/1109\/revisions\/1166"}],"wp:attachment":[{"href":"https:\/\/www.medisinpharma.com\/es\/wp-json\/wp\/v2\/media?parent=1109"}],"curies":[{"name":"wp","href":"https:\/\/api.w.org\/{rel}","templated":true}]}}