{"id":1016,"date":"2026-03-17T21:51:37","date_gmt":"2026-03-17T21:51:37","guid":{"rendered":"https:\/\/www.medisinpharma.com\/?page_id=1016"},"modified":"2026-04-15T16:27:05","modified_gmt":"2026-04-15T16:27:05","slug":"tibbi-cihaz","status":"publish","type":"page","link":"https:\/\/www.medisinpharma.com\/es\/tibbi-cihaz\/","title":{"rendered":"Dispositivo m\u00e9dico"},"content":{"rendered":"<div data-elementor-type=\"wp-page\" data-elementor-id=\"1016\" class=\"elementor elementor-1016\">\n\t\t\t\t<div class=\"elementor-element elementor-element-10d1236 e-flex e-con-boxed e-con e-parent\" data-id=\"10d1236\" data-element_type=\"container\" data-e-type=\"container\" data-settings=\"{&quot;background_background&quot;:&quot;classic&quot;}\">\n\t\t\t\t\t<div class=\"e-con-inner\">\n\t\t\t\t<div class=\"elementor-element elementor-element-878a2b0 elementor-widget elementor-widget-heading\" data-id=\"878a2b0\" data-element_type=\"widget\" data-e-type=\"widget\" data-widget_type=\"heading.default\">\n\t\t\t\t<div class=\"elementor-widget-container\">\n\t\t\t\t\t<h3 class=\"elementor-heading-title elementor-size-default\">| T\u0131bbi Cihaz<\/h3>\t\t\t\t<\/div>\n\t\t\t\t<\/div>\n\t\t\t\t\t<\/div>\n\t\t\t\t<\/div>\n\t\t<div class=\"elementor-element elementor-element-9289a76 e-flex e-con-boxed e-con e-parent\" data-id=\"9289a76\" data-element_type=\"container\" data-e-type=\"container\" data-settings=\"{&quot;background_background&quot;:&quot;classic&quot;}\">\n\t\t\t\t\t<div class=\"e-con-inner\">\n\t\t\t\t<div class=\"elementor-element elementor-element-3110482 elementor-widget elementor-widget-spacer\" data-id=\"3110482\" data-element_type=\"widget\" data-e-type=\"widget\" data-widget_type=\"spacer.default\">\n\t\t\t\t<div class=\"elementor-widget-container\">\n\t\t\t\t\t\t\t<div class=\"elementor-spacer\">\n\t\t\t<div class=\"elementor-spacer-inner\"><\/div>\n\t\t<\/div>\n\t\t\t\t\t\t<\/div>\n\t\t\t\t<\/div>\n\t\t\t\t<div class=\"elementor-element elementor-element-bceec08 elementor-widget elementor-widget-heading\" data-id=\"bceec08\" data-element_type=\"widget\" data-e-type=\"widget\" data-widget_type=\"heading.default\">\n\t\t\t\t<div class=\"elementor-widget-container\">\n\t\t\t\t\t<h3 class=\"elementor-heading-title elementor-size-default\">Yatan Hasta\nBak\u0131m\u0131<\/h3>\t\t\t\t<\/div>\n\t\t\t\t<\/div>\n\t\t\t\t<div class=\"elementor-element elementor-element-7a1f6dd elementor-widget elementor-widget-spacer\" data-id=\"7a1f6dd\" data-element_type=\"widget\" data-e-type=\"widget\" data-widget_type=\"spacer.default\">\n\t\t\t\t<div class=\"elementor-widget-container\">\n\t\t\t\t\t\t\t<div class=\"elementor-spacer\">\n\t\t\t<div class=\"elementor-spacer-inner\"><\/div>\n\t\t<\/div>\n\t\t\t\t\t\t<\/div>\n\t\t\t\t<\/div>\n\t\t\t\t<div class=\"elementor-element elementor-element-d05b9d9 elementor-widget elementor-widget-text-editor\" data-id=\"d05b9d9\" data-element_type=\"widget\" data-e-type=\"widget\" data-widget_type=\"text-editor.default\">\n\t\t\t\t<div class=\"elementor-widget-container\">\n\t\t\t\t\t\t\t\t\t<p>Yatan hasta bak\u0131m\u0131, hastan\u0131n t\u0131bbi tedavisinin yan\u0131 s\u0131ra fiziksel konforunu, beslenmesini ve hijyenik<br \/>gereksinimlerini en \u00fcst d\u00fczeyde kar\u015f\u0131lamay\u0131 hedefler. Bu s\u00fcre\u00e7te, hastan\u0131n ya\u015famsal bulgular\u0131n\u0131n<br \/>d\u00fczenli takibi, ila\u00e7 y\u00f6netiminin titizlikle yap\u0131lmas\u0131 ve yat\u0131\u015f s\u00fcresince olu\u015fabilecek bas\u0131 yaralar\u0131 gibi<br \/>komplikasyonlar\u0131n \u00f6nlenmesi esast\u0131r. Profesyonel bak\u0131m ekipleri, hastan\u0131n hem fiziksel hem de<br \/>psikolojik iyi olu\u015f halini destekleyerek iyile\u015fme s\u00fcrecini h\u0131zland\u0131r\u0131r.<\/p>\t\t\t\t\t\t\t\t<\/div>\n\t\t\t\t<\/div>\n\t\t\t\t\t<\/div>\n\t\t\t\t<\/div>\n\t\t<div class=\"elementor-element elementor-element-3df09e3 e-flex e-con-boxed e-con e-parent\" data-id=\"3df09e3\" data-element_type=\"container\" data-e-type=\"container\" data-settings=\"{&quot;background_background&quot;:&quot;classic&quot;}\">\n\t\t\t\t\t<div class=\"e-con-inner\">\n\t\t<div class=\"elementor-element elementor-element-6183c68 e-con-full e-flex e-con e-child\" data-id=\"6183c68\" data-element_type=\"container\" data-e-type=\"container\">\n\t\t<div class=\"elementor-element elementor-element-15e2ea0 e-con-full e-flex e-con e-child\" data-id=\"15e2ea0\" data-element_type=\"container\" data-e-type=\"container\" data-settings=\"{&quot;background_background&quot;:&quot;classic&quot;}\">\n\t\t\t\t<div class=\"elementor-element elementor-element-6924239 elementor-widget elementor-widget-image\" data-id=\"6924239\" data-element_type=\"widget\" data-e-type=\"widget\" data-widget_type=\"image.default\">\n\t\t\t\t<div class=\"elementor-widget-container\">\n\t\t\t\t\t\t\t\t\t\t\t\t\t\t\t<img fetchpriority=\"high\" decoding=\"async\" width=\"640\" height=\"478\" src=\"https:\/\/www.medisinpharma.com\/wp-content\/uploads\/2026\/03\/bu_gorseli_bana_202603300113-2-1024x765.png\" class=\"attachment-large size-large wp-image-1205\" alt=\"\" srcset=\"https:\/\/www.medisinpharma.com\/wp-content\/uploads\/2026\/03\/bu_gorseli_bana_202603300113-2-1024x765.png 1024w, https:\/\/www.medisinpharma.com\/wp-content\/uploads\/2026\/03\/bu_gorseli_bana_202603300113-2-300x224.png 300w, https:\/\/www.medisinpharma.com\/wp-content\/uploads\/2026\/03\/bu_gorseli_bana_202603300113-2-768x573.png 768w, https:\/\/www.medisinpharma.com\/wp-content\/uploads\/2026\/03\/bu_gorseli_bana_202603300113-2-1536x1147.png 1536w, https:\/\/www.medisinpharma.com\/wp-content\/uploads\/2026\/03\/bu_gorseli_bana_202603300113-2-2048x1529.png 2048w\" sizes=\"(max-width: 640px) 100vw, 640px\" \/>\t\t\t\t\t\t\t\t\t\t\t\t\t\t\t<\/div>\n\t\t\t\t<\/div>\n\t\t\t\t<div class=\"elementor-element elementor-element-e6d84d1 elementor-widget elementor-widget-image\" data-id=\"e6d84d1\" data-element_type=\"widget\" data-e-type=\"widget\" data-widget_type=\"image.default\">\n\t\t\t\t<div class=\"elementor-widget-container\">\n\t\t\t\t\t\t\t\t\t\t\t\t\t\t\t<img decoding=\"async\" src=\"http:\/\/www.medisinpharma.com\/wp-content\/uploads\/sites\/2\/2025\/09\/pexels-wei86_travel-slow-life-31932701-33902245.jpg\" title=\"\" alt=\"\" loading=\"lazy\" \/>\t\t\t\t\t\t\t\t\t\t\t\t\t\t\t<\/div>\n\t\t\t\t<\/div>\n\t\t<div class=\"elementor-element elementor-element-1e5cc34 e-con-full e-flex e-con e-child\" data-id=\"1e5cc34\" data-element_type=\"container\" data-e-type=\"container\">\n\t\t\t\t<div class=\"elementor-element elementor-element-baa7610 elementor-widget elementor-widget-heading\" data-id=\"baa7610\" data-element_type=\"widget\" data-e-type=\"widget\" data-widget_type=\"heading.default\">\n\t\t\t\t<div class=\"elementor-widget-container\">\n\t\t\t\t\t<h2 class=\"elementor-heading-title elementor-size-default\">BARRIER CREAM<\/h2>\t\t\t\t<\/div>\n\t\t\t\t<\/div>\n\t\t\t\t<div class=\"elementor-element elementor-element-654b3b8 elementor-widget elementor-widget-heading\" data-id=\"654b3b8\" data-element_type=\"widget\" data-e-type=\"widget\" data-widget_type=\"heading.default\">\n\t\t\t\t<div class=\"elementor-widget-container\">\n\t\t\t\t\t<span class=\"elementor-heading-title elementor-size-default\">Bariyer Krem, cildin do\u011fal koruyucu bariyerini\ng\u00fc\u00e7lendirmek ve d\u0131\u015f etkenlerin neden olabilece\u011fi hasarlar\u0131\n\u00f6nlemek amac\u0131yla geli\u015ftirilmi\u015ftir. Cilt y\u00fczeyinde su\nge\u00e7irmez, \u015feffaf ve nefes alabilen bir katman olu\u015fturarak\nyo\u011fun nem kayb\u0131n\u0131 engeller. \u00d6zellikle inkontinans\n(idrar\/d\u0131\u015fk\u0131 temas\u0131), ter ve s\u00fcrt\u00fcnmenin neden oldu\u011fu cilt\ntahri\u015flerini \u00f6nlemede y\u00fcksek etkinlik sa\u011flar. \u0130lk\nkullan\u0131mdan itibaren cildi yat\u0131\u015ft\u0131r\u0131r ve rahatlama sunar.<\/span>\t\t\t\t<\/div>\n\t\t\t\t<\/div>\n\t\t\t\t<\/div>\n\t\t\t\t<div class=\"elementor-element elementor-element-3ec5cee elementor-widget elementor-widget-buttn_app\" data-id=\"3ec5cee\" data-element_type=\"widget\" data-e-type=\"widget\" data-widget_type=\"buttn_app.default\">\n\t\t\t\t<div class=\"elementor-widget-container\">\n\t\t\t\t\t<a href=\"https:\/\/www.medisinpharma.com\/es\/barrier-cream\/\" class=\"tp-btn-1 com-bg\">\n    <span class=\"tp-btn-txt\" data-text=\"\u00dcr\u00fcn\u00fc \u0130ncele\">\n        <span>\u00c3<\/span><span>\u0153<\/span><span>r<\/span><span>\u00c3<\/span><span>\u00bc<\/span><span>n<\/span><span>\u00c3<\/span><span>\u00bc<\/span><span>&nbsp;<\/span><span>\u00c4<\/span><span>\u00b0<\/span><span>n<\/span><span>c<\/span><span>e<\/span><span>l<\/span><span>e<\/span>    <\/span>\n<\/a>\n \t\t\t\t<\/div>\n\t\t\t\t<\/div>\n\t\t\t\t<\/div>\n\t\t\t\t<\/div>\n\t\t<div class=\"elementor-element elementor-element-2376447 e-con-full elementor-hidden-desktop elementor-hidden-tablet elementor-hidden-mobile_extra elementor-hidden-mobile e-flex e-con e-child\" data-id=\"2376447\" data-element_type=\"container\" data-e-type=\"container\" data-settings=\"{&quot;background_background&quot;:&quot;classic&quot;}\">\n\t\t\t\t<div class=\"elementor-element elementor-element-57eddd0 elementor-widget elementor-widget-image\" data-id=\"57eddd0\" data-element_type=\"widget\" data-e-type=\"widget\" data-widget_type=\"image.default\">\n\t\t\t\t<div class=\"elementor-widget-container\">\n\t\t\t\t\t\t\t\t\t\t\t\t\t\t\t<img decoding=\"async\" width=\"640\" height=\"478\" src=\"https:\/\/www.medisinpharma.com\/wp-content\/uploads\/2026\/03\/bu_gorseli_bana_202603300115-1-1024x765.png\" class=\"attachment-large size-large wp-image-1204\" alt=\"\" srcset=\"https:\/\/www.medisinpharma.com\/wp-content\/uploads\/2026\/03\/bu_gorseli_bana_202603300115-1-1024x765.png 1024w, https:\/\/www.medisinpharma.com\/wp-content\/uploads\/2026\/03\/bu_gorseli_bana_202603300115-1-300x224.png 300w, https:\/\/www.medisinpharma.com\/wp-content\/uploads\/2026\/03\/bu_gorseli_bana_202603300115-1-768x573.png 768w, https:\/\/www.medisinpharma.com\/wp-content\/uploads\/2026\/03\/bu_gorseli_bana_202603300115-1-1536x1147.png 1536w, https:\/\/www.medisinpharma.com\/wp-content\/uploads\/2026\/03\/bu_gorseli_bana_202603300115-1-2048x1529.png 2048w\" sizes=\"(max-width: 640px) 100vw, 640px\" \/>\t\t\t\t\t\t\t\t\t\t\t\t\t\t\t<\/div>\n\t\t\t\t<\/div>\n\t\t<div class=\"elementor-element elementor-element-b6846cf e-con-full e-flex e-con e-child\" data-id=\"b6846cf\" data-element_type=\"container\" data-e-type=\"container\">\n\t\t\t\t<div class=\"elementor-element elementor-element-bd4cd64 elementor-widget elementor-widget-heading\" data-id=\"bd4cd64\" data-element_type=\"widget\" data-e-type=\"widget\" data-widget_type=\"heading.default\">\n\t\t\t\t<div class=\"elementor-widget-container\">\n\t\t\t\t\t<h2 class=\"elementor-heading-title elementor-size-default\">BARRIER SPRAY<\/h2>\t\t\t\t<\/div>\n\t\t\t\t<\/div>\n\t\t\t\t<div class=\"elementor-element elementor-element-f84b2c2 elementor-widget elementor-widget-heading\" data-id=\"f84b2c2\" data-element_type=\"widget\" data-e-type=\"widget\" data-widget_type=\"heading.default\">\n\t\t\t\t<div class=\"elementor-widget-container\">\n\t\t\t\t\t<span class=\"elementor-heading-title elementor-size-default\">Bariyer Sprey, cildi v\u00fccut s\u0131v\u0131lar\u0131ndan, yap\u0131\u015fkan\nmaddelerden ve s\u00fcrt\u00fcnmeden korumak amac\u0131yla\ntasarlanm\u0131\u015f, alkol i\u00e7ermeyen, h\u0131zl\u0131 kuruyan bir cilt\nkoruyucudur. Cilt \u00fczerinde \u015feffaf, nefes alabilen ve esnek\nbir bariyer olu\u015fturur. Hassas ve hasar g\u00f6rm\u00fc\u015f ciltlerde\nyanma yapmaz, tahri\u015fi \u00f6nler ve cildin do\u011fal nemini\nkorumas\u0131na yard\u0131mc\u0131 olur. 72 saate kadar koruma\nsa\u011flayarak pansuman de\u011fi\u015fim s\u0131kl\u0131\u011f\u0131n\u0131 optimize eder.\n<\/span>\t\t\t\t<\/div>\n\t\t\t\t<\/div>\n\t\t\t\t<\/div>\n\t\t\t\t<div class=\"elementor-element elementor-element-0a2be46 elementor-widget elementor-widget-buttn_app\" data-id=\"0a2be46\" data-element_type=\"widget\" data-e-type=\"widget\" data-widget_type=\"buttn_app.default\">\n\t\t\t\t<div class=\"elementor-widget-container\">\n\t\t\t\t\t<a href=\"https:\/\/profiles.wordpress.org\/webangon\/\" class=\"tp-btn-1 com-bg\">\n    <span class=\"tp-btn-txt\" data-text=\"\u00dcr\u00fcn\u00fc \u0130ncele\">\n        <span>\u00c3<\/span><span>\u0153<\/span><span>r<\/span><span>\u00c3<\/span><span>\u00bc<\/span><span>n<\/span><span>\u00c3<\/span><span>\u00bc<\/span><span>&nbsp;<\/span><span>\u00c4<\/span><span>\u00b0<\/span><span>n<\/span><span>c<\/span><span>e<\/span><span>l<\/span><span>e<\/span>    <\/span>\n<\/a>\n \t\t\t\t<\/div>\n\t\t\t\t<\/div>\n\t\t\t\t<\/div>\n\t\t<div class=\"elementor-element elementor-element-5c11c0a e-con-full e-flex e-con e-child\" data-id=\"5c11c0a\" data-element_type=\"container\" data-e-type=\"container\">\n\t\t<div class=\"elementor-element elementor-element-e5f76e6 e-con-full elementor-hidden-desktop elementor-hidden-tablet elementor-hidden-mobile_extra elementor-hidden-mobile e-flex e-con e-child\" data-id=\"e5f76e6\" data-element_type=\"container\" data-e-type=\"container\" data-settings=\"{&quot;background_background&quot;:&quot;classic&quot;}\">\n\t\t\t\t<div class=\"elementor-element elementor-element-bc42e17 elementor-widget elementor-widget-image\" data-id=\"bc42e17\" data-element_type=\"widget\" data-e-type=\"widget\" data-widget_type=\"image.default\">\n\t\t\t\t<div class=\"elementor-widget-container\">\n\t\t\t\t\t\t\t\t\t\t\t\t\t\t\t<img decoding=\"async\" width=\"640\" height=\"478\" src=\"https:\/\/www.medisinpharma.com\/wp-content\/uploads\/2026\/03\/bu_gorseli_bana_202603300119-1-1024x765.png\" class=\"attachment-large size-large wp-image-1206\" alt=\"\" srcset=\"https:\/\/www.medisinpharma.com\/wp-content\/uploads\/2026\/03\/bu_gorseli_bana_202603300119-1-1024x765.png 1024w, https:\/\/www.medisinpharma.com\/wp-content\/uploads\/2026\/03\/bu_gorseli_bana_202603300119-1-300x224.png 300w, https:\/\/www.medisinpharma.com\/wp-content\/uploads\/2026\/03\/bu_gorseli_bana_202603300119-1-768x573.png 768w, https:\/\/www.medisinpharma.com\/wp-content\/uploads\/2026\/03\/bu_gorseli_bana_202603300119-1-1536x1147.png 1536w, https:\/\/www.medisinpharma.com\/wp-content\/uploads\/2026\/03\/bu_gorseli_bana_202603300119-1-2048x1529.png 2048w\" sizes=\"(max-width: 640px) 100vw, 640px\" \/>\t\t\t\t\t\t\t\t\t\t\t\t\t\t\t<\/div>\n\t\t\t\t<\/div>\n\t\t<div class=\"elementor-element elementor-element-070b5aa e-con-full e-flex e-con e-child\" data-id=\"070b5aa\" data-element_type=\"container\" data-e-type=\"container\">\n\t\t\t\t<div class=\"elementor-element elementor-element-315ba04 elementor-widget elementor-widget-heading\" data-id=\"315ba04\" data-element_type=\"widget\" data-e-type=\"widget\" data-widget_type=\"heading.default\">\n\t\t\t\t<div class=\"elementor-widget-container\">\n\t\t\t\t\t<h2 class=\"elementor-heading-title elementor-size-default\">COLOSTOMY PASTE<\/h2>\t\t\t\t<\/div>\n\t\t\t\t<\/div>\n\t\t\t\t<div class=\"elementor-element elementor-element-11b151f elementor-widget elementor-widget-heading\" data-id=\"11b151f\" data-element_type=\"widget\" data-e-type=\"widget\" data-widget_type=\"heading.default\">\n\t\t\t\t<div class=\"elementor-widget-container\">\n\t\t\t\t\t<span class=\"elementor-heading-title elementor-size-default\">Colostomi Pastas\u0131, stoma \u00e7evresindeki cildi korumak ve\nadapt\u00f6r\u00fcn alt\u0131na s\u0131z\u0131nt\u0131 girmesini engellemek amac\u0131yla \u00f6zel\nolarak form\u00fcle edilmi\u015ftir. Cilt \u00fczerindeki p\u00fcr\u00fczleri, \u00e7ukurlar\u0131\nve k\u0131vr\u0131mlar\u0131 doldurarak d\u00fczg\u00fcn bir y\u00fczey olu\u015fturur.\nAdapt\u00f6r ile cilt aras\u0131ndaki bo\u015fluklar\u0131 m\u00fckemmel \u015fekilde\nm\u00fch\u00fcrleyerek s\u0131z\u0131nt\u0131 riskini minimize eder ve cildin\nd\u0131\u015fk\u0131\/idrar ile temas\u0131n\u0131 keserek tahri\u015fi \u00f6nler. Uzun s\u00fcre kal\u0131c\u0131\nve cilt dostu yap\u0131s\u0131 sayesinde konforlu bir kullan\u0131m sunar.<\/span>\t\t\t\t<\/div>\n\t\t\t\t<\/div>\n\t\t\t\t<\/div>\n\t\t\t\t<div class=\"elementor-element elementor-element-fafe91d elementor-widget elementor-widget-buttn_app\" data-id=\"fafe91d\" data-element_type=\"widget\" data-e-type=\"widget\" data-widget_type=\"buttn_app.default\">\n\t\t\t\t<div class=\"elementor-widget-container\">\n\t\t\t\t\t<a href=\"https:\/\/profiles.wordpress.org\/webangon\/\" class=\"tp-btn-1 com-bg\">\n    <span class=\"tp-btn-txt\" data-text=\"\u00dcr\u00fcn\u00fc \u0130ncele\">\n        <span>\u00c3<\/span><span>\u0153<\/span><span>r<\/span><span>\u00c3<\/span><span>\u00bc<\/span><span>n<\/span><span>\u00c3<\/span><span>\u00bc<\/span><span>&nbsp;<\/span><span>\u00c4<\/span><span>\u00b0<\/span><span>n<\/span><span>c<\/span><span>e<\/span><span>l<\/span><span>e<\/span>    <\/span>\n<\/a>\n \t\t\t\t<\/div>\n\t\t\t\t<\/div>\n\t\t\t\t<\/div>\n\t\t\t\t<\/div>\n\t\t\t\t\t<\/div>\n\t\t\t\t<\/div>\n\t\t<div class=\"elementor-element elementor-element-c6eb6bc e-flex e-con-boxed e-con e-parent\" data-id=\"c6eb6bc\" data-element_type=\"container\" data-e-type=\"container\">\n\t\t\t\t\t<div class=\"e-con-inner\">\n\t\t\t\t<div class=\"elementor-element elementor-element-760ac58 elementor-widget elementor-widget-spacer\" data-id=\"760ac58\" data-element_type=\"widget\" data-e-type=\"widget\" data-widget_type=\"spacer.default\">\n\t\t\t\t<div class=\"elementor-widget-container\">\n\t\t\t\t\t\t\t<div class=\"elementor-spacer\">\n\t\t\t<div class=\"elementor-spacer-inner\"><\/div>\n\t\t<\/div>\n\t\t\t\t\t\t<\/div>\n\t\t\t\t<\/div>\n\t\t\t\t\t<\/div>\n\t\t\t\t<\/div>\n\t\t\t\t<\/div>","protected":false},"excerpt":{"rendered":"<p>| T\u0131bbi Cihaz Yatan Hasta Bak\u0131m\u0131 Yatan hasta bak\u0131m\u0131, hastan\u0131n t\u0131bbi tedavisinin yan\u0131 s\u0131ra fiziksel konforunu, beslenmesini ve hijyenikgereksinimlerini en \u00fcst d\u00fczeyde kar\u015f\u0131lamay\u0131 hedefler. Bu s\u00fcre\u00e7te, hastan\u0131n ya\u015famsal bulgular\u0131n\u0131nd\u00fczenli takibi, ila\u00e7 y\u00f6netiminin titizlikle yap\u0131lmas\u0131 ve yat\u0131\u015f s\u00fcresince olu\u015fabilecek bas\u0131 yaralar\u0131 gibikomplikasyonlar\u0131n \u00f6nlenmesi esast\u0131r. Profesyonel bak\u0131m ekipleri, hastan\u0131n hem fiziksel hem depsikolojik iyi olu\u015f halini destekleyerek<\/p>\n<a class=\"read-more\" href=\"https:\/\/www.medisinpharma.com\/es\/tibbi-cihaz\/\">Leer m\u00e1s<\/a>","protected":false},"author":1,"featured_media":0,"parent":0,"menu_order":0,"comment_status":"closed","ping_status":"closed","template":"elementor_header_footer","meta":{"footnotes":""},"class_list":["post-1016","page","type-page","status-publish","hentry"],"_links":{"self":[{"href":"https:\/\/www.medisinpharma.com\/es\/wp-json\/wp\/v2\/pages\/1016","targetHints":{"allow":["GET"]}}],"collection":[{"href":"https:\/\/www.medisinpharma.com\/es\/wp-json\/wp\/v2\/pages"}],"about":[{"href":"https:\/\/www.medisinpharma.com\/es\/wp-json\/wp\/v2\/types\/page"}],"author":[{"embeddable":true,"href":"https:\/\/www.medisinpharma.com\/es\/wp-json\/wp\/v2\/users\/1"}],"replies":[{"embeddable":true,"href":"https:\/\/www.medisinpharma.com\/es\/wp-json\/wp\/v2\/comments?post=1016"}],"version-history":[{"count":19,"href":"https:\/\/www.medisinpharma.com\/es\/wp-json\/wp\/v2\/pages\/1016\/revisions"}],"predecessor-version":[{"id":1422,"href":"https:\/\/www.medisinpharma.com\/es\/wp-json\/wp\/v2\/pages\/1016\/revisions\/1422"}],"wp:attachment":[{"href":"https:\/\/www.medisinpharma.com\/es\/wp-json\/wp\/v2\/media?parent=1016"}],"curies":[{"name":"wp","href":"https:\/\/api.w.org\/{rel}","templated":true}]}}