{"id":1335,"date":"2026-04-15T10:55:55","date_gmt":"2026-04-15T10:55:55","guid":{"rendered":"https:\/\/www.medisinpharma.com\/?page_id=1335"},"modified":"2026-04-15T10:56:25","modified_gmt":"2026-04-15T10:56:25","slug":"florursuz-dis-macunu","status":"publish","type":"page","link":"https:\/\/www.medisinpharma.com\/en\/florursuz-dis-macunu\/","title":{"rendered":"Flor\u00fcrs\u00fcz Di\u015f Macunu"},"content":{"rendered":"","protected":false},"excerpt":{"rendered":"<a class=\"read-more\" href=\"https:\/\/www.medisinpharma.com\/en\/florursuz-dis-macunu\/\">Read More<\/a>","protected":false},"author":1,"featured_media":0,"parent":0,"menu_order":0,"comment_status":"closed","ping_status":"closed","template":"elementor_header_footer","meta":{"footnotes":""},"class_list":["post-1335","page","type-page","status-publish","hentry"],"_links":{"self":[{"href":"https:\/\/www.medisinpharma.com\/en\/wp-json\/wp\/v2\/pages\/1335","targetHints":{"allow":["GET"]}}],"collection":[{"href":"https:\/\/www.medisinpharma.com\/en\/wp-json\/wp\/v2\/pages"}],"about":[{"href":"https:\/\/www.medisinpharma.com\/en\/wp-json\/wp\/v2\/types\/page"}],"author":[{"embeddable":true,"href":"https:\/\/www.medisinpharma.com\/en\/wp-json\/wp\/v2\/users\/1"}],"replies":[{"embeddable":true,"href":"https:\/\/www.medisinpharma.com\/en\/wp-json\/wp\/v2\/comments?post=1335"}],"version-history":[{"count":4,"href":"https:\/\/www.medisinpharma.com\/en\/wp-json\/wp\/v2\/pages\/1335\/revisions"}],"predecessor-version":[{"id":1342,"href":"https:\/\/www.medisinpharma.com\/en\/wp-json\/wp\/v2\/pages\/1335\/revisions\/1342"}],"wp:attachment":[{"href":"https:\/\/www.medisinpharma.com\/en\/wp-json\/wp\/v2\/media?parent=1335"}],"curies":[{"name":"wp","href":"https:\/\/api.w.org\/{rel}","templated":true}]}}