{"id":1109,"date":"2026-03-18T11:14:35","date_gmt":"2026-03-18T11:14:35","guid":{"rendered":"https:\/\/www.medisinpharma.com\/?page_id=1109"},"modified":"2026-03-29T21:02:05","modified_gmt":"2026-03-29T21:02:05","slug":"hakkimizda","status":"publish","type":"page","link":"https:\/\/www.medisinpharma.com\/en\/hakkimizda\/","title":{"rendered":"About Us"},"content":{"rendered":"<div data-elementor-type=\"wp-page\" data-elementor-id=\"1109\" class=\"elementor elementor-1109\">\n\t\t\t\t<div class=\"elementor-element elementor-element-ca30fa6 e-flex e-con-boxed e-con e-parent\" data-id=\"ca30fa6\" data-element_type=\"container\" data-e-type=\"container\" data-settings=\"{&quot;background_background&quot;:&quot;classic&quot;}\">\n\t\t\t\t\t<div class=\"e-con-inner\">\n\t\t\t\t<div class=\"elementor-element elementor-element-b126c14 elementor-widget elementor-widget-heading\" data-id=\"b126c14\" data-element_type=\"widget\" data-e-type=\"widget\" data-widget_type=\"heading.default\">\n\t\t\t\t<div class=\"elementor-widget-container\">\n\t\t\t\t\t<h2 class=\"elementor-heading-title elementor-size-default\">About Us<\/h2>\t\t\t\t<\/div>\n\t\t\t\t<\/div>\n\t\t\t\t\t<\/div>\n\t\t\t\t<\/div>\n\t\t<div class=\"elementor-element elementor-element-c0d96e3 e-flex e-con-boxed e-con e-parent\" data-id=\"c0d96e3\" data-element_type=\"container\" data-e-type=\"container\" data-settings=\"{&quot;background_background&quot;:&quot;classic&quot;}\">\n\t\t\t\t\t<div class=\"e-con-inner\">\n\t\t\t\t<div class=\"elementor-element elementor-element-267edfa elementor-widget elementor-widget-heading\" data-id=\"267edfa\" data-element_type=\"widget\" data-e-type=\"widget\" data-widget_type=\"heading.default\">\n\t\t\t\t<div class=\"elementor-widget-container\">\n\t\t\t\t\t<span class=\"elementor-heading-title elementor-size-default\">Everything begins with trust!<\/span>\t\t\t\t<\/div>\n\t\t\t\t<\/div>\n\t\t\t\t\t<\/div>\n\t\t\t\t<\/div>\n\t\t<div class=\"elementor-element elementor-element-0404baa e-flex e-con-boxed e-con e-parent\" data-id=\"0404baa\" data-element_type=\"container\" data-e-type=\"container\" data-settings=\"{&quot;background_background&quot;:&quot;classic&quot;}\">\n\t\t\t\t\t<div class=\"e-con-inner\">\n\t\t\t\t<div class=\"elementor-element elementor-element-63dad91 elementor-widget elementor-widget-text-editor\" data-id=\"63dad91\" data-element_type=\"widget\" data-e-type=\"widget\" data-widget_type=\"text-editor.default\">\n\t\t\t\t<div class=\"elementor-widget-container\">\n\t\t\t\t\t\t\t\t\t<h3 data-section-id=\"1n31642\" data-start=\"117\" data-end=\"161\"><span role=\"text\"><strong data-start=\"121\" data-end=\"161\">Medisin: Trust and Quality in Healthcare<\/strong><\/span><\/h3><p data-start=\"163\" data-end=\"369\">We have gained years of experience in senior management, production planning, and strategic marketing across various disciplines of the healthcare sector. <strong data-start=\"309\" data-end=\"332\">Medisin Pharmaceutical Industry<\/strong> We brought them together under one roof.<\/p><p data-start=\"371\" data-end=\"696\">With our modern production facilities, scientific approach, and dynamic team, we set out with the goal of producing reliable products that prioritize human health and meet global standards. Our aim is to closely follow the latest technologies in the medical world and bring high-quality solutions that facilitate access to healthcare to the community.<\/p><hr data-start=\"698\" data-end=\"701\" \/><h3 data-section-id=\"odp8l0\" data-start=\"703\" data-end=\"736\"><span role=\"text\"><strong data-start=\"707\" data-end=\"736\">Our Commitment to the Future<\/strong><\/span><\/h3><p data-start=\"738\" data-end=\"994\">We are aware that the medical sector is not only a manufacturing area but also a significant responsibility for saving lives. With our solution-oriented approach, we have made it our principle to provide our patients and business partners with fast, effective, and scientifically based solutions.<\/p><p data-start=\"996\" data-end=\"1120\">By operating with a &quot;solution, not excuses&quot; approach in all circumstances, we aim to be a reliable and sustainable business partner.<\/p><hr data-start=\"1122\" data-end=\"1125\" \/><h3 data-section-id=\"eb2v1c\" data-start=\"1127\" data-end=\"1167\"><span role=\"text\"><strong data-start=\"1131\" data-end=\"1167\">We are working to improve your quality of life.<\/strong><\/span><\/h3><p data-start=\"1169\" data-end=\"1398\">For us, experience is not just about passing the time, but about producing results that benefit society. With our expert teams, we aim to improve your quality of life by providing the solutions you need in the fastest and most reliable way.<\/p><hr data-start=\"1400\" data-end=\"1403\" \/><h3 data-section-id=\"hx3gcq\" data-start=\"1405\" data-end=\"1458\"><span role=\"text\"><strong data-start=\"1409\" data-end=\"1458\">Reliable Solutions for Sustainable Healthcare<\/strong><\/span><\/h3><p data-start=\"1460\" data-end=\"1644\">We stand behind every product we manufacture. With our transparent communication approach and uninterrupted after-sales support, we guarantee trust wherever the Medisin brand is present.<\/p><hr data-start=\"1646\" data-end=\"1649\" \/><h3 data-section-id=\"rlo20b\" data-start=\"1651\" data-end=\"1700\"><span role=\"text\"><strong data-start=\"1655\" data-end=\"1700\">Accessible Healthcare at Global Standards<\/strong><\/span><\/h3><p data-start=\"1702\" data-end=\"1936\">We believe every individual has the right to access high-quality healthcare solutions. We offer professional solutions by combining global quality standards with local needs at every stage of our production, sales, and technical support processes.<\/p><hr data-start=\"1938\" data-end=\"1941\" \/><h3 data-section-id=\"190ajxr\" data-start=\"1943\" data-end=\"1988\"><span role=\"text\"><strong data-start=\"1947\" data-end=\"1988\">Advanced Technology and Innovation in Healthcare<\/strong><\/span><\/h3><p data-start=\"1990\" data-end=\"2206\">We are constantly improving our production processes and closely following modern technologies. With our experienced team, we combine traditional knowledge with modern science to create new standards in the healthcare field.<\/p>\t\t\t\t\t\t\t\t<\/div>\n\t\t\t\t<\/div>\n\t\t\t\t\t<\/div>\n\t\t\t\t<\/div>\n\t\t\t\t<\/div>","protected":false},"excerpt":{"rendered":"<p>Hakk\u0131m\u0131zda Her \u015eey G\u00fcvenle Ba\u015flar! Medisin ile Sa\u011fl\u0131kta G\u00fcven ve Kalite Sa\u011fl\u0131k sekt\u00f6r\u00fcn\u00fcn farkl\u0131 disiplinlerinde uzun y\u0131llar boyunca edindi\u011fimiz \u00fcst d\u00fczey y\u00f6neticilik, \u00fcretim planlama ve stratejik pazarlama deneyimini Medisin \u0130la\u00e7 Sanayi \u00e7at\u0131s\u0131 alt\u0131nda bir araya getirdik. Modern \u00fcretim tesisimiz, bilimsel yakla\u015f\u0131m\u0131m\u0131z ve dinamik kadromuz ile insan sa\u011fl\u0131\u011f\u0131n\u0131 merkeze alan, k\u00fcresel standartlarda g\u00fcvenilir \u00fcr\u00fcnler \u00fcretme hedefiyle<\/p>\n<a class=\"read-more\" href=\"https:\/\/www.medisinpharma.com\/en\/hakkimizda\/\">Read More<\/a>","protected":false},"author":1,"featured_media":0,"parent":0,"menu_order":0,"comment_status":"closed","ping_status":"closed","template":"elementor_header_footer","meta":{"footnotes":""},"class_list":["post-1109","page","type-page","status-publish","hentry"],"_links":{"self":[{"href":"https:\/\/www.medisinpharma.com\/en\/wp-json\/wp\/v2\/pages\/1109","targetHints":{"allow":["GET"]}}],"collection":[{"href":"https:\/\/www.medisinpharma.com\/en\/wp-json\/wp\/v2\/pages"}],"about":[{"href":"https:\/\/www.medisinpharma.com\/en\/wp-json\/wp\/v2\/types\/page"}],"author":[{"embeddable":true,"href":"https:\/\/www.medisinpharma.com\/en\/wp-json\/wp\/v2\/users\/1"}],"replies":[{"embeddable":true,"href":"https:\/\/www.medisinpharma.com\/en\/wp-json\/wp\/v2\/comments?post=1109"}],"version-history":[{"count":10,"href":"https:\/\/www.medisinpharma.com\/en\/wp-json\/wp\/v2\/pages\/1109\/revisions"}],"predecessor-version":[{"id":1166,"href":"https:\/\/www.medisinpharma.com\/en\/wp-json\/wp\/v2\/pages\/1109\/revisions\/1166"}],"wp:attachment":[{"href":"https:\/\/www.medisinpharma.com\/en\/wp-json\/wp\/v2\/media?parent=1109"}],"curies":[{"name":"wp","href":"https:\/\/api.w.org\/{rel}","templated":true}]}}