{"id":1012,"date":"2026-03-17T21:51:10","date_gmt":"2026-03-17T21:51:10","guid":{"rendered":"https:\/\/www.medisinpharma.com\/?page_id=1012"},"modified":"2026-04-15T13:21:47","modified_gmt":"2026-04-15T13:21:47","slug":"medikal-sarf-yardimci","status":"publish","type":"page","link":"https:\/\/www.medisinpharma.com\/en\/medikal-sarf-yardimci\/","title":{"rendered":"Medical Supplies"},"content":{"rendered":"<div data-elementor-type=\"wp-page\" data-elementor-id=\"1012\" class=\"elementor elementor-1012\">\n\t\t\t\t<div class=\"elementor-element elementor-element-ce6dd6b e-flex e-con-boxed e-con e-parent\" data-id=\"ce6dd6b\" data-element_type=\"container\" data-e-type=\"container\" data-settings=\"{&quot;background_background&quot;:&quot;classic&quot;}\">\n\t\t\t\t\t<div class=\"e-con-inner\">\n\t\t\t\t<div class=\"elementor-element elementor-element-8b24741 elementor-widget elementor-widget-heading\" data-id=\"8b24741\" data-element_type=\"widget\" data-e-type=\"widget\" data-widget_type=\"heading.default\">\n\t\t\t\t<div class=\"elementor-widget-container\">\n\t\t\t\t\t<h3 class=\"elementor-heading-title elementor-size-default\">| Medical Supplies<\/h3>\t\t\t\t<\/div>\n\t\t\t\t<\/div>\n\t\t\t\t\t<\/div>\n\t\t\t\t<\/div>\n\t\t<div class=\"elementor-element elementor-element-3dde1af e-flex e-con-boxed e-con e-parent\" data-id=\"3dde1af\" data-element_type=\"container\" data-e-type=\"container\" data-settings=\"{&quot;background_background&quot;:&quot;classic&quot;}\">\n\t\t\t\t\t<div class=\"e-con-inner\">\n\t\t<div class=\"elementor-element elementor-element-f5226e9 e-con-full e-flex e-con e-child\" data-id=\"f5226e9\" data-element_type=\"container\" data-e-type=\"container\">\n\t\t<div class=\"elementor-element elementor-element-17f0d94 e-con-full e-flex e-con e-child\" data-id=\"17f0d94\" data-element_type=\"container\" data-e-type=\"container\" data-settings=\"{&quot;background_background&quot;:&quot;classic&quot;}\">\n\t\t\t\t<div class=\"elementor-element elementor-element-10c7cf8 elementor-widget elementor-widget-image\" data-id=\"10c7cf8\" data-element_type=\"widget\" data-e-type=\"widget\" data-widget_type=\"image.default\">\n\t\t\t\t<div class=\"elementor-widget-container\">\n\t\t\t\t\t\t\t\t\t\t\t\t\t\t\t\t<a href=\"\/en\/yuksek-saflikta-distile-su\/\">\n\t\t\t\t\t\t\t<img fetchpriority=\"high\" decoding=\"async\" width=\"640\" height=\"478\" src=\"https:\/\/www.medisinpharma.com\/wp-content\/uploads\/2026\/03\/bu_gorseli_bana_202603300005-1-1024x765.png\" class=\"attachment-large size-large wp-image-1168\" alt=\"\" srcset=\"https:\/\/www.medisinpharma.com\/wp-content\/uploads\/2026\/03\/bu_gorseli_bana_202603300005-1-1024x765.png 1024w, https:\/\/www.medisinpharma.com\/wp-content\/uploads\/2026\/03\/bu_gorseli_bana_202603300005-1-300x224.png 300w, https:\/\/www.medisinpharma.com\/wp-content\/uploads\/2026\/03\/bu_gorseli_bana_202603300005-1-768x573.png 768w, https:\/\/www.medisinpharma.com\/wp-content\/uploads\/2026\/03\/bu_gorseli_bana_202603300005-1-1536x1147.png 1536w, https:\/\/www.medisinpharma.com\/wp-content\/uploads\/2026\/03\/bu_gorseli_bana_202603300005-1-2048x1529.png 2048w\" sizes=\"(max-width: 640px) 100vw, 640px\" \/>\t\t\t\t\t\t\t\t<\/a>\n\t\t\t\t\t\t\t\t\t\t\t\t\t\t\t<\/div>\n\t\t\t\t<\/div>\n\t\t\t\t<div class=\"elementor-element elementor-element-d7d54d7 elementor-widget elementor-widget-image\" data-id=\"d7d54d7\" data-element_type=\"widget\" data-e-type=\"widget\" data-widget_type=\"image.default\">\n\t\t\t\t<div class=\"elementor-widget-container\">\n\t\t\t\t\t\t\t\t\t\t\t\t\t\t\t<img decoding=\"async\" src=\"http:\/\/www.medisinpharma.com\/wp-content\/uploads\/sites\/2\/2025\/09\/pexels-wei86_travel-slow-life-31932701-33902245.jpg\" title=\"\" alt=\"\" loading=\"lazy\" \/>\t\t\t\t\t\t\t\t\t\t\t\t\t\t\t<\/div>\n\t\t\t\t<\/div>\n\t\t<div class=\"elementor-element elementor-element-4684e11 e-con-full e-flex e-con e-child\" data-id=\"4684e11\" data-element_type=\"container\" data-e-type=\"container\">\n\t\t\t\t<div class=\"elementor-element elementor-element-cffe3b4 elementor-widget elementor-widget-heading\" data-id=\"cffe3b4\" data-element_type=\"widget\" data-e-type=\"widget\" data-widget_type=\"heading.default\">\n\t\t\t\t<div class=\"elementor-widget-container\">\n\t\t\t\t\t<h2 class=\"elementor-heading-title elementor-size-default\"><a href=\"\/en\/yuksek-saflikta-distile-su\/\">High Purity Distilled Water<\/a><\/h2>\t\t\t\t<\/div>\n\t\t\t\t<\/div>\n\t\t\t\t<div class=\"elementor-element elementor-element-c759be8 elementor-widget elementor-widget-heading\" data-id=\"c759be8\" data-element_type=\"widget\" data-e-type=\"widget\" data-widget_type=\"heading.default\">\n\t\t\t\t<div class=\"elementor-widget-container\">\n\t\t\t\t\t<span class=\"elementor-heading-title elementor-size-default\"><a href=\"\/en\/yuksek-saflikta-distile-su\/\">High-purity distilled water is a specialized product completely free of minerals, sediment, and limescale, thanks to advanced purification technologies such as reverse osmosis and deionization. This product, which is not covered under Medical Device Regulations (MDR), is formulated as a reliable auxiliary product for laboratory work, equipment maintenance, industrial processes, and general-purpose rinsing operations. Its ion and heavy metal-free composition prevents corrosion in equipment, prevents system clogging, and directly contributes to operational efficiency by extending the lifespan of devices.<\/a><\/span>\t\t\t\t<\/div>\n\t\t\t\t<\/div>\n\t\t\t\t<\/div>\n\t\t\t\t<div class=\"elementor-element elementor-element-8c055b3 elementor-widget elementor-widget-buttn_app\" data-id=\"8c055b3\" data-element_type=\"widget\" data-e-type=\"widget\" data-widget_type=\"buttn_app.default\">\n\t\t\t\t<div class=\"elementor-widget-container\">\n\t\t\t\t\t<a href=\"\/en\/yuksek-saflikta-distile-su\/\" class=\"tp-btn-1 com-bg\">\n    <span class=\"tp-btn-txt\" data-text=\"\u00dcr\u00fcn\u00fc \u0130ncele\">\n        <span>\u00c3<\/span><span>\u0153<\/span><span>r<\/span><span>\u00c3<\/span><span>\u00bc<\/span><span>n<\/span><span>\u00c3<\/span><span>\u00bc<\/span><span>&nbsp;<\/span><span>\u00c4<\/span><span>\u00b0<\/span><span>n<\/span><span>c<\/span><span>e<\/span><span>l<\/span><span>e<\/span>    <\/span>\n<\/a>\n \t\t\t\t<\/div>\n\t\t\t\t<\/div>\n\t\t\t\t<\/div>\n\t\t\t\t<\/div>\n\t\t\t\t\t<\/div>\n\t\t\t\t<\/div>\n\t\t<div class=\"elementor-element elementor-element-d81478f e-flex e-con-boxed e-con e-parent\" data-id=\"d81478f\" data-element_type=\"container\" data-e-type=\"container\">\n\t\t\t\t\t<div class=\"e-con-inner\">\n\t\t\t\t<div class=\"elementor-element elementor-element-53e2ca1 elementor-widget elementor-widget-spacer\" data-id=\"53e2ca1\" data-element_type=\"widget\" data-e-type=\"widget\" data-widget_type=\"spacer.default\">\n\t\t\t\t<div class=\"elementor-widget-container\">\n\t\t\t\t\t\t\t<div class=\"elementor-spacer\">\n\t\t\t<div class=\"elementor-spacer-inner\"><\/div>\n\t\t<\/div>\n\t\t\t\t\t\t<\/div>\n\t\t\t\t<\/div>\n\t\t\t\t\t<\/div>\n\t\t\t\t<\/div>\n\t\t\t\t<\/div>","protected":false},"excerpt":{"rendered":"<p>| Medikal Sarf Yard\u0131mc\u0131 Y\u00fcksek Safl\u0131kta Distile Su Y\u00fcksek safl\u0131kta distile su, ters osmoz ve deiyonizasyon gibi ileri ar\u0131t\u0131m teknolojileriyle minerallerinden tamamen ar\u0131nd\u0131r\u0131lm\u0131\u015f, tortu ve kire\u00e7 b\u0131rakmayan \u00f6zel bir \u00fcr\u00fcnd\u00fcr. T\u0131bbi cihaz mevzuat\u0131 (MDR) kapsam\u0131nda olmayan bu \u00fcr\u00fcn; laboratuvar \u00e7al\u0131\u015fmalar\u0131, cihaz bak\u0131mlar\u0131, end\u00fcstriyel s\u00fcre\u00e7ler ve genel ama\u00e7l\u0131 durulama i\u015flemlerinde g\u00fcvenilir bir yard\u0131mc\u0131 \u00fcr\u00fcn olarak form\u00fcle<\/p>\n<a class=\"read-more\" href=\"https:\/\/www.medisinpharma.com\/en\/medikal-sarf-yardimci\/\">Read More<\/a>","protected":false},"author":1,"featured_media":0,"parent":0,"menu_order":0,"comment_status":"closed","ping_status":"closed","template":"elementor_header_footer","meta":{"footnotes":""},"class_list":["post-1012","page","type-page","status-publish","hentry"],"_links":{"self":[{"href":"https:\/\/www.medisinpharma.com\/en\/wp-json\/wp\/v2\/pages\/1012","targetHints":{"allow":["GET"]}}],"collection":[{"href":"https:\/\/www.medisinpharma.com\/en\/wp-json\/wp\/v2\/pages"}],"about":[{"href":"https:\/\/www.medisinpharma.com\/en\/wp-json\/wp\/v2\/types\/page"}],"author":[{"embeddable":true,"href":"https:\/\/www.medisinpharma.com\/en\/wp-json\/wp\/v2\/users\/1"}],"replies":[{"embeddable":true,"href":"https:\/\/www.medisinpharma.com\/en\/wp-json\/wp\/v2\/comments?post=1012"}],"version-history":[{"count":22,"href":"https:\/\/www.medisinpharma.com\/en\/wp-json\/wp\/v2\/pages\/1012\/revisions"}],"predecessor-version":[{"id":1394,"href":"https:\/\/www.medisinpharma.com\/en\/wp-json\/wp\/v2\/pages\/1012\/revisions\/1394"}],"wp:attachment":[{"href":"https:\/\/www.medisinpharma.com\/en\/wp-json\/wp\/v2\/media?parent=1012"}],"curies":[{"name":"wp","href":"https:\/\/api.w.org\/{rel}","templated":true}]}}