{"id":38,"date":"2025-09-18T13:31:05","date_gmt":"2025-09-18T13:31:05","guid":{"rendered":"https:\/\/webangon.com\/sites\/chupacabra\/logistic\/?page_id=38"},"modified":"2026-04-14T17:18:04","modified_gmt":"2026-04-14T17:18:04","slug":"iletisim","status":"publish","type":"page","link":"https:\/\/www.medisinpharma.com\/ar\/iletisim\/","title":{"rendered":"\u062a\u0648\u0627\u0635\u0644"},"content":{"rendered":"<div data-elementor-type=\"wp-page\" data-elementor-id=\"38\" class=\"elementor elementor-38\">\n\t\t\t\t<div class=\"elementor-element elementor-element-23904b0 e-flex e-con-boxed e-con e-parent\" data-id=\"23904b0\" data-element_type=\"container\" data-e-type=\"container\" data-settings=\"{&quot;background_background&quot;:&quot;classic&quot;}\">\n\t\t\t\t\t<div class=\"e-con-inner\">\n\t\t\t\t<div class=\"elementor-element elementor-element-db5bfe5 elementor-widget elementor-widget-heading\" data-id=\"db5bfe5\" data-element_type=\"widget\" data-e-type=\"widget\" data-widget_type=\"heading.default\">\n\t\t\t\t<div class=\"elementor-widget-container\">\n\t\t\t\t\t<h2 class=\"elementor-heading-title elementor-size-default\">\u0627\u062a\u0635\u0644 \u0628\u0646\u0627<\/h2>\t\t\t\t<\/div>\n\t\t\t\t<\/div>\n\t\t\t\t\t<\/div>\n\t\t\t\t<\/div>\n\t\t<div class=\"elementor-element elementor-element-4167b64 e-flex e-con-boxed e-con e-parent\" data-id=\"4167b64\" data-element_type=\"container\" data-e-type=\"container\" data-settings=\"{&quot;background_background&quot;:&quot;classic&quot;}\">\n\t\t\t\t\t<div class=\"e-con-inner\">\n\t\t<div class=\"elementor-element elementor-element-93541db e-con-full e-flex e-con e-child\" data-id=\"93541db\" data-element_type=\"container\" data-e-type=\"container\">\n\t\t\t\t<div class=\"elementor-element elementor-element-c30d07a elementor-widget elementor-widget-heading4\" data-id=\"c30d07a\" data-element_type=\"widget\" data-e-type=\"widget\" data-widget_type=\"heading4.default\">\n\t\t\t\t<div class=\"elementor-widget-container\">\n\t\t\t\t\t\n<div class=\"tbheading4 style-three\">\n    <div class=\"headwrp\">\n    \t\t<h3 class=\"main-head\">\u0643\u0644 \u0634\u064a\u0621 \u064a\u0628\u062f\u0623 \u0628\u0627\u0644\u062b\u0642\u0629!<\/h3>    <\/div>\n<\/div>\t\t\t\t<\/div>\n\t\t\t\t<\/div>\n\t\t\t\t<div class=\"elementor-element elementor-element-d096cf6 elementor-widget elementor-widget-heading\" data-id=\"d096cf6\" data-element_type=\"widget\" data-e-type=\"widget\" data-widget_type=\"heading.default\">\n\t\t\t\t<div class=\"elementor-widget-container\">\n\t\t\t\t\t<p class=\"elementor-heading-title elementor-size-default\"><b>\u0627\u062a\u0635\u0644 \u0628\u0646\u0627 <\/b> <br>\n\u0646\u0634\u0643\u0631\u0643\u0645 \u0639\u0644\u0649 \u0632\u064a\u0627\u0631\u0629 \u0645\u0648\u0642\u0639\u0646\u0627 \u0627\u0644\u0625\u0644\u0643\u062a\u0631\u0648\u0646\u064a \u0648 <b> <i>\u0645\u064a\u062f\u064a\u0633\u064a\u0646\u00ae<\/i><\/b> \u0646\u0634\u0643\u0631\u0643\u0645 \u0639\u0644\u0649 \u0627\u0647\u062a\u0645\u0627\u0645\u0643\u0645 \u0628\u0645\u0646\u062a\u062c\u0627\u062a\u0646\u0627.<\/p>\t\t\t\t<\/div>\n\t\t\t\t<\/div>\n\t\t\t\t<div class=\"elementor-element elementor-element-ed8ac0e elementor-widget elementor-widget-tp-contact\" data-id=\"ed8ac0e\" data-element_type=\"widget\" data-e-type=\"widget\" data-widget_type=\"tp-contact.default\">\n\t\t\t\t<div class=\"elementor-widget-container\">\n\t\t\t\t\t\n<form class=\"tp-contact-wrap left-icon\" data-xld ='{\"email\":\"95.98.107.103.108.62.107.95.103.106.44.97.109.107.100\",\"success\":\"Bizimle ileti\\u015fime ge\\u00e7ti\\u011finiz i\\u00e7in te\\u015fekk\\u00fcr ederiz, en k\\u0131sa s\\u00fcrede size geri d\\u00f6nece\\u011fiz.\",\"fail\":\"Bir sorun olu\\u015ftu. L\\u00fctfen tekrar deneyin.\",\"error\":\"L\\u00fctfen do\\u011fru bilgileri girin.\",\"subject\":\"\\u0130leti\\u015fim Formu \"}' novalidate action=\"\">\n   <div data-xld ='{\"id\":\"319228c\",\"type\":\"text\",\"required\":\"yes\"}' class=\"item elementor-repeater-item-319228c\"><i class=\"tpbi bi-person\"><\/i><span class=\"tp-label\"><\/span><input class=\"tp-input\" name=\"\" type=\"text\"  placeholder=\"\u0627\u0633\u0645\" ><\/div>\n   <div data-xld ='{\"id\":\"fa70b50\",\"type\":\"email\",\"required\":\"yes\"}' class=\"item elementor-repeater-item-fa70b50\"><i class=\"tpbi bi-envelope-at\"><\/i><span class=\"tp-label\"><\/span><input class=\"tp-input\" name=\"\" type=\"email\"  placeholder=\"\u0628\u0631\u064a\u062f \u0625\u0644\u0643\u062a\u0631\u0648\u0646\u064a*\" ><\/div>\n   <div data-xld ='{\"id\":\"ccbeb61\",\"type\":\"text\",\"required\":\"yes\"}' class=\"item elementor-repeater-item-ccbeb61\"><i class=\"tpbi bi-telephone-outbound\"><\/i><span class=\"tp-label\"><\/span><input class=\"tp-input\" name=\"\" type=\"text\"  placeholder=\"\u0627\u0644\u0647\u0627\u062a\u0641\" ><\/div>\n   <div data-xld ='{\"id\":\"0289c74\",\"type\":\"text\",\"required\":\"yes\"}' class=\"item elementor-repeater-item-0289c74\"><i class=\"tpbi bi-briefcase\"><\/i><span class=\"tp-label\"><\/span><input class=\"tp-input\" name=\"\" type=\"text\"  placeholder=\"\u0627\u0633\u0645 \u0634\u0631\u0643\u062a\u0643\" ><\/div><div data-xld ='{\"id\":\"cafdb0a\",\"type\":\"textarea\",\"required\":\"yes\"}' class=\"item elementor-repeater-item-cafdb0a\"><i class=\"tpbi bi-chat-square\"><\/i><span class=\"tp-label\"><\/span><textarea class=\"tp-input\" name=\"\" placeholder=\"\u0631\u0633\u0627\u0644\u062a\u0643\" ><\/textarea><\/div><div class='tp-form-btn'>\n        <button class=\"tbtr\" type=\"submit\"><span>\u0625\u0631\u0633\u0627\u0644 \u0627\u0644\u0646\u0645\u0648\u0630\u062c<i class=\"far fa-arrow-alt-circle-right\"><\/i><\/span>\n        <div class=\"loader\"><\/div>\n    <\/button>\n<\/div> \n<div class=\"response\"><\/div>\n<input type=\"hidden\" name=\"trp-form-language\" value=\"ar\"\/><\/form>\t\t\t\t<\/div>\n\t\t\t\t<\/div>\n\t\t\t\t<\/div>\n\t\t<div class=\"elementor-element elementor-element-505931c e-con-full e-flex e-con e-child\" data-id=\"505931c\" data-element_type=\"container\" data-e-type=\"container\">\n\t\t<div class=\"elementor-element elementor-element-bd324ef e-con-full e-flex e-con e-child\" data-id=\"bd324ef\" data-element_type=\"container\" data-e-type=\"container\" data-settings=\"{&quot;background_background&quot;:&quot;classic&quot;}\">\n\t\t\t\t<div class=\"elementor-element elementor-element-d7baa07 elementor-widget__width-initial elementor-widget elementor-widget-image\" data-id=\"d7baa07\" data-element_type=\"widget\" data-e-type=\"widget\" data-widget_type=\"image.default\">\n\t\t\t\t<div class=\"elementor-widget-container\">\n\t\t\t\t\t\t\t\t\t\t\t\t\t\t\t<img fetchpriority=\"high\" decoding=\"async\" width=\"516\" height=\"486\" src=\"https:\/\/www.medisinpharma.com\/wp-content\/uploads\/2026\/03\/Resim1.png\" class=\"attachment-large size-large wp-image-1034\" alt=\"\" srcset=\"https:\/\/www.medisinpharma.com\/wp-content\/uploads\/2026\/03\/Resim1.png 516w, https:\/\/www.medisinpharma.com\/wp-content\/uploads\/2026\/03\/Resim1-300x283.png 300w\" sizes=\"(max-width: 516px) 100vw, 516px\" \/>\t\t\t\t\t\t\t\t\t\t\t\t\t\t\t<\/div>\n\t\t\t\t<\/div>\n\t\t\t\t<div class=\"elementor-element elementor-element-9421a9b elementor-widget elementor-widget-heading\" data-id=\"9421a9b\" data-element_type=\"widget\" data-e-type=\"widget\" data-widget_type=\"heading.default\">\n\t\t\t\t<div class=\"elementor-widget-container\">\n\t\t\t\t\t<h2 class=\"elementor-heading-title elementor-size-default\">\u0645\u0643\u062a\u0628\u0646\u0627 \u0641\u064a \u0623\u0646\u0642\u0631\u0629<\/h2>\t\t\t\t<\/div>\n\t\t\t\t<\/div>\n\t\t\t\t<div class=\"elementor-element elementor-element-8ddb8af elementor-widget elementor-widget-heading\" data-id=\"8ddb8af\" data-element_type=\"widget\" data-e-type=\"widget\" data-widget_type=\"heading.default\">\n\t\t\t\t<div class=\"elementor-widget-container\">\n\t\t\t\t\t<p class=\"elementor-heading-title elementor-size-default\">\u0645\u0646\u0637\u0642\u0629 \u063a\u064a\u0631\u0633\u0627\u0646 \u0627\u0644\u0635\u0646\u0627\u0639\u064a\u0629\u060c \u0634\u0627\u0631\u0639 2308\u060c \u0631\u0642\u0645: 29\u060c \u064a\u0646\u064a\u0645\u0627\u0647\u0627\u0644\u0647 \/ \u0623\u0646\u0642\u0631\u0629 \u2013 \u062a\u0631\u0643\u064a\u0627\u060c \u0627\u0644\u0631\u0645\u0632 \u0627\u0644\u0628\u0631\u064a\u062f\u064a: 06370<\/p>\t\t\t\t<\/div>\n\t\t\t\t<\/div>\n\t\t\t\t<div class=\"elementor-element elementor-element-881702c elementor-icon-list--layout-traditional elementor-list-item-link-full_width elementor-widget elementor-widget-icon-list\" data-id=\"881702c\" data-element_type=\"widget\" data-e-type=\"widget\" data-widget_type=\"icon-list.default\">\n\t\t\t\t<div class=\"elementor-widget-container\">\n\t\t\t\t\t\t\t<ul class=\"elementor-icon-list-items\">\n\t\t\t\t\t\t\t<li class=\"elementor-icon-list-item\">\n\t\t\t\t\t\t\t\t\t\t\t<span class=\"elementor-icon-list-icon\">\n\t\t\t\t\t\t\t<i aria-hidden=\"true\" class=\"tpbi bi-telephone-forward\"><\/i>\t\t\t\t\t\t<\/span>\n\t\t\t\t\t\t\t\t\t\t<span class=\"elementor-icon-list-text\">+90 (312) 257 25 72<\/span>\n\t\t\t\t\t\t\t\t\t<\/li>\n\t\t\t\t\t\t\t\t<li class=\"elementor-icon-list-item\">\n\t\t\t\t\t\t\t\t\t\t\t<span class=\"elementor-icon-list-icon\">\n\t\t\t\t\t\t\t<i aria-hidden=\"true\" class=\"tpbi bi-envelope-heart\"><\/i>\t\t\t\t\t\t<\/span>\n\t\t\t\t\t\t\t\t\t\t<span class=\"elementor-icon-list-text\">info@medisinpharma.com<\/span>\n\t\t\t\t\t\t\t\t\t<\/li>\n\t\t\t\t\t\t<\/ul>\n\t\t\t\t\t\t<\/div>\n\t\t\t\t<\/div>\n\t\t\t\t<\/div>\n\t\t\t\t<\/div>\n\t\t\t\t\t<\/div>\n\t\t\t\t<\/div>\n\t\t<div class=\"elementor-element elementor-element-936b91c e-con-full e-flex e-con e-parent\" data-id=\"936b91c\" data-element_type=\"container\" data-e-type=\"container\">\n\t\t\t\t<div class=\"elementor-element elementor-element-6a2b0c5 elementor-widget elementor-widget-google_maps\" data-id=\"6a2b0c5\" data-element_type=\"widget\" data-e-type=\"widget\" data-widget_type=\"google_maps.default\">\n\t\t\t\t<div class=\"elementor-widget-container\">\n\t\t\t\t\t\t\t<div class=\"elementor-custom-embed\">\n\t\t\t<iframe loading=\"lazy\"\n\t\t\t\t\tsrc=\"https:\/\/maps.google.com\/maps?q=Medisin%20Pharma&#038;t=m&#038;z=12&#038;output=embed&#038;iwloc=near\"\n\t\t\t\t\ttitle=\"\u0645\u064a\u062f\u064a\u0633\u064a\u0646 \u0641\u0627\u0631\u0645\u0627\"\n\t\t\t\t\taria-label=\"\u0645\u064a\u062f\u064a\u0633\u064a\u0646 \u0641\u0627\u0631\u0645\u0627\"\n\t\t\t><\/iframe>\n\t\t<\/div>\n\t\t\t\t\t\t<\/div>\n\t\t\t\t<\/div>\n\t\t\t\t<\/div>\n\t\t\t\t<\/div>","protected":false},"excerpt":{"rendered":"<p>\u0130leti\u015fime Ge\u00e7 Her \u015eey G\u00fcvenle Ba\u015flar! Bize Ula\u015f\u0131n Web sitemizi ziyaret etti\u011finiz ve Medisin\u00ae \u00fcr\u00fcnlerine olan ilginiz i\u00e7in te\u015fekk\u00fcr ederiz. Formu G\u00f6nder Ankara Ofisimiz Gersan Sanayi Sitesi 2308. Cadde No: 29 Yenimahalle \/ ANKARA \u2013 T\u00dcRK\u0130YE Posta Kodu: 06370 +90 (312) 257 25 72 info@medisinpharma.com<\/p>\n<a class=\"read-more\" href=\"https:\/\/www.medisinpharma.com\/ar\/iletisim\/\">Read More<\/a>","protected":false},"author":1,"featured_media":0,"parent":0,"menu_order":0,"comment_status":"closed","ping_status":"closed","template":"elementor_header_footer","meta":{"footnotes":""},"class_list":["post-38","page","type-page","status-publish","hentry"],"_links":{"self":[{"href":"https:\/\/www.medisinpharma.com\/ar\/wp-json\/wp\/v2\/pages\/38","targetHints":{"allow":["GET"]}}],"collection":[{"href":"https:\/\/www.medisinpharma.com\/ar\/wp-json\/wp\/v2\/pages"}],"about":[{"href":"https:\/\/www.medisinpharma.com\/ar\/wp-json\/wp\/v2\/types\/page"}],"author":[{"embeddable":true,"href":"https:\/\/www.medisinpharma.com\/ar\/wp-json\/wp\/v2\/users\/1"}],"replies":[{"embeddable":true,"href":"https:\/\/www.medisinpharma.com\/ar\/wp-json\/wp\/v2\/comments?post=38"}],"version-history":[{"count":13,"href":"https:\/\/www.medisinpharma.com\/ar\/wp-json\/wp\/v2\/pages\/38\/revisions"}],"predecessor-version":[{"id":1323,"href":"https:\/\/www.medisinpharma.com\/ar\/wp-json\/wp\/v2\/pages\/38\/revisions\/1323"}],"wp:attachment":[{"href":"https:\/\/www.medisinpharma.com\/ar\/wp-json\/wp\/v2\/media?parent=38"}],"curies":[{"name":"wp","href":"https:\/\/api.w.org\/{rel}","templated":true}]}}