{"id":1337,"date":"2026-04-15T10:56:08","date_gmt":"2026-04-15T10:56:08","guid":{"rendered":"https:\/\/www.medisinpharma.com\/?page_id=1337"},"modified":"2026-04-15T10:56:38","modified_gmt":"2026-04-15T10:56:38","slug":"agiz-calkalama-suyu","status":"publish","type":"page","link":"https:\/\/www.medisinpharma.com\/ar\/agiz-calkalama-suyu\/","title":{"rendered":"A\u011f\u0131z \u00c7alkalama Suyu"},"content":{"rendered":"","protected":false},"excerpt":{"rendered":"<a class=\"read-more\" href=\"https:\/\/www.medisinpharma.com\/ar\/agiz-calkalama-suyu\/\">Read More<\/a>","protected":false},"author":1,"featured_media":0,"parent":0,"menu_order":0,"comment_status":"closed","ping_status":"closed","template":"elementor_header_footer","meta":{"footnotes":""},"class_list":["post-1337","page","type-page","status-publish","hentry"],"_links":{"self":[{"href":"https:\/\/www.medisinpharma.com\/ar\/wp-json\/wp\/v2\/pages\/1337","targetHints":{"allow":["GET"]}}],"collection":[{"href":"https:\/\/www.medisinpharma.com\/ar\/wp-json\/wp\/v2\/pages"}],"about":[{"href":"https:\/\/www.medisinpharma.com\/ar\/wp-json\/wp\/v2\/types\/page"}],"author":[{"embeddable":true,"href":"https:\/\/www.medisinpharma.com\/ar\/wp-json\/wp\/v2\/users\/1"}],"replies":[{"embeddable":true,"href":"https:\/\/www.medisinpharma.com\/ar\/wp-json\/wp\/v2\/comments?post=1337"}],"version-history":[{"count":4,"href":"https:\/\/www.medisinpharma.com\/ar\/wp-json\/wp\/v2\/pages\/1337\/revisions"}],"predecessor-version":[{"id":1346,"href":"https:\/\/www.medisinpharma.com\/ar\/wp-json\/wp\/v2\/pages\/1337\/revisions\/1346"}],"wp:attachment":[{"href":"https:\/\/www.medisinpharma.com\/ar\/wp-json\/wp\/v2\/media?parent=1337"}],"curies":[{"name":"wp","href":"https:\/\/api.w.org\/{rel}","templated":true}]}}