{"id":1109,"date":"2026-03-18T11:14:35","date_gmt":"2026-03-18T11:14:35","guid":{"rendered":"https:\/\/www.medisinpharma.com\/?page_id=1109"},"modified":"2026-03-29T21:02:05","modified_gmt":"2026-03-29T21:02:05","slug":"hakkimizda","status":"publish","type":"page","link":"https:\/\/www.medisinpharma.com\/ar\/hakkimizda\/","title":{"rendered":"\u0645\u0639\u0644\u0648\u0645\u0627\u062a \u0639\u0646\u0627"},"content":{"rendered":"<div data-elementor-type=\"wp-page\" data-elementor-id=\"1109\" class=\"elementor elementor-1109\">\n\t\t\t\t<div class=\"elementor-element elementor-element-ca30fa6 e-flex e-con-boxed e-con e-parent\" data-id=\"ca30fa6\" data-element_type=\"container\" data-e-type=\"container\" data-settings=\"{&quot;background_background&quot;:&quot;classic&quot;}\">\n\t\t\t\t\t<div class=\"e-con-inner\">\n\t\t\t\t<div class=\"elementor-element elementor-element-b126c14 elementor-widget elementor-widget-heading\" data-id=\"b126c14\" data-element_type=\"widget\" data-e-type=\"widget\" data-widget_type=\"heading.default\">\n\t\t\t\t<div class=\"elementor-widget-container\">\n\t\t\t\t\t<h2 class=\"elementor-heading-title elementor-size-default\">\u0645\u0639\u0644\u0648\u0645\u0627\u062a \u0639\u0646\u0627<\/h2>\t\t\t\t<\/div>\n\t\t\t\t<\/div>\n\t\t\t\t\t<\/div>\n\t\t\t\t<\/div>\n\t\t<div class=\"elementor-element elementor-element-c0d96e3 e-flex e-con-boxed e-con e-parent\" data-id=\"c0d96e3\" data-element_type=\"container\" data-e-type=\"container\" data-settings=\"{&quot;background_background&quot;:&quot;classic&quot;}\">\n\t\t\t\t\t<div class=\"e-con-inner\">\n\t\t\t\t<div class=\"elementor-element elementor-element-267edfa elementor-widget elementor-widget-heading\" data-id=\"267edfa\" data-element_type=\"widget\" data-e-type=\"widget\" data-widget_type=\"heading.default\">\n\t\t\t\t<div class=\"elementor-widget-container\">\n\t\t\t\t\t<span class=\"elementor-heading-title elementor-size-default\">\u0643\u0644 \u0634\u064a\u0621 \u064a\u0628\u062f\u0623 \u0628\u0627\u0644\u062b\u0642\u0629!<\/span>\t\t\t\t<\/div>\n\t\t\t\t<\/div>\n\t\t\t\t\t<\/div>\n\t\t\t\t<\/div>\n\t\t<div class=\"elementor-element elementor-element-0404baa e-flex e-con-boxed e-con e-parent\" data-id=\"0404baa\" data-element_type=\"container\" data-e-type=\"container\" data-settings=\"{&quot;background_background&quot;:&quot;classic&quot;}\">\n\t\t\t\t\t<div class=\"e-con-inner\">\n\t\t\t\t<div class=\"elementor-element elementor-element-63dad91 elementor-widget elementor-widget-text-editor\" data-id=\"63dad91\" data-element_type=\"widget\" data-e-type=\"widget\" data-widget_type=\"text-editor.default\">\n\t\t\t\t<div class=\"elementor-widget-container\">\n\t\t\t\t\t\t\t\t\t<h3 data-section-id=\"1n31642\" data-start=\"117\" data-end=\"161\"><span role=\"text\"><strong data-start=\"121\" data-end=\"161\">\u0645\u064a\u062f\u064a\u0633\u064a\u0646: \u0627\u0644\u062b\u0642\u0629 \u0648\u0627\u0644\u062c\u0648\u062f\u0629 \u0641\u064a \u0627\u0644\u0631\u0639\u0627\u064a\u0629 \u0627\u0644\u0635\u062d\u064a\u0629<\/strong><\/span><\/h3><p data-start=\"163\" data-end=\"369\">\u0644\u0642\u062f \u0627\u0643\u062a\u0633\u0628\u0646\u0627 \u0633\u0646\u0648\u0627\u062a \u0645\u0646 \u0627\u0644\u062e\u0628\u0631\u0629 \u0641\u064a \u0627\u0644\u0625\u062f\u0627\u0631\u0629 \u0627\u0644\u0639\u0644\u064a\u0627\u060c \u0648\u062a\u062e\u0637\u064a\u0637 \u0627\u0644\u0625\u0646\u062a\u0627\u062c\u060c \u0648\u0627\u0644\u062a\u0633\u0648\u064a\u0642 \u0627\u0644\u0627\u0633\u062a\u0631\u0627\u062a\u064a\u062c\u064a \u0641\u064a \u0645\u062e\u062a\u0644\u0641 \u062a\u062e\u0635\u0635\u0627\u062a \u0642\u0637\u0627\u0639 \u0627\u0644\u0631\u0639\u0627\u064a\u0629 \u0627\u0644\u0635\u062d\u064a\u0629. <strong data-start=\"309\" data-end=\"332\">\u0635\u0646\u0627\u0639\u0629 \u0627\u0644\u0623\u062f\u0648\u064a\u0629 \u0645\u064a\u062f\u064a\u0633\u064a\u0646<\/strong> \u062c\u0645\u0639\u0646\u0627\u0647\u0645 \u062a\u062d\u062a \u0633\u0642\u0641 \u0648\u0627\u062d\u062f.<\/p><p data-start=\"371\" data-end=\"696\">\u0628\u0641\u0636\u0644 \u0645\u0631\u0627\u0641\u0642 \u0627\u0644\u0625\u0646\u062a\u0627\u062c \u0627\u0644\u062d\u062f\u064a\u062b\u0629\u060c \u0648\u0627\u0644\u0646\u0647\u062c \u0627\u0644\u0639\u0644\u0645\u064a\u060c \u0648\u0641\u0631\u064a\u0642 \u0627\u0644\u0639\u0645\u0644 \u0627\u0644\u0645\u062a\u0645\u064a\u0632\u060c \u0646\u0646\u0637\u0644\u0642 \u0628\u0647\u062f\u0641 \u0625\u0646\u062a\u0627\u062c \u0645\u0646\u062a\u062c\u0627\u062a \u0645\u0648\u062b\u0648\u0642\u0629 \u062a\u064f\u0639\u0637\u064a \u0627\u0644\u0623\u0648\u0644\u0648\u064a\u0629 \u0644\u0635\u062d\u0629 \u0627\u0644\u0625\u0646\u0633\u0627\u0646 \u0648\u062a\u062a\u0648\u0627\u0641\u0642 \u0645\u0639 \u0627\u0644\u0645\u0639\u0627\u064a\u064a\u0631 \u0627\u0644\u0639\u0627\u0644\u0645\u064a\u0629. \u0646\u0633\u0639\u0649 \u062c\u0627\u0647\u062f\u064a\u0646 \u0644\u0645\u0648\u0627\u0643\u0628\u0629 \u0623\u062d\u062f\u062b \u0627\u0644\u062a\u0642\u0646\u064a\u0627\u062a \u0641\u064a \u0627\u0644\u0645\u062c\u0627\u0644 \u0627\u0644\u0637\u0628\u064a\u060c \u0648\u062a\u0642\u062f\u064a\u0645 \u062d\u0644\u0648\u0644 \u0639\u0627\u0644\u064a\u0629 \u0627\u0644\u062c\u0648\u062f\u0629 \u062a\u064f\u0633\u0647\u0651\u0644 \u062d\u0635\u0648\u0644 \u0627\u0644\u0645\u062c\u062a\u0645\u0639 \u0639\u0644\u0649 \u0627\u0644\u0631\u0639\u0627\u064a\u0629 \u0627\u0644\u0635\u062d\u064a\u0629.<\/p><hr data-start=\"698\" data-end=\"701\" \/><h3 data-section-id=\"odp8l0\" data-start=\"703\" data-end=\"736\"><span role=\"text\"><strong data-start=\"707\" data-end=\"736\">\u0627\u0644\u062a\u0632\u0627\u0645\u0646\u0627 \u0628\u0627\u0644\u0645\u0633\u062a\u0642\u0628\u0644<\/strong><\/span><\/h3><p data-start=\"738\" data-end=\"994\">\u0646\u062f\u0631\u0643 \u0623\u0646 \u0627\u0644\u0642\u0637\u0627\u0639 \u0627\u0644\u0637\u0628\u064a \u0644\u064a\u0633 \u0645\u062c\u0631\u062f \u0645\u062c\u0627\u0644 \u0644\u0644\u062a\u0635\u0646\u064a\u0639\u060c \u0628\u0644 \u0647\u0648 \u0623\u064a\u0636\u0627\u064b \u0645\u0633\u0624\u0648\u0644\u064a\u0629 \u062c\u0633\u064a\u0645\u0629 \u0644\u0625\u0646\u0642\u0627\u0630 \u0627\u0644\u0623\u0631\u0648\u0627\u062d. \u0648\u0645\u0646 \u062e\u0644\u0627\u0644 \u0646\u0647\u062c\u0646\u0627 \u0627\u0644\u0642\u0627\u0626\u0645 \u0639\u0644\u0649 \u0625\u064a\u062c\u0627\u062f \u0627\u0644\u062d\u0644\u0648\u0644\u060c \u062c\u0639\u0644\u0646\u0627 \u0645\u0646 \u0645\u0628\u0627\u062f\u0626\u0646\u0627 \u062a\u0632\u0648\u064a\u062f \u0645\u0631\u0636\u0627\u0646\u0627 \u0648\u0634\u0631\u0643\u0627\u0626\u0646\u0627 \u0627\u0644\u062a\u062c\u0627\u0631\u064a\u064a\u0646 \u0628\u062d\u0644\u0648\u0644 \u0633\u0631\u064a\u0639\u0629 \u0648\u0641\u0639\u0627\u0644\u0629 \u0648\u0645\u0628\u0646\u064a\u0629 \u0639\u0644\u0649 \u0623\u0633\u0633 \u0639\u0644\u0645\u064a\u0629.<\/p><p data-start=\"996\" data-end=\"1120\">\u0645\u0646 \u062e\u0644\u0627\u0644 \u0627\u0644\u0639\u0645\u0644 \u0628\u0646\u0647\u062c &quot;\u0627\u0644\u062d\u0644\u0648\u0644 \u0644\u0627 \u0627\u0644\u0623\u0639\u0630\u0627\u0631&quot; \u0641\u064a \u062c\u0645\u064a\u0639 \u0627\u0644\u0638\u0631\u0648\u0641\u060c \u0641\u0625\u0646\u0646\u0627 \u0646\u0647\u062f\u0641 \u0625\u0644\u0649 \u0623\u0646 \u0646\u0643\u0648\u0646 \u0634\u0631\u064a\u0643\u064b\u0627 \u062a\u062c\u0627\u0631\u064a\u064b\u0627 \u0645\u0648\u062b\u0648\u0642\u064b\u0627 \u0648\u0645\u0633\u062a\u062f\u0627\u0645\u064b\u0627.<\/p><hr data-start=\"1122\" data-end=\"1125\" \/><h3 data-section-id=\"eb2v1c\" data-start=\"1127\" data-end=\"1167\"><span role=\"text\"><strong data-start=\"1131\" data-end=\"1167\">\u0646\u062d\u0646 \u0646\u0639\u0645\u0644 \u0639\u0644\u0649 \u062a\u062d\u0633\u064a\u0646 \u0646\u0648\u0639\u064a\u0629 \u062d\u064a\u0627\u062a\u0643.<\/strong><\/span><\/h3><p data-start=\"1169\" data-end=\"1398\">\u0628\u0627\u0644\u0646\u0633\u0628\u0629 \u0644\u0646\u0627\u060c \u0644\u0627 \u062a\u0642\u062a\u0635\u0631 \u0627\u0644\u062e\u0628\u0631\u0629 \u0639\u0644\u0649 \u0645\u062c\u0631\u062f \u062a\u0645\u0636\u064a\u0629 \u0627\u0644\u0648\u0642\u062a\u060c \u0628\u0644 \u062a\u062a\u0639\u062f\u0627\u0647\u0627 \u0625\u0644\u0649 \u062a\u062d\u0642\u064a\u0642 \u0646\u062a\u0627\u0626\u062c \u062a\u0639\u0648\u062f \u0628\u0627\u0644\u0646\u0641\u0639 \u0639\u0644\u0649 \u0627\u0644\u0645\u062c\u062a\u0645\u0639. \u0646\u0633\u0639\u0649\u060c \u0645\u0646 \u062e\u0644\u0627\u0644 \u0641\u0631\u0642\u0646\u0627 \u0627\u0644\u0645\u062a\u062e\u0635\u0635\u0629\u060c \u0625\u0644\u0649 \u062a\u062d\u0633\u064a\u0646 \u062c\u0648\u062f\u0629 \u062d\u064a\u0627\u062a\u0643\u0645 \u0639\u0628\u0631 \u062a\u0648\u0641\u064a\u0631 \u0627\u0644\u062d\u0644\u0648\u0644 \u0627\u0644\u062a\u064a \u062a\u062d\u062a\u0627\u062c\u0648\u0646\u0647\u0627 \u0628\u0623\u0633\u0631\u0639 \u0627\u0644\u0637\u0631\u0642 \u0648\u0623\u0643\u062b\u0631\u0647\u0627 \u0645\u0648\u062b\u0648\u0642\u064a\u0629.<\/p><hr data-start=\"1400\" data-end=\"1403\" \/><h3 data-section-id=\"hx3gcq\" data-start=\"1405\" data-end=\"1458\"><span role=\"text\"><strong data-start=\"1409\" data-end=\"1458\">\u062d\u0644\u0648\u0644 \u0645\u0648\u062b\u0648\u0642\u0629 \u0644\u0644\u0631\u0639\u0627\u064a\u0629 \u0627\u0644\u0635\u062d\u064a\u0629 \u0627\u0644\u0645\u0633\u062a\u062f\u0627\u0645\u0629<\/strong><\/span><\/h3><p data-start=\"1460\" data-end=\"1644\">\u0646\u062d\u0646 \u0646\u0636\u0645\u0646 \u062c\u0648\u062f\u0629 \u062c\u0645\u064a\u0639 \u0645\u0646\u062a\u062c\u0627\u062a\u0646\u0627. \u0648\u0628\u0641\u0636\u0644 \u0646\u0647\u062c\u0646\u0627 \u0627\u0644\u0634\u0641\u0627\u0641 \u0641\u064a \u0627\u0644\u062a\u0648\u0627\u0635\u0644 \u0648\u062f\u0639\u0645\u0646\u0627 \u0627\u0644\u0645\u062a\u0648\u0627\u0635\u0644 \u0644\u0645\u0627 \u0628\u0639\u062f \u0627\u0644\u0628\u064a\u0639\u060c \u0646\u0636\u0645\u0646 \u0627\u0644\u062b\u0642\u0629 \u0623\u064a\u0646\u0645\u0627 \u0648\u064f\u062c\u062f\u062a \u0639\u0644\u0627\u0645\u0629 \u0645\u064a\u062f\u064a\u0633\u064a\u0646 \u0627\u0644\u062a\u062c\u0627\u0631\u064a\u0629.<\/p><hr data-start=\"1646\" data-end=\"1649\" \/><h3 data-section-id=\"rlo20b\" data-start=\"1651\" data-end=\"1700\"><span role=\"text\"><strong data-start=\"1655\" data-end=\"1700\">\u0627\u0644\u0631\u0639\u0627\u064a\u0629 \u0627\u0644\u0635\u062d\u064a\u0629 \u0627\u0644\u0645\u062a\u0627\u062d\u0629 \u0648\u0641\u0642\u064b\u0627 \u0644\u0644\u0645\u0639\u0627\u064a\u064a\u0631 \u0627\u0644\u0639\u0627\u0644\u0645\u064a\u0629<\/strong><\/span><\/h3><p data-start=\"1702\" data-end=\"1936\">\u0646\u0624\u0645\u0646 \u0628\u0623\u0646 \u0644\u0643\u0644 \u0641\u0631\u062f \u0627\u0644\u062d\u0642 \u0641\u064a \u0627\u0644\u062d\u0635\u0648\u0644 \u0639\u0644\u0649 \u062d\u0644\u0648\u0644 \u0631\u0639\u0627\u064a\u0629 \u0635\u062d\u064a\u0629 \u0639\u0627\u0644\u064a\u0629 \u0627\u0644\u062c\u0648\u062f\u0629. \u0646\u0642\u062f\u0645 \u062d\u0644\u0648\u0644\u0627\u064b \u0627\u062d\u062a\u0631\u0627\u0641\u064a\u0629 \u062a\u062c\u0645\u0639 \u0628\u064a\u0646 \u0645\u0639\u0627\u064a\u064a\u0631 \u0627\u0644\u062c\u0648\u062f\u0629 \u0627\u0644\u0639\u0627\u0644\u0645\u064a\u0629 \u0648\u0627\u0644\u0627\u062d\u062a\u064a\u0627\u062c\u0627\u062a \u0627\u0644\u0645\u062d\u0644\u064a\u0629 \u0641\u064a \u0643\u0644 \u0645\u0631\u062d\u0644\u0629 \u0645\u0646 \u0645\u0631\u0627\u062d\u0644 \u0627\u0644\u0625\u0646\u062a\u0627\u062c \u0648\u0627\u0644\u0645\u0628\u064a\u0639\u0627\u062a \u0648\u0627\u0644\u062f\u0639\u0645 \u0627\u0644\u0641\u0646\u064a.<\/p><hr data-start=\"1938\" data-end=\"1941\" \/><h3 data-section-id=\"190ajxr\" data-start=\"1943\" data-end=\"1988\"><span role=\"text\"><strong data-start=\"1947\" data-end=\"1988\">\u0627\u0644\u062a\u0643\u0646\u0648\u0644\u0648\u062c\u064a\u0627 \u0627\u0644\u0645\u062a\u0642\u062f\u0645\u0629 \u0648\u0627\u0644\u0627\u0628\u062a\u0643\u0627\u0631 \u0641\u064a \u0645\u062c\u0627\u0644 \u0627\u0644\u0631\u0639\u0627\u064a\u0629 \u0627\u0644\u0635\u062d\u064a\u0629<\/strong><\/span><\/h3><p data-start=\"1990\" data-end=\"2206\">\u0646\u0639\u0645\u0644 \u0628\u0627\u0633\u062a\u0645\u0631\u0627\u0631 \u0639\u0644\u0649 \u062a\u062d\u0633\u064a\u0646 \u0639\u0645\u0644\u064a\u0627\u062a \u0627\u0644\u0625\u0646\u062a\u0627\u062c \u0644\u062f\u064a\u0646\u0627 \u0648\u0646\u0648\u0627\u0643\u0628 \u0623\u062d\u062f\u062b \u0627\u0644\u062a\u0642\u0646\u064a\u0627\u062a \u0639\u0646 \u0643\u062b\u0628. \u0648\u0628\u0641\u0636\u0644 \u0641\u0631\u064a\u0642\u0646\u0627 \u0630\u064a \u0627\u0644\u062e\u0628\u0631\u0629\u060c \u0646\u062c\u0645\u0639 \u0628\u064a\u0646 \u0627\u0644\u0645\u0639\u0631\u0641\u0629 \u0627\u0644\u062a\u0642\u0644\u064a\u062f\u064a\u0629 \u0648\u0627\u0644\u0639\u0644\u0648\u0645 \u0627\u0644\u062d\u062f\u064a\u062b\u0629 \u0644\u0646\u0636\u0639 \u0645\u0639\u0627\u064a\u064a\u0631 \u062c\u062f\u064a\u062f\u0629 \u0641\u064a \u0645\u062c\u0627\u0644 \u0627\u0644\u0631\u0639\u0627\u064a\u0629 \u0627\u0644\u0635\u062d\u064a\u0629.<\/p>\t\t\t\t\t\t\t\t<\/div>\n\t\t\t\t<\/div>\n\t\t\t\t\t<\/div>\n\t\t\t\t<\/div>\n\t\t\t\t<\/div>","protected":false},"excerpt":{"rendered":"<p>Hakk\u0131m\u0131zda Her \u015eey G\u00fcvenle Ba\u015flar! Medisin ile Sa\u011fl\u0131kta G\u00fcven ve Kalite Sa\u011fl\u0131k sekt\u00f6r\u00fcn\u00fcn farkl\u0131 disiplinlerinde uzun y\u0131llar boyunca edindi\u011fimiz \u00fcst d\u00fczey y\u00f6neticilik, \u00fcretim planlama ve stratejik pazarlama deneyimini Medisin \u0130la\u00e7 Sanayi \u00e7at\u0131s\u0131 alt\u0131nda bir araya getirdik. Modern \u00fcretim tesisimiz, bilimsel yakla\u015f\u0131m\u0131m\u0131z ve dinamik kadromuz ile insan sa\u011fl\u0131\u011f\u0131n\u0131 merkeze alan, k\u00fcresel standartlarda g\u00fcvenilir \u00fcr\u00fcnler \u00fcretme hedefiyle<\/p>\n<a class=\"read-more\" href=\"https:\/\/www.medisinpharma.com\/ar\/hakkimizda\/\">Read More<\/a>","protected":false},"author":1,"featured_media":0,"parent":0,"menu_order":0,"comment_status":"closed","ping_status":"closed","template":"elementor_header_footer","meta":{"footnotes":""},"class_list":["post-1109","page","type-page","status-publish","hentry"],"_links":{"self":[{"href":"https:\/\/www.medisinpharma.com\/ar\/wp-json\/wp\/v2\/pages\/1109","targetHints":{"allow":["GET"]}}],"collection":[{"href":"https:\/\/www.medisinpharma.com\/ar\/wp-json\/wp\/v2\/pages"}],"about":[{"href":"https:\/\/www.medisinpharma.com\/ar\/wp-json\/wp\/v2\/types\/page"}],"author":[{"embeddable":true,"href":"https:\/\/www.medisinpharma.com\/ar\/wp-json\/wp\/v2\/users\/1"}],"replies":[{"embeddable":true,"href":"https:\/\/www.medisinpharma.com\/ar\/wp-json\/wp\/v2\/comments?post=1109"}],"version-history":[{"count":10,"href":"https:\/\/www.medisinpharma.com\/ar\/wp-json\/wp\/v2\/pages\/1109\/revisions"}],"predecessor-version":[{"id":1166,"href":"https:\/\/www.medisinpharma.com\/ar\/wp-json\/wp\/v2\/pages\/1109\/revisions\/1166"}],"wp:attachment":[{"href":"https:\/\/www.medisinpharma.com\/ar\/wp-json\/wp\/v2\/media?parent=1109"}],"curies":[{"name":"wp","href":"https:\/\/api.w.org\/{rel}","templated":true}]}}