{"id":1020,"date":"2026-03-17T21:52:02","date_gmt":"2026-03-17T21:52:02","guid":{"rendered":"https:\/\/www.medisinpharma.com\/?page_id=1020"},"modified":"2026-04-15T11:59:27","modified_gmt":"2026-04-15T11:59:27","slug":"cilt-bakim","status":"publish","type":"page","link":"https:\/\/www.medisinpharma.com\/ar\/cilt-bakim\/","title":{"rendered":"\u0627\u0644\u0639\u0646\u0627\u064a\u0629 \u0628\u0627\u0644\u0628\u0634\u0631\u0629"},"content":{"rendered":"<div data-elementor-type=\"wp-page\" data-elementor-id=\"1020\" class=\"elementor elementor-1020\">\n\t\t\t\t<div class=\"elementor-element elementor-element-6bd3488 e-flex e-con-boxed e-con e-parent\" data-id=\"6bd3488\" data-element_type=\"container\" data-e-type=\"container\" data-settings=\"{&quot;background_background&quot;:&quot;classic&quot;}\">\n\t\t\t\t\t<div class=\"e-con-inner\">\n\t\t\t\t<div class=\"elementor-element elementor-element-2c4796c elementor-widget elementor-widget-heading\" data-id=\"2c4796c\" data-element_type=\"widget\" data-e-type=\"widget\" data-widget_type=\"heading.default\">\n\t\t\t\t<div class=\"elementor-widget-container\">\n\t\t\t\t\t<h3 class=\"elementor-heading-title elementor-size-default\">\u0645\u0646\u062a\u062c\u0627\u062a \u0627\u0644\u0639\u0646\u0627\u064a\u0629 \u0628\u0627\u0644\u0628\u0634\u0631\u0629<\/h3>\t\t\t\t<\/div>\n\t\t\t\t<\/div>\n\t\t\t\t\t<\/div>\n\t\t\t\t<\/div>\n\t\t<div class=\"elementor-element elementor-element-384c855 e-flex e-con-boxed e-con e-parent\" data-id=\"384c855\" data-element_type=\"container\" data-e-type=\"container\" data-settings=\"{&quot;background_background&quot;:&quot;classic&quot;}\">\n\t\t\t\t\t<div class=\"e-con-inner\">\n\t\t\t\t<div class=\"elementor-element elementor-element-245b256 elementor-widget elementor-widget-spacer\" data-id=\"245b256\" data-element_type=\"widget\" data-e-type=\"widget\" data-widget_type=\"spacer.default\">\n\t\t\t\t<div class=\"elementor-widget-container\">\n\t\t\t\t\t\t\t<div class=\"elementor-spacer\">\n\t\t\t<div class=\"elementor-spacer-inner\"><\/div>\n\t\t<\/div>\n\t\t\t\t\t\t<\/div>\n\t\t\t\t<\/div>\n\t\t\t\t<div class=\"elementor-element elementor-element-3326868 elementor-widget elementor-widget-heading\" data-id=\"3326868\" data-element_type=\"widget\" data-e-type=\"widget\" data-widget_type=\"heading.default\">\n\t\t\t\t<div class=\"elementor-widget-container\">\n\t\t\t\t\t<h3 class=\"elementor-heading-title elementor-size-default\">\u0627\u0644\u0639\u0646\u0627\u064a\u0629 \u0628\u0627\u0644\u0628\u0634\u0631\u0629<\/h3>\t\t\t\t<\/div>\n\t\t\t\t<\/div>\n\t\t\t\t<div class=\"elementor-element elementor-element-01c0f02 elementor-widget elementor-widget-spacer\" data-id=\"01c0f02\" data-element_type=\"widget\" data-e-type=\"widget\" data-widget_type=\"spacer.default\">\n\t\t\t\t<div class=\"elementor-widget-container\">\n\t\t\t\t\t\t\t<div class=\"elementor-spacer\">\n\t\t\t<div class=\"elementor-spacer-inner\"><\/div>\n\t\t<\/div>\n\t\t\t\t\t\t<\/div>\n\t\t\t\t<\/div>\n\t\t\t\t<div class=\"elementor-element elementor-element-db4259d elementor-widget elementor-widget-text-editor\" data-id=\"db4259d\" data-element_type=\"widget\" data-e-type=\"widget\" data-widget_type=\"text-editor.default\">\n\t\t\t\t<div class=\"elementor-widget-container\">\n\t\t\t\t\t\t\t\t\t<p>\u064a\u064f\u0639\u062f \u062d\u0627\u062c\u0632 \u0627\u0644\u062c\u0644\u062f \u0627\u0644\u0635\u062d\u064a \u062e\u0637 \u0627\u0644\u062f\u0641\u0627\u0639 \u0627\u0644\u0623\u0648\u0644 \u0648\u0627\u0644\u0623\u0647\u0645 \u0644\u0644\u062c\u0633\u0645 \u0636\u062f \u0627\u0644\u0639\u0648\u0627\u0645\u0644 \u0627\u0644\u062e\u0627\u0631\u062c\u064a\u0629.<br \/>\u062a\u0647\u062f\u0641 \u0627\u0644\u0639\u0646\u0627\u064a\u0629 \u0628\u0627\u0644\u0628\u0634\u0631\u0629 \u0625\u0644\u0649 \u0627\u0644\u062d\u0641\u0627\u0638 \u0639\u0644\u0649 \u062a\u0648\u0627\u0632\u0646 \u0631\u0637\u0648\u0628\u0629 \u0627\u0644\u0628\u0634\u0631\u0629\u060c \u0648\u0632\u064a\u0627\u062f\u0629 \u0645\u0631\u0648\u0646\u062a\u0647\u0627\u060c \u0648\u0645\u0639\u0627\u0644\u062c\u0629 \u0622\u062b\u0627\u0631 \u0627\u0644\u0639\u0648\u0627\u0645\u0644 \u0627\u0644\u0628\u064a\u0626\u064a\u0629.<br \/>\u064a\u0647\u062f\u0641 \u0647\u0630\u0627 \u0627\u0644\u0645\u0646\u062a\u062c \u0625\u0644\u0649 \u062a\u0642\u0644\u064a\u0644 \u0627\u0644\u0636\u0631\u0631 \u0627\u0644\u062d\u0627\u0635\u0644. \u062a\u0639\u0645\u0644 \u0627\u0644\u0645\u0643\u0648\u0646\u0627\u062a \u0627\u0644\u0645\u0646\u0627\u0633\u0628\u0629\u060c \u0627\u0644\u0645\u062e\u062a\u0627\u0631\u0629 \u0648\u0641\u0642\u064b\u0627 \u0644\u0646\u0648\u0639 \u0627\u0644\u0628\u0634\u0631\u0629\u060c \u0639\u0644\u0649 \u062d\u0645\u0627\u064a\u0629 \u0627\u0644\u062e\u0644\u0627\u064a\u0627.<br \/>\u0645\u0646 \u062e\u0644\u0627\u0644 \u062f\u0639\u0645 \u062a\u062c\u062f\u064a\u062f \u0627\u0644\u0628\u0634\u0631\u0629\u060c \u064a\u0633\u0627\u0639\u062f \u0630\u0644\u0643 \u0627\u0644\u0628\u0634\u0631\u0629 \u0639\u0644\u0649 \u0627\u0644\u062d\u0635\u0648\u0644 \u0639\u0644\u0649 \u0645\u0638\u0647\u0631 \u0623\u0643\u062b\u0631 \u062d\u064a\u0648\u064a\u0629 \u0648\u0646\u0639\u0648\u0645\u0629 \u0648\u0635\u062d\u0629.<br \/>\u0641\u0647\u0648 \u064a\u0648\u0641\u0631 \u0630\u0644\u0643. \u064a\u0636\u0645\u0646 \u0627\u062a\u0628\u0627\u0639 \u0631\u0648\u062a\u064a\u0646 \u0645\u0646\u062a\u0638\u0645 \u0648\u0648\u0627\u0639\u064d \u0644\u0644\u0639\u0646\u0627\u064a\u0629 \u0628\u0627\u0644\u0628\u0634\u0631\u0629 \u0644\u064a\u0633 \u0641\u0642\u0637 \u0646\u062a\u064a\u062c\u0629 \u062c\u0645\u0627\u0644\u064a\u0629\u060c \u0628\u0644 \u0623\u064a\u0636\u0627\u064b \u0635\u062d\u0629 \u0627\u0644\u0628\u0634\u0631\u0629 \u0627\u0644\u0641\u0633\u064a\u0648\u0644\u0648\u062c\u064a\u0629.<br \/>\u0643\u0645\u0627 \u0623\u0646\u0647\u0627 \u062a\u0648\u0641\u0631 \u0627\u0644\u062d\u0645\u0627\u064a\u0629.<\/p>\t\t\t\t\t\t\t\t<\/div>\n\t\t\t\t<\/div>\n\t\t\t\t\t<\/div>\n\t\t\t\t<\/div>\n\t\t<div class=\"elementor-element elementor-element-01eb5cc e-flex e-con-boxed e-con e-parent\" data-id=\"01eb5cc\" data-element_type=\"container\" data-e-type=\"container\" data-settings=\"{&quot;background_background&quot;:&quot;classic&quot;}\">\n\t\t\t\t\t<div class=\"e-con-inner\">\n\t\t<div class=\"elementor-element elementor-element-1149191 e-con-full e-flex e-con e-child\" data-id=\"1149191\" data-element_type=\"container\" data-e-type=\"container\">\n\t\t<div class=\"elementor-element elementor-element-70825ac e-con-full e-flex e-con e-child\" data-id=\"70825ac\" data-element_type=\"container\" data-e-type=\"container\" data-settings=\"{&quot;background_background&quot;:&quot;classic&quot;}\">\n\t\t\t\t<div class=\"elementor-element elementor-element-43021a3 elementor-widget elementor-widget-image\" data-id=\"43021a3\" data-element_type=\"widget\" data-e-type=\"widget\" data-widget_type=\"image.default\">\n\t\t\t\t<div class=\"elementor-widget-container\">\n\t\t\t\t\t\t\t\t\t\t\t\t\t\t\t<img fetchpriority=\"high\" decoding=\"async\" width=\"640\" height=\"478\" src=\"https:\/\/www.medisinpharma.com\/wp-content\/uploads\/2026\/03\/bu_gorseli_bana_202603300127-1-1024x765.png\" class=\"attachment-large size-large wp-image-1211\" alt=\"\" srcset=\"https:\/\/www.medisinpharma.com\/wp-content\/uploads\/2026\/03\/bu_gorseli_bana_202603300127-1-1024x765.png 1024w, https:\/\/www.medisinpharma.com\/wp-content\/uploads\/2026\/03\/bu_gorseli_bana_202603300127-1-300x224.png 300w, https:\/\/www.medisinpharma.com\/wp-content\/uploads\/2026\/03\/bu_gorseli_bana_202603300127-1-768x573.png 768w, https:\/\/www.medisinpharma.com\/wp-content\/uploads\/2026\/03\/bu_gorseli_bana_202603300127-1-1536x1147.png 1536w, https:\/\/www.medisinpharma.com\/wp-content\/uploads\/2026\/03\/bu_gorseli_bana_202603300127-1-2048x1529.png 2048w\" sizes=\"(max-width: 640px) 100vw, 640px\" \/>\t\t\t\t\t\t\t\t\t\t\t\t\t\t\t<\/div>\n\t\t\t\t<\/div>\n\t\t\t\t<div class=\"elementor-element elementor-element-b4777d4 elementor-widget elementor-widget-image\" data-id=\"b4777d4\" data-element_type=\"widget\" data-e-type=\"widget\" data-widget_type=\"image.default\">\n\t\t\t\t<div class=\"elementor-widget-container\">\n\t\t\t\t\t\t\t\t\t\t\t\t\t\t\t<img decoding=\"async\" src=\"http:\/\/www.medisinpharma.com\/wp-content\/uploads\/sites\/2\/2025\/09\/pexels-wei86_travel-slow-life-31932701-33902245.jpg\" title=\"\" alt=\"\" loading=\"lazy\" \/>\t\t\t\t\t\t\t\t\t\t\t\t\t\t\t<\/div>\n\t\t\t\t<\/div>\n\t\t<div class=\"elementor-element elementor-element-89905f5 e-con-full e-flex e-con e-child\" data-id=\"89905f5\" data-element_type=\"container\" data-e-type=\"container\">\n\t\t\t\t<div class=\"elementor-element elementor-element-343df13 elementor-widget elementor-widget-heading\" data-id=\"343df13\" data-element_type=\"widget\" data-e-type=\"widget\" data-widget_type=\"heading.default\">\n\t\t\t\t<div class=\"elementor-widget-container\">\n\t\t\t\t\t<h2 class=\"elementor-heading-title elementor-size-default\">\u0643\u0631\u064a\u0645 \u0627\u0644\u0639\u0646\u0627\u064a\u0629 \u0628\u0627\u0644\u0628\u0634\u0631\u0629<\/h2>\t\t\t\t<\/div>\n\t\t\t\t<\/div>\n\t\t\t\t<div class=\"elementor-element elementor-element-af389c0 elementor-widget elementor-widget-heading\" data-id=\"af389c0\" data-element_type=\"widget\" data-e-type=\"widget\" data-widget_type=\"heading.default\">\n\t\t\t\t<div class=\"elementor-widget-container\">\n\t\t\t\t\t<span class=\"elementor-heading-title elementor-size-default\">\u0647\u0630\u0627 \u0627\u0644\u0643\u0631\u064a\u0645 \u0627\u0644\u0627\u062d\u062a\u0631\u0627\u0641\u064a \u0644\u0644\u0639\u0646\u0627\u064a\u0629 \u0628\u0627\u0644\u0628\u0634\u0631\u0629\u060c \u0628\u062a\u0631\u0643\u064a\u0628\u062a\u0647 \u0627\u0644\u063a\u0646\u064a\u0629 \u0628\u0627\u0644\u0628\u0627\u0646\u062b\u064a\u0646\u0648\u0644 (\u0628\u0631\u0648\u0641\u064a\u062a\u0627\u0645\u064a\u0646 B5)\u060c \u064a\u062f\u0639\u0645 \u062d\u0627\u062c\u0632 \u0627\u0644\u0628\u0634\u0631\u0629 \u0627\u0644\u0637\u0628\u064a\u0639\u064a \u0648\u064a\u0633\u0631\u0639 \u0639\u0645\u0644\u064a\u0629 \u062a\u062c\u062f\u064a\u062f\u0647\u0627. \u062a\u0645\u062a\u0635\u0647 \u0627\u0644\u0628\u0634\u0631\u0629 \u0628\u0633\u0631\u0639\u0629\u060c \u0645\u0645\u0627 \u064a\u0648\u0641\u0631 \u062a\u0631\u0637\u064a\u0628\u064b\u0627 \u0639\u0645\u064a\u0642\u064b\u0627 \u0648\u064a\u0634\u0643\u0644 \u0637\u0628\u0642\u0629 \u0648\u0627\u0642\u064a\u0629 \u0636\u062f \u0627\u0644\u0639\u0648\u0627\u0645\u0644 \u0627\u0644\u062e\u0627\u0631\u062c\u064a\u0629. \u062e\u0627\u0644\u064d \u0645\u0646 \u0627\u0644\u0628\u0627\u0631\u0627\u0628\u064a\u0646 \u0648\u0627\u0644\u0639\u0637\u0648\u0631\u060c \u0648\u0647\u0648 \u0645\u0646\u0627\u0633\u0628 \u062d\u062a\u0649 \u0644\u0623\u0646\u0648\u0627\u0639 \u0627\u0644\u0628\u0634\u0631\u0629 \u0627\u0644\u0623\u0643\u062b\u0631 \u062d\u0633\u0627\u0633\u064a\u0629.\n<\/span>\t\t\t\t<\/div>\n\t\t\t\t<\/div>\n\t\t\t\t<\/div>\n\t\t\t\t<div class=\"elementor-element elementor-element-19b011b elementor-widget elementor-widget-buttn_app\" data-id=\"19b011b\" data-element_type=\"widget\" data-e-type=\"widget\" data-widget_type=\"buttn_app.default\">\n\t\t\t\t<div class=\"elementor-widget-container\">\n\t\t\t\t\t<a href=\"https:\/\/www.medisinpharma.com\/ar\/cilt-bakim-kremi\/\" class=\"tp-btn-1 com-bg\">\n    <span class=\"tp-btn-txt\" data-text=\"\u00dcr\u00fcn\u00fc \u0130ncele\">\n        <span>\u00c3<\/span><span>\u0153<\/span><span>r<\/span><span>\u00c3<\/span><span>\u00bc<\/span><span>n<\/span><span>\u00c3<\/span><span>\u00bc<\/span><span>&nbsp;<\/span><span>\u00c4<\/span><span>\u00b0<\/span><span>n<\/span><span>c<\/span><span>e<\/span><span>l<\/span><span>e<\/span>    <\/span>\n<\/a>\n \t\t\t\t<\/div>\n\t\t\t\t<\/div>\n\t\t\t\t<\/div>\n\t\t\t\t<\/div>\n\t\t<div class=\"elementor-element elementor-element-41af979 e-con-full e-flex e-con e-child\" data-id=\"41af979\" data-element_type=\"container\" data-e-type=\"container\">\n\t\t<div class=\"elementor-element elementor-element-48fe86f e-con-full e-flex e-con e-child\" data-id=\"48fe86f\" data-element_type=\"container\" data-e-type=\"container\" data-settings=\"{&quot;background_background&quot;:&quot;classic&quot;}\">\n\t\t\t\t<div class=\"elementor-element elementor-element-e520404 elementor-widget elementor-widget-image\" data-id=\"e520404\" data-element_type=\"widget\" data-e-type=\"widget\" data-widget_type=\"image.default\">\n\t\t\t\t<div class=\"elementor-widget-container\">\n\t\t\t\t\t\t\t\t\t\t\t\t\t\t\t<img decoding=\"async\" width=\"640\" height=\"478\" src=\"https:\/\/www.medisinpharma.com\/wp-content\/uploads\/2026\/03\/bu_gorseli_bana_202603300128-3-1024x765.png\" class=\"attachment-large size-large wp-image-1212\" alt=\"\" srcset=\"https:\/\/www.medisinpharma.com\/wp-content\/uploads\/2026\/03\/bu_gorseli_bana_202603300128-3-1024x765.png 1024w, https:\/\/www.medisinpharma.com\/wp-content\/uploads\/2026\/03\/bu_gorseli_bana_202603300128-3-300x224.png 300w, https:\/\/www.medisinpharma.com\/wp-content\/uploads\/2026\/03\/bu_gorseli_bana_202603300128-3-768x573.png 768w, https:\/\/www.medisinpharma.com\/wp-content\/uploads\/2026\/03\/bu_gorseli_bana_202603300128-3-1536x1147.png 1536w, https:\/\/www.medisinpharma.com\/wp-content\/uploads\/2026\/03\/bu_gorseli_bana_202603300128-3-2048x1529.png 2048w\" sizes=\"(max-width: 640px) 100vw, 640px\" \/>\t\t\t\t\t\t\t\t\t\t\t\t\t\t\t<\/div>\n\t\t\t\t<\/div>\n\t\t<div class=\"elementor-element elementor-element-37ada17 e-con-full e-flex e-con e-child\" data-id=\"37ada17\" data-element_type=\"container\" data-e-type=\"container\">\n\t\t\t\t<div class=\"elementor-element elementor-element-796f8cc elementor-widget elementor-widget-heading\" data-id=\"796f8cc\" data-element_type=\"widget\" data-e-type=\"widget\" data-widget_type=\"heading.default\">\n\t\t\t\t<div class=\"elementor-widget-container\">\n\t\t\t\t\t<h2 class=\"elementor-heading-title elementor-size-default\">\u0645\u0631\u0647\u0645 \u0627\u0644\u0639\u0646\u0627\u064a\u0629 \u0627\u0644\u062a\u0631\u0645\u064a\u0645\u064a\u0629<\/h2>\t\t\t\t<\/div>\n\t\t\t\t<\/div>\n\t\t\t\t<div class=\"elementor-element elementor-element-8766cb8 elementor-widget elementor-widget-heading\" data-id=\"8766cb8\" data-element_type=\"widget\" data-e-type=\"widget\" data-widget_type=\"heading.default\">\n\t\t\t\t<div class=\"elementor-widget-container\">\n\t\t\t\t\t<span class=\"elementor-heading-title elementor-size-default\">\u0645\u0631\u0647\u0645 \u062a\u0631\u0645\u064a\u0645\u064a \u0645\u064f\u0635\u0645\u0645 \u062e\u0635\u064a\u0635\u0627\u064b \u0644\u062a\u0642\u0648\u064a\u0629 \u062d\u0627\u062c\u0632 \u0627\u0644\u0628\u0634\u0631\u0629 \u0648\u062a\u0633\u0631\u064a\u0639 \u0639\u0645\u0644\u064a\u0629 \u062a\u062c\u062f\u064a\u062f\u0647\u0627. \u064a\u0631\u0637\u0628 \u0627\u0644\u0628\u0634\u0631\u0629 \u0627\u0644\u062c\u0627\u0641\u0629 \u0648\u0627\u0644\u0645\u062a\u0647\u064a\u062c\u0629 \u0628\u0639\u0645\u0642\u060c \u0648\u064a\u0644\u0637\u0641\u0647\u0627 \u0648\u064a\u0647\u062f\u0626\u0647\u0627 \u0628\u0645\u0633\u062a\u062e\u0644\u0635\u0627\u062a\u0647 \u0627\u0644\u0637\u0628\u064a\u0639\u064a\u0629. \u062a\u0631\u0643\u064a\u0628\u062a\u0647 \u0627\u0644\u0645\u062a\u0648\u0627\u0641\u0642\u0629 \u0645\u0639 \u0627\u0644\u0628\u0634\u0631\u0629 \u062a\u0636\u0645\u0646 \u0628\u0642\u0627\u0621\u0647\u0627 \u0646\u0627\u0639\u0645\u0629 \u062d\u062a\u0649 \u0645\u0639 \u0627\u0644\u0627\u0633\u062a\u062e\u062f\u0627\u0645 \u0627\u0644\u0645\u062a\u0643\u0631\u0631.\n<\/span>\t\t\t\t<\/div>\n\t\t\t\t<\/div>\n\t\t\t\t<\/div>\n\t\t\t\t<div class=\"elementor-element elementor-element-b81776c elementor-widget elementor-widget-buttn_app\" data-id=\"b81776c\" data-element_type=\"widget\" data-e-type=\"widget\" data-widget_type=\"buttn_app.default\">\n\t\t\t\t<div class=\"elementor-widget-container\">\n\t\t\t\t\t<a href=\"https:\/\/www.medisinpharma.com\/ar\/onarici-bakim-merhemi\/\" class=\"tp-btn-1 com-bg\">\n    <span class=\"tp-btn-txt\" data-text=\"\u00dcr\u00fcn\u00fc \u0130ncele\">\n        <span>\u00c3<\/span><span>\u0153<\/span><span>r<\/span><span>\u00c3<\/span><span>\u00bc<\/span><span>n<\/span><span>\u00c3<\/span><span>\u00bc<\/span><span>&nbsp;<\/span><span>\u00c4<\/span><span>\u00b0<\/span><span>n<\/span><span>c<\/span><span>e<\/span><span>l<\/span><span>e<\/span>    <\/span>\n<\/a>\n \t\t\t\t<\/div>\n\t\t\t\t<\/div>\n\t\t\t\t<\/div>\n\t\t\t\t<\/div>\n\t\t<div class=\"elementor-element elementor-element-116001c e-con-full e-flex e-con e-child\" data-id=\"116001c\" data-element_type=\"container\" data-e-type=\"container\">\n\t\t<div class=\"elementor-element elementor-element-e957416 e-con-full e-flex e-con e-child\" data-id=\"e957416\" data-element_type=\"container\" data-e-type=\"container\" data-settings=\"{&quot;background_background&quot;:&quot;classic&quot;}\">\n\t\t\t\t<div class=\"elementor-element elementor-element-8f5b3e7 elementor-widget elementor-widget-image\" data-id=\"8f5b3e7\" data-element_type=\"widget\" data-e-type=\"widget\" data-widget_type=\"image.default\">\n\t\t\t\t<div class=\"elementor-widget-container\">\n\t\t\t\t\t\t\t\t\t\t\t\t\t\t\t<img decoding=\"async\" width=\"640\" height=\"478\" src=\"https:\/\/www.medisinpharma.com\/wp-content\/uploads\/2026\/03\/bu_gorseli_bana_202603300128-1-1-1024x765.png\" class=\"attachment-large size-large wp-image-1213\" alt=\"\" srcset=\"https:\/\/www.medisinpharma.com\/wp-content\/uploads\/2026\/03\/bu_gorseli_bana_202603300128-1-1-1024x765.png 1024w, https:\/\/www.medisinpharma.com\/wp-content\/uploads\/2026\/03\/bu_gorseli_bana_202603300128-1-1-300x224.png 300w, https:\/\/www.medisinpharma.com\/wp-content\/uploads\/2026\/03\/bu_gorseli_bana_202603300128-1-1-768x573.png 768w, https:\/\/www.medisinpharma.com\/wp-content\/uploads\/2026\/03\/bu_gorseli_bana_202603300128-1-1-1536x1147.png 1536w, https:\/\/www.medisinpharma.com\/wp-content\/uploads\/2026\/03\/bu_gorseli_bana_202603300128-1-1-2048x1529.png 2048w\" sizes=\"(max-width: 640px) 100vw, 640px\" \/>\t\t\t\t\t\t\t\t\t\t\t\t\t\t\t<\/div>\n\t\t\t\t<\/div>\n\t\t<div class=\"elementor-element elementor-element-5af64a6 e-con-full e-flex e-con e-child\" data-id=\"5af64a6\" data-element_type=\"container\" data-e-type=\"container\">\n\t\t\t\t<div class=\"elementor-element elementor-element-b857e5a elementor-widget elementor-widget-heading\" data-id=\"b857e5a\" data-element_type=\"widget\" data-e-type=\"widget\" data-widget_type=\"heading.default\">\n\t\t\t\t<div class=\"elementor-widget-container\">\n\t\t\t\t\t<h2 class=\"elementor-heading-title elementor-size-default\">\u0643\u0631\u064a\u0645 \u0637\u0641\u062d \u0627\u0644\u062d\u0641\u0627\u0636\u0627\u062a<\/h2>\t\t\t\t<\/div>\n\t\t\t\t<\/div>\n\t\t\t\t<div class=\"elementor-element elementor-element-505b211 elementor-widget elementor-widget-heading\" data-id=\"505b211\" data-element_type=\"widget\" data-e-type=\"widget\" data-widget_type=\"heading.default\">\n\t\t\t\t<div class=\"elementor-widget-container\">\n\t\t\t\t\t<span class=\"elementor-heading-title elementor-size-default\">\u0647\u0630\u0627 \u0627\u0644\u0643\u0631\u064a\u0645 \u0627\u0644\u0648\u0627\u0642\u064a \u0644\u0644\u063a\u0627\u064a\u0629 \u0644\u0639\u0644\u0627\u062c \u0637\u0641\u062d \u0627\u0644\u062d\u0641\u0627\u0636\u0627\u062a \u0645\u064f\u0635\u0645\u0645 \u062e\u0635\u064a\u0635\u064b\u0627 \u0644\u0644\u0623\u0637\u0641\u0627\u0644 \u0648\u0627\u0644\u0628\u0627\u0644\u063a\u064a\u0646 \u0630\u0648\u064a \u0627\u0644\u0628\u0634\u0631\u0629 \u0627\u0644\u062d\u0633\u0627\u0633\u0629. \u064a\u0633\u0627\u0639\u062f \u0639\u0644\u0649 \u0645\u0646\u0639 \u0627\u0644\u062a\u0647\u064a\u062c \u0627\u0644\u0646\u0627\u062a\u062c \u0639\u0646 \u0627\u0644\u0628\u0648\u0644 \u0648\u0627\u0644\u0628\u0631\u0627\u0632 \u0648\u0627\u0644\u0627\u062d\u062a\u0643\u0627\u0643\u060c \u0648\u0630\u0644\u0643 \u0628\u062a\u0643\u0648\u064a\u0646 \u0637\u0628\u0642\u0629 \u0648\u0627\u0642\u064a\u0629 \u062a\u0633\u0645\u062d \u0628\u0645\u0631\u0648\u0631 \u0627\u0644\u0647\u0648\u0627\u0621 \u0648\u0645\u0642\u0627\u0648\u0645\u0629 \u0644\u0644\u0645\u0627\u0621 \u0639\u0644\u0649 \u0627\u0644\u0628\u0634\u0631\u0629. \u0628\u0641\u0636\u0644 \u062a\u0631\u0643\u064a\u0628\u062a\u0647 \u0627\u0644\u063a\u0646\u064a\u0629 \u0628\u0623\u0643\u0633\u064a\u062f \u0627\u0644\u0632\u0646\u0643 \u0648\u0645\u0643\u0648\u0646\u0627\u062a \u0645\u064f\u0644\u0637\u0641\u0629\u060c \u064a\u0648\u0641\u0631 \u0631\u0627\u062d\u0629 \u0641\u0648\u0631\u064a\u0629 \u0645\u0646 \u0623\u0648\u0644 \u0627\u0633\u062a\u062e\u062f\u0627\u0645.<\/span>\t\t\t\t<\/div>\n\t\t\t\t<\/div>\n\t\t\t\t<\/div>\n\t\t\t\t<div class=\"elementor-element elementor-element-68de051 elementor-widget elementor-widget-buttn_app\" data-id=\"68de051\" data-element_type=\"widget\" data-e-type=\"widget\" data-widget_type=\"buttn_app.default\">\n\t\t\t\t<div class=\"elementor-widget-container\">\n\t\t\t\t\t<a href=\"https:\/\/www.medisinpharma.com\/ar\/pisik-kremi\/\" class=\"tp-btn-1 com-bg\">\n    <span class=\"tp-btn-txt\" data-text=\"\u00dcr\u00fcn\u00fc \u0130ncele\">\n        <span>\u00c3<\/span><span>\u0153<\/span><span>r<\/span><span>\u00c3<\/span><span>\u00bc<\/span><span>n<\/span><span>\u00c3<\/span><span>\u00bc<\/span><span>&nbsp;<\/span><span>\u00c4<\/span><span>\u00b0<\/span><span>n<\/span><span>c<\/span><span>e<\/span><span>l<\/span><span>e<\/span>    <\/span>\n<\/a>\n \t\t\t\t<\/div>\n\t\t\t\t<\/div>\n\t\t\t\t<\/div>\n\t\t\t\t<\/div>\n\t\t\t\t\t<\/div>\n\t\t\t\t<\/div>\n\t\t\t\t<\/div>","protected":false},"excerpt":{"rendered":"<p>| Cilt Bak\u0131m \u00dcr\u00fcnleri Cilt Bak\u0131m\u0131 Sa\u011fl\u0131kl\u0131 bir cilt bariyeri, v\u00fccudun d\u0131\u015f etkenlere kar\u015f\u0131 ilk ve en \u00f6nemli savunma hatt\u0131d\u0131r. Profesyonelcilt bak\u0131m\u0131, cildin nem dengesini korumay\u0131, elastikiyetini art\u0131rmay\u0131 ve \u00e7evresel fakt\u00f6rlerin nedenoldu\u011fu hasarlar\u0131 minimize etmeyi ama\u00e7lar. Cilt tipine uygun olarak se\u00e7ilen do\u011fru i\u00e7erikler, h\u00fccreyenilenmesini destekleyerek cildin daha canl\u0131, p\u00fcr\u00fczs\u00fcz ve sa\u011fl\u0131kl\u0131 bir g\u00f6r\u00fcn\u00fcme kavu\u015fmas\u0131n\u0131sa\u011flar. D\u00fczenli<\/p>\n<a class=\"read-more\" href=\"https:\/\/www.medisinpharma.com\/ar\/cilt-bakim\/\">Read More<\/a>","protected":false},"author":1,"featured_media":0,"parent":0,"menu_order":0,"comment_status":"closed","ping_status":"closed","template":"elementor_header_footer","meta":{"footnotes":""},"class_list":["post-1020","page","type-page","status-publish","hentry"],"_links":{"self":[{"href":"https:\/\/www.medisinpharma.com\/ar\/wp-json\/wp\/v2\/pages\/1020","targetHints":{"allow":["GET"]}}],"collection":[{"href":"https:\/\/www.medisinpharma.com\/ar\/wp-json\/wp\/v2\/pages"}],"about":[{"href":"https:\/\/www.medisinpharma.com\/ar\/wp-json\/wp\/v2\/types\/page"}],"author":[{"embeddable":true,"href":"https:\/\/www.medisinpharma.com\/ar\/wp-json\/wp\/v2\/users\/1"}],"replies":[{"embeddable":true,"href":"https:\/\/www.medisinpharma.com\/ar\/wp-json\/wp\/v2\/comments?post=1020"}],"version-history":[{"count":19,"href":"https:\/\/www.medisinpharma.com\/ar\/wp-json\/wp\/v2\/pages\/1020\/revisions"}],"predecessor-version":[{"id":1390,"href":"https:\/\/www.medisinpharma.com\/ar\/wp-json\/wp\/v2\/pages\/1020\/revisions\/1390"}],"wp:attachment":[{"href":"https:\/\/www.medisinpharma.com\/ar\/wp-json\/wp\/v2\/media?parent=1020"}],"curies":[{"name":"wp","href":"https:\/\/api.w.org\/{rel}","templated":true}]}}